{"id":704,"date":"2023-06-01T18:18:40","date_gmt":"2023-06-01T16:18:40","guid":{"rendered":"https:\/\/consrosario.esteri.it\/servizi-consolari-e-visti\/servizi-per-il-cittadino-italiano\/spid-sistema-pubblico-di-identita-digitale\/"},"modified":"2023-06-01T19:20:23","modified_gmt":"2023-06-01T17:20:23","slug":"spid-sistema-pubblico-di-identita-digitale","status":"publish","type":"page","link":"https:\/\/consrosario.esteri.it\/es\/servizi-consolari-e-visti\/servizi-per-il-cittadino-italiano\/spid-sistema-pubblico-di-identita-digitale\/","title":{"rendered":"SPID &#8211; Sistema P\u00fablico de Identidad Digital"},"content":{"rendered":"<p style=\"text-align: justify;\"><strong>Qu\u00e9 es\u00a0SPID<\/strong><\/p>\n<p style=\"text-align: justify;\">El Sistema P\u00fablico de Identidad Digital (<strong>SPID<\/strong>)\u00a0<strong>es la clave de acceso simple<\/strong>, r\u00e1pida y segura a los servicios digitales de las administraciones locales y centrales.<\/p>\n<p><img loading=\"lazy\" decoding=\"async\" class=\"alignnone size-medium wp-image-686 img-fluid aligncenter\" src=\"https:\/\/consrosario.esteri.it\/wp-content\/uploads\/2023\/06\/cos-e-spid-37-300x291.png\" alt=\"\" width=\"300\" height=\"291\" srcset=\"https:\/\/consrosario.esteri.it\/wp-content\/uploads\/2023\/06\/cos-e-spid-37-300x291.png 300w, https:\/\/consrosario.esteri.it\/wp-content\/uploads\/2023\/06\/cos-e-spid-37-1024x992.png 1024w, https:\/\/consrosario.esteri.it\/wp-content\/uploads\/2023\/06\/cos-e-spid-37-768x744.png 768w, https:\/\/consrosario.esteri.it\/wp-content\/uploads\/2023\/06\/cos-e-spid-37.png 1074w\" sizes=\"auto, (max-width: 300px) 100vw, 300px\" \/><\/p>\n<p>&nbsp;<\/p>\n<p style=\"text-align: justify;\">Una\u00a0<strong>\u00fanica credencial<\/strong>\u00a0(usuario y password) que representa la identidad digital y personal de cada ciudadano, con la\u00a0cual es reconocido por la Administraci\u00f3n P\u00fablica para utilizar los servicios digitales de forma personalizada y segura.<br \/>\n<strong>SPID<\/strong>\u00a0tambi\u00e9n permite el acceso a servicios p\u00fablicos de los estados miembros de la\u00a0<a href=\"https:\/\/www.eid.gov.it\/abilita-eidas\" target=\"_blank\" rel=\"noopener\"><strong>Uni\u00f3n Europea<\/strong><\/a>\u00a0y de empresas o comerciantes que lo hayan elegido como herramienta de identificaci\u00f3n.<br \/>\nCon el sistema de acceso en el que se basa\u00a0<strong>SPID<\/strong>, la Administraci\u00f3n P\u00fablica est\u00e1 a\u00fan m\u00e1s cerca de los ciudadanos. Al garantizar a todos una modalidad de acceso a los servicios en l\u00ednea, que\u00a0sea siempre igual e intuitiva,\u00a0<strong>SPID<\/strong>\u00a0facilita el uso de los servicios en l\u00ednea y simplifica la relaci\u00f3n de los ciudadanos con las oficinas p\u00fablicas.<br \/>\nEl sector privado tambi\u00e9n puede beneficiarse de la identidad digital mejorando la experiencia del usuario y la gesti\u00f3n de los datos personales de sus clientes.<\/p>\n<p style=\"text-align: justify;\">\u00bfQu\u00e9 esperas? Con SPID te registras una vez y no lo tienes que pensar m\u00e1s.<\/p>\n<p style=\"text-align: justify;\"><strong>Como\u00a0activar SPID<\/strong><\/p>\n<p>&nbsp;<\/p>\n<table class=\"table\">\n<tbody>\n<tr valign=\"top\">\n<td><img loading=\"lazy\" decoding=\"async\" class=\"alignnone size-full wp-image-688 img-fluid\" src=\"https:\/\/consrosario.esteri.it\/wp-content\/uploads\/2023\/06\/icon_1.jpg\" alt=\"\" width=\"141\" height=\"177\" \/><\/td>\n<td>\u00a0<img loading=\"lazy\" decoding=\"async\" class=\"alignnone size-full wp-image-690 img-fluid\" src=\"https:\/\/consrosario.esteri.it\/wp-content\/uploads\/2023\/06\/icon_2.jpg\" alt=\"\" width=\"146\" height=\"168\" \/><\/td>\n<td><img loading=\"lazy\" decoding=\"async\" class=\"alignnone size-full wp-image-692 img-fluid\" src=\"https:\/\/consrosario.esteri.it\/wp-content\/uploads\/2023\/06\/icon_3.jpg\" alt=\"\" width=\"133\" height=\"174\" \/><\/td>\n<\/tr>\n<tr valign=\"top\">\n<td>\u00a0<strong>Prepara<\/strong><\/p>\n<ul>\n<li>un documento de identidad<br \/>\nitaliano<\/li>\n<li>la tarjeta sanitaria o<br \/>\ntu c\u00f3digo fiscal<\/li>\n<li>una\u00a0direcci\u00f3n de mail\u00a0y<br \/>\nun n\u00famero de celular<\/li>\n<\/ul>\n<\/td>\n<td>Accede al sitio de uno de los<br \/>\n<a href=\"https:\/\/www.spid.gov.it\/cos-e-spid\/come-scegliere-tra-gli-idp\/\" target=\"_blank\" rel=\"noopener\"><strong>gestores de identidad digital<\/strong><\/a><br \/>\n(Identity Provider)<br \/>\nreconocidos\u00a0y vigilados\u00a0por<br \/>\nAgID.<\/td>\n<td><strong>Procede con la activaci\u00f3n<\/strong><\/p>\n<ul>\n<li>reg\u00edstrate<\/li>\n<li>efectua el<br \/>\nreconocimiento<\/li>\n<\/ul>\n<\/td>\n<\/tr>\n<tr valign=\"top\">\n<td colspan=\"3\">\n<hr \/>\n<\/td>\n<\/tr>\n<tr valign=\"top\">\n<td><img loading=\"lazy\" decoding=\"async\" class=\"alignnone size-full wp-image-695 img-fluid\" src=\"https:\/\/consrosario.esteri.it\/wp-content\/uploads\/2023\/06\/icon_4.jpg\" alt=\"\" width=\"144\" height=\"171\" \/><\/td>\n<td><img loading=\"lazy\" decoding=\"async\" class=\"alignnone size-full wp-image-697 img-fluid\" src=\"https:\/\/consrosario.esteri.it\/wp-content\/uploads\/2023\/06\/icon_5.jpg\" alt=\"\" width=\"143\" height=\"175\" \/><\/td>\n<td><\/td>\n<\/tr>\n<tr valign=\"top\">\n<td><strong>Modalidades de reconocimiento<\/strong><\/p>\n<ul>\n<li>en\u00a0persona<\/li>\n<li>via webcam<\/li>\n<li>audio-video con pago<\/li>\n<li>CIE, CNS o firma digital<\/li>\n<\/ul>\n<\/td>\n<td><strong>Las diferencias\u00a0entre\u00a0los<br \/>\nniveles de seguridad<\/strong><\/p>\n<ul>\n<li>nivel\u00a01<\/li>\n<li>nivel\u00a02<\/li>\n<li>nivel\u00a03<\/li>\n<\/ul>\n<\/td>\n<td><\/td>\n<\/tr>\n<tr valign=\"top\">\n<td colspan=\"3\">\n<hr \/>\n<\/td>\n<\/tr>\n<\/tbody>\n<\/table>\n<p style=\"text-align: justify;\">Documentos necesarios<\/p>\n<p style=\"text-align: justify;\">Antes de activar\u00a0<strong>SPID<\/strong>, aseg\u00farate de tener:<\/p>\n<ul style=\"text-align: justify;\">\n<li>un documento italiano v\u00e1lido (carta de identidad, permiso de conducir, pasaporte);<\/li>\n<li>tu\u00a0tarjeta sanitaria (o tarjeta de identificaci\u00f3n fiscal, o el certificado de atribuci\u00f3n de una de las dos);<\/li>\n<li>tu correo electr\u00f3nico y tu n\u00famero de m\u00f3vil.<\/li>\n<\/ul>\n<p style=\"text-align: justify;\">Elige tu gestor de identidad digital<\/p>\n<p style=\"text-align: justify;\">Para proceder\u00a0con la activaci\u00f3n,\u00a0elige uno\u00a0entre los\u00a0<a href=\"https:\/\/www.spid.gov.it\/cos-e-spid\/come-scegliere-tra-gli-idp\/\" target=\"_blank\" rel=\"noopener\"><strong>gestores de identidad habilitados<\/strong><\/a>\u00a0(Identity provider) y reg\u00edstrate en la\u00a0p\u00e1gina del gestor que hayas elegido, siguiendo los pasos\u00a0indicados:<\/p>\n<ol style=\"text-align: justify;\">\n<li>ingresa tus datos personales;<\/li>\n<li>crea tus credenciales SPID;<\/li>\n<li>realiza el reconocimiento, eligiendo entre los m\u00e9todos gratuitos o de pago ofrecidos por los gestores de identidad,\u00a0inf\u00f3rmate antes de proceder a la activaci\u00f3n.<\/li>\n<\/ol>\n<p style=\"text-align: justify;\"><strong>El SPID\u00a0para\u00a0los italianos en el exterior<\/strong><\/p>\n<p style=\"text-align: justify;\">Tambi\u00e9n los\u00a0<strong>ciudadanos italianos residentes en el exterior\u00a0<\/strong>pueden obtener las credenciales del\u00a0<strong>Sistema P\u00fablico de Identidad Digital.<\/strong><\/p>\n<p style=\"text-align: justify;\"><strong>SPID<\/strong>\u00a0permite a los ciudadanos y a las empresas acceder a los servicios en l\u00ednea de la Administraci\u00f3n P\u00fablica y\u00a0a los\u00a0privados que adhieren, utilizando\u00a0<strong>una identidad digital \u00fanica<\/strong>.<\/p>\n<p style=\"text-align: justify;\">Un ciudadano italiano podr\u00eda tener necesidad de tener\u00a0<strong>SPID<\/strong>\u00a0<strong>para comunicar con la Administraci\u00f3n P\u00fablica<\/strong>, consultar\u00a0<strong>documentos y tr\u00e1mites<\/strong>, solicitar\u00a0<strong>certificados y declaraci\u00f3nes<\/strong>, controlar su situaci\u00f3n de\u00a0impositiva y realizar muchas otras operaciones.<\/p>\n<p style=\"text-align: justify;\">Para obtener la identidad digital, los ciudadanos italianos en el exterior que\u00a0<strong>hayan cumplido 18 a\u00f1os<\/strong>\u00a0deber\u00e1n disponer de\u00a0los siguientes requisitos:<\/p>\n<ul style=\"text-align: justify;\">\n<li>un documento de identidad italiano v\u00e1lido\u00a0a lecci\u00f3n\u00a0entre una\u00a0carta de identidad, pasaporte y permiso de conducir;<\/li>\n<li>un c\u00f3digo fiscal italiano v\u00e1lido, tarjeta sanitaria o, alternativamente, el certificado de atribuci\u00f3n;<\/li>\n<li>Una direcci\u00f3n de correo electr\u00f3nico;<\/li>\n<li>un n\u00famero de m\u00f3vil,\u00a0puede ser\u00a0extranjero.<\/li>\n<\/ul>\n<p style=\"text-align: justify;\">Los solicitantes que no posean\u00a0<strong>c\u00f3digo fiscal<\/strong>\u00a0pueden solicitarlo en el Consulado italiano al que pertenecen.<\/p>\n<p style=\"text-align: justify;\">El otorgamiento\u00a0de las\u00a0credenciales\u00a0<strong>es gratuito<\/strong>, salvo\u00a0<strong>algunas modalidades de reconocimiento<\/strong>\u00a0que pueden estar sujetas a\u00a0<strong>pago<\/strong>. De hecho, la obtenci\u00f3n de las credenciales SPID (nombre de usuario y password) est\u00e1 sujeta a un\u00a0<strong>proceso de identificaci\u00f3n<\/strong>\u00a0del usuario por parte de un\u00a0<a href=\"https:\/\/www.spid.gov.it\/cos-e-spid\/come-scegliere-tra-gli-idp\/\" target=\"_blank\" rel=\"noopener\"><strong>gestor de identidades<\/strong><\/a>\u00a0(Identity Provider). El reconocimiento puede realizarse\u00a0online, mediante\u00a0la registraci\u00f3n\u00a0con\u00a0<strong>Tarjeta\u00a0Nacional de Servicio, C\u00e9dula de Identidad Electr\u00f3nica, audio video y transferencia bancaria, pasaporte biom\u00e9trico o por videollamada<\/strong>.<\/p>\n<p style=\"text-align: justify;\">La solicitud de las credenciales SPID se realiza mediante el registro en el sitio de un\u00a0<strong><a href=\"https:\/\/www.spid.gov.it\/cos-e-spid\/come-scegliere-tra-gli-idp\/\" target=\"_blank\" rel=\"noopener\">IdP<\/a><\/strong>\u00a0acreditado\u00a0ante la\u00a0AgID. Cada IdP ofrece diferentes m\u00e9todos de solicitud y obtenci\u00f3n de SPID y el usuario puede elegir libremente el operador a trav\u00e9s del cual realizar el tr\u00e1mite de la forma que considere m\u00e1s sencilla, bastar\u00e1 con seleccionar un m\u00e9todo de reconocimiento online\u00a0identificado con el s\u00edmbolo de la UE o del mundo (y por tanto disponible incluso fuera de Italia).<\/p>\n","protected":false},"excerpt":{"rendered":"Qu\u00e9 es\u00a0SPID El Sistema P\u00fablico de Identidad Digital (SPID)\u00a0es la clave de acceso simple, r\u00e1pida y segura a los servicios digitales de las administraciones locales y centrales. &nbsp; Una\u00a0\u00fanica credencial\u00a0(usuario y password) que representa la identidad digital y personal de cada ciudadano, con la\u00a0cual es reconocido por la Administraci\u00f3n P\u00fablica para utilizar los servicios digitales [&hellip;]","protected":false},"author":5,"featured_media":0,"parent":195,"menu_order":0,"comment_status":"closed","ping_status":"closed","template":"","meta":{"footnotes":""},"class_list":["post-704","page","type-page","status-publish","hentry"],"_links":{"self":[{"href":"https:\/\/consrosario.esteri.it\/es\/wp-json\/wp\/v2\/pages\/704","targetHints":{"allow":["GET"]}}],"collection":[{"href":"https:\/\/consrosario.esteri.it\/es\/wp-json\/wp\/v2\/pages"}],"about":[{"href":"https:\/\/consrosario.esteri.it\/es\/wp-json\/wp\/v2\/types\/page"}],"author":[{"embeddable":true,"href":"https:\/\/consrosario.esteri.it\/es\/wp-json\/wp\/v2\/users\/5"}],"replies":[{"embeddable":true,"href":"https:\/\/consrosario.esteri.it\/es\/wp-json\/wp\/v2\/comments?post=704"}],"version-history":[{"count":0,"href":"https:\/\/consrosario.esteri.it\/es\/wp-json\/wp\/v2\/pages\/704\/revisions"}],"up":[{"embeddable":true,"href":"https:\/\/consrosario.esteri.it\/es\/wp-json\/wp\/v2\/pages\/195"}],"wp:attachment":[{"href":"https:\/\/consrosario.esteri.it\/es\/wp-json\/wp\/v2\/media?parent=704"}],"curies":[{"name":"wp","href":"https:\/\/api.w.org\/{rel}","templated":true}]}}