{"id":713,"date":"2023-06-01T20:06:56","date_gmt":"2023-06-01T23:06:56","guid":{"rendered":"https:\/\/consrosario.esteri.it\/chi-siamo\/la-sede\/prenota-lappuntamento\/"},"modified":"2025-10-24T15:47:55","modified_gmt":"2025-10-24T18:47:55","slug":"prenota-lappuntamento","status":"publish","type":"page","link":"https:\/\/consrosario.esteri.it\/es\/chi-siamo\/gli-uffici\/prenota-lappuntamento\/","title":{"rendered":"Solicite su turno"},"content":{"rendered":"<p style=\"text-align: justify;\">Actualmente se pueden solicitar online solamente los turnos para los siguientes servicios:<\/p>\n<ul>\n<li style=\"text-align: justify;\">Solicitud de pasaportes (<a href=\"https:\/\/consrosario.esteri.it\/es\/servizi-consolari-e-visti\/servizi-per-il-cittadino-italiano\/passaporti-e-carte-didentita\/\"><strong>cliquear aqu\u00ed<\/strong><\/a> para verificar los requisitos).<\/li>\n<li style=\"text-align: justify;\">Carta d&#8217;Identit\u00e0 elettronica (<a href=\"https:\/\/consrosario.esteri.it\/es\/servizi-consolari-e-visti\/servizi-per-il-cittadino-italiano\/carta-didentita-elettronica-cie\/\"><strong>cliquear aqu\u00ed<\/strong><\/a> para verificar los requisitos).<\/li>\n<li style=\"text-align: justify;\">Consentimiento para la emisi\u00f3n del pasaporte (<a href=\"https:\/\/consrosario.esteri.it\/es\/servizi-consolari-e-visti\/servizi-per-il-cittadino-italiano\/passaporti-e-carte-didentita\/assenso-allemissione-del-passaporto\/\"><strong>cliquear aqu\u00ed<\/strong><\/a> para verificar los requisitos).<\/li>\n<li style=\"text-align: justify;\">Ciudadan\u00eda iure sanguinis (<a href=\"https:\/\/consrosario.esteri.it\/es\/servizi-consolari-e-visti\/servizi-per-il-cittadino-straniero\/cittadinanza_n\/cittadinanza-e-adozione\/\"><strong>cliquear aqu\u00ed<\/strong><\/a> para verificar los requisitos).<\/li>\n<li style=\"text-align: justify;\">Legalizaci\u00f3n de actas (<a href=\"https:\/\/consrosario.esteri.it\/es\/servizi-consolari-e-visti\/servizi-per-il-cittadino-italiano\/servizi-notarili\/\"><strong>cliquear aqu\u00ed<\/strong><\/a> para verificar los requisitos).<\/li>\n<li style=\"text-align: justify;\">Legalizaci\u00f3n de documentos para la naturalizaci\u00f3n por matrimonio (<a href=\"https:\/\/consrosario.esteri.it\/es\/servizi-consolari-e-visti\/servizi-per-il-cittadino-straniero\/cittadinanza\/cittadinanza-al-coniuge-iure-matrimonii\/\"><strong>cliquear aqu\u00ed<\/strong><\/a> para verificar los requisitos).<\/li>\n<li style=\"text-align: justify;\">Declaraci\u00f3n de valor (<a href=\"https:\/\/consrosario.esteri.it\/es\/servizi-consolari-e-visti\/servizi-per-il-cittadino-italiano\/servizi-notarili\/\"><strong>cliquear aqu\u00ed<\/strong><\/a> para verificar los requisitos).<\/li>\n<li style=\"text-align: justify;\">Solicitud de c\u00f3digo fiscal (<a href=\"https:\/\/consrosario.esteri.it\/es\/servizi-consolari-e-visti\/servizi-per-il-cittadino-italiano\/servizi-notarili\/\"><strong>cliq<\/strong><strong>u<\/strong><strong>ear aqu\u00ed <\/strong><\/a>para verificar los requisitos).<\/li>\n<li style=\"text-align: justify;\">Uniones convivenciales (<a href=\"https:\/\/consrosario.esteri.it\/es\/servizi-consolari-e-visti\/servizi-per-il-cittadino-italiano\/stato-civile\/\"><strong>cliquear aqu\u00ed<\/strong><\/a> para verificar los requisitos).<\/li>\n<li style=\"text-align: justify;\">Certificaci\u00f3n de fotocopias (<a href=\"https:\/\/consrosario.esteri.it\/es\/servizi-consolari-e-visti\/servizi-per-il-cittadino-italiano\/servizi-notarili\/\"><strong>cliquear aqu\u00ed<\/strong><\/a> para verificar los requisitos).<\/li>\n<\/ul>\n<p style=\"text-align: justify;\"><strong>Para acceder al servicio solicitud de turnos on-line, <a href=\"https:\/\/prenotami.esteri.it\" target=\"_blank\" rel=\"noopener\">cliquear aqu\u00ed<\/a>.<\/strong><\/p>\n<p><span style=\"text-decoration: underline;\">D\u00edas y horarios de los turnos<\/span>:<\/p>\n<table>\n<tbody>\n<tr>\n<td valign=\"bottom\"><strong>Servicio<\/strong><\/td>\n<td valign=\"bottom\"><strong>D\u00eda\/s de apertura\u00a0<\/strong><\/td>\n<td valign=\"bottom\"><strong>Horario de apertura<\/strong><\/td>\n<\/tr>\n<tr>\n<td valign=\"bottom\">Pasaportes<\/td>\n<td valign=\"bottom\">Domingos a jueves<\/td>\n<td valign=\"bottom\">19:00<\/td>\n<\/tr>\n<tr>\n<td valign=\"bottom\">Ciudadan\u00eda iure sanguinis<\/td>\n<td valign=\"bottom\">Domingos a jueves<\/td>\n<td valign=\"bottom\">18:00<\/td>\n<\/tr>\n<tr>\n<td valign=\"bottom\">Carta d&#8217;Identit\u00e0 Elettronica<\/td>\n<td valign=\"bottom\">Domingos a Jueves<\/td>\n<td valign=\"bottom\">20:00<\/td>\n<\/tr>\n<tr>\n<td valign=\"bottom\">Legalizaci\u00f3n de actas<\/td>\n<td valign=\"bottom\">Martes<\/td>\n<td valign=\"bottom\">20:00<\/td>\n<\/tr>\n<tr>\n<tr>\n<td valign=\"bottom\">Legalizaci\u00f3n de documentos para la naturalizaci\u00f3n por matrimonio<\/td>\n<td valign=\"bottom\">Mi\u00e9rcoles<\/td>\n<td valign=\"bottom\">20:00<\/td>\n<\/tr>\n<tr>\n<td valign=\"bottom\">Solicitud de c\u00f3digos fiscales<\/td>\n<td valign=\"bottom\">Domingos<\/td>\n<td valign=\"bottom\">20:00<\/td>\n<\/tr>\n<tr>\n<td valign=\"bottom\">Consentimiento para la emisi\u00f3n del pasaporte<\/td>\n<td valign=\"bottom\">Domingos y mi\u00e9rcoles<\/td>\n<td valign=\"bottom\">20:00<\/td>\n<\/tr>\n<tr>\n<td valign=\"bottom\">Uniones convivenciales<\/td>\n<td valign=\"bottom\">Domingos<\/td>\n<td valign=\"bottom\">20:00<\/td>\n<\/tr>\n<tr>\n<td valign=\"bottom\">Declaraciones de valor<\/td>\n<td valign=\"bottom\">Domingos a jueves<\/td>\n<td valign=\"bottom\">20:00<\/td>\n<\/tr>\n<tr>\n<td valign=\"bottom\">Certificaci\u00f3n de fotocopias<\/td>\n<td valign=\"bottom\">Martes<\/td>\n<td valign=\"bottom\">20:00<\/td>\n<\/tr>\n<\/tbody>\n<\/table>\n<p>&nbsp;<\/p>\n<p><strong><span style=\"text-decoration: underline;\">Nueva direcci\u00f3n de correo electr\u00f3nico, dedicada exclusivamente a problemas inform\u00e1ticos<\/span><\/strong><\/p>\n<p style=\"text-align: justify;\">Este Consulado General puso a disposici\u00f3n una casilla de correo electr\u00f3nico, <span style=\"text-decoration: underline;\">rosario.informatica@esteri.it<\/span>, dedicada exclusivamente a la resoluci\u00f3n de problemas inform\u00e1ticos relacionados con el acceso a los portales en l\u00ednea del Consulado General de Italia en Rosario (Prenot@mi y FastIt), como por ejemplo el bloqueo de la cuenta o la imposibilidad de registrarse.<br \/>\nCabe se\u00f1alar que al correo electr\u00f3nico antes mencionado <strong>no se debe escribir para solicitar turnos o por la falta de los mismos<\/strong>, ya que la disponibilidad de los turnos depende exclusivamente de la capacidad operativa de cada oficina y no se refiere al aspecto inform\u00e1tico de la asignaci\u00f3n de los mismos.<br \/>\nPor \u00faltimo, se recuerda que tanto Prenot@mi como FastIt se gestionan de forma centralizada en Roma, por lo que este Consulado General<strong> no puede intervenir en los casos en que los portales no se encuentren disponibles por mantenimiento o por sobrecarga<\/strong>.<\/p>\n","protected":false},"excerpt":{"rendered":"Actualmente se pueden solicitar online solamente los turnos para los siguientes servicios: Solicitud de pasaportes (cliquear aqu\u00ed para verificar los requisitos). Carta d&#8217;Identit\u00e0 elettronica (cliquear aqu\u00ed para verificar los requisitos). Consentimiento para la emisi\u00f3n del pasaporte (cliquear aqu\u00ed para verificar los requisitos). Ciudadan\u00eda iure sanguinis (cliquear aqu\u00ed para verificar los requisitos). Legalizaci\u00f3n de actas (cliquear [&hellip;]","protected":false},"author":5,"featured_media":0,"parent":165,"menu_order":0,"comment_status":"closed","ping_status":"closed","template":"","meta":{"footnotes":""},"class_list":["post-713","page","type-page","status-publish","hentry"],"_links":{"self":[{"href":"https:\/\/consrosario.esteri.it\/es\/wp-json\/wp\/v2\/pages\/713","targetHints":{"allow":["GET"]}}],"collection":[{"href":"https:\/\/consrosario.esteri.it\/es\/wp-json\/wp\/v2\/pages"}],"about":[{"href":"https:\/\/consrosario.esteri.it\/es\/wp-json\/wp\/v2\/types\/page"}],"author":[{"embeddable":true,"href":"https:\/\/consrosario.esteri.it\/es\/wp-json\/wp\/v2\/users\/5"}],"replies":[{"embeddable":true,"href":"https:\/\/consrosario.esteri.it\/es\/wp-json\/wp\/v2\/comments?post=713"}],"version-history":[{"count":6,"href":"https:\/\/consrosario.esteri.it\/es\/wp-json\/wp\/v2\/pages\/713\/revisions"}],"predecessor-version":[{"id":10420,"href":"https:\/\/consrosario.esteri.it\/es\/wp-json\/wp\/v2\/pages\/713\/revisions\/10420"}],"up":[{"embeddable":true,"href":"https:\/\/consrosario.esteri.it\/es\/wp-json\/wp\/v2\/pages\/165"}],"wp:attachment":[{"href":"https:\/\/consrosario.esteri.it\/es\/wp-json\/wp\/v2\/media?parent=713"}],"curies":[{"name":"wp","href":"https:\/\/api.w.org\/{rel}","templated":true}]}}