{"id":7321,"date":"2025-04-01T16:35:06","date_gmt":"2025-04-01T19:35:06","guid":{"rendered":"https:\/\/consrosario.esteri.it\/?page_id=7321"},"modified":"2026-01-15T15:51:45","modified_gmt":"2026-01-15T18:51:45","slug":"referendum-abrogativi-2025","status":"publish","type":"page","link":"https:\/\/consrosario.esteri.it\/es\/servizi-consolari-e-visti\/servizi-per-il-cittadino-italiano\/servizi-elettorali\/referendum-abrogativi-2025\/","title":{"rendered":"Refer\u00e9ndum Derogatorios 2025"},"content":{"rendered":"<p align=\"center\"><img loading=\"lazy\" decoding=\"async\" class=\"alignnone size-large wp-image-7683 img-fluid\" src=\"https:\/\/consrosario.esteri.it\/wp-content\/uploads\/2025\/04\/1-1024x576.jpg\" alt=\"\" width=\"640\" height=\"360\" srcset=\"https:\/\/consrosario.esteri.it\/wp-content\/uploads\/2025\/04\/1-1024x576.jpg 1024w, https:\/\/consrosario.esteri.it\/wp-content\/uploads\/2025\/04\/1-300x169.jpg 300w, https:\/\/consrosario.esteri.it\/wp-content\/uploads\/2025\/04\/1-768x432.jpg 768w, https:\/\/consrosario.esteri.it\/wp-content\/uploads\/2025\/04\/1.jpg 1600w\" sizes=\"auto, (max-width: 640px) 100vw, 640px\" \/><\/p>\n<p><strong>Todas las informaciones, comunicados, formularios y calendario ser\u00e1n publicados en esta secci\u00f3n.<\/strong><\/p>\n<p>Se solicita enviar las solicitudes referidas a las elecciones \u00fanicamente a la casilla de mail: <a href=\"mailto:elettorale.rosario@esteri.it\"><strong>elettorale.rosario@esteri.it<\/strong><\/a>.<\/p>\n<p><span style=\"text-decoration: underline;\">Comunicaciones\u00a0<\/span><\/p>\n<p>28\/05\/2025 &#8211; <a href=\"https:\/\/consrosario.esteri.it\/es\/news\/dal_consolato\/2025\/05\/referendum-abrogativi-2025-documentazione-necessaria-per-il-rilascio-dei-duplicati-e-modalita-di-consegna\/\">Dcumentaci\u00f3n necesaria para la entrega de duplicados y modalidad de entrega<\/a><br \/>\n21\/05\/2025 &#8211; <a href=\"https:\/\/consrosario.esteri.it\/es\/news\/dal_consolato\/2025\/05\/referendum-abrogativi-2025-rilascio-dei-duplicati\/\">Entrega de duplicados<\/a><br \/>\n09\/05\/2025 &#8211; <a href=\"https:\/\/consrosario.esteri.it\/wp-content\/uploads\/2025\/05\/15.2-Foglio-illustrativo-retro-del-foglio-informativo.pdf\">Publicaci\u00f3n de la \u00abHoja de ilustraci\u00f3n \u2013 Como se vota \u2013 Instrucciones como devolver las boletas votadas\u00bb<\/a><br \/>\n09\/05\/2025 &#8211; <a href=\"https:\/\/consrosario.esteri.it\/wp-content\/uploads\/2025\/05\/15.1-Foglio-informativo.pdf\">Publicaci\u00f3n de la \u00abHoja de informaci\u00f3n \u2013 Instrucciones para los Electores\u00bb<\/a><br \/>\n10\/04\/2025 &#8211; <a href=\"https:\/\/consrosario.esteri.it\/it\/news\/dal_consolato\/2025\/04\/referendum-abrogativi-ex-art-75-della-costituzione-8-9-giugno-2025-elettori-temporaneamente-allestero\/\">Elettori temporaneamente all&#8217;estero<\/a><br \/>\n03\/04\/2025 &#8211; <a href=\"https:\/\/consrosario.esteri.it\/es\/news\/dal_consolato\/2025\/04\/referendum-abrogativi-2025\/\">Refer\u00e9ndums derogatorios 2025 &#8211; Comunicaci\u00f3n informativa<\/a><br \/>\n01\/04\/2025 &#8211; <a href=\"https:\/\/consrosario.esteri.it\/es\/news\/dal_consolato\/2025\/04\/referendum-abrogativi-dell08-09-06-2025\/\">Voto por correo de los ciudadanos italianos residentes en el exterior y opci\u00f3n para el voto en Italia<\/a><\/p>\n<p>&nbsp;<\/p>\n<p><span style=\"text-decoration: underline;\">Formularios<\/span><\/p>\n<p>Formulario para ejercer la opci\u00f3n de voto en Italia [<strong><a href=\"https:\/\/consrosario.esteri.it\/wp-content\/uploads\/2025\/04\/SPA-Modulo_di_opzione_Referendum_2025.doc\">cliquear aqu\u00ed<\/a><\/strong>]<br \/>\nFormulario para solicitar un duplicado [<a href=\"https:\/\/consrosario.esteri.it\/wp-content\/uploads\/2025\/05\/MODULO-RICHIESTA-DUPLICATO.pdf\"><strong>cliquear aqu\u00ed<\/strong><\/a>]<\/p>\n","protected":false},"excerpt":{"rendered":"Todas las informaciones, comunicados, formularios y calendario ser\u00e1n publicados en esta secci\u00f3n. Se solicita enviar las solicitudes referidas a las elecciones \u00fanicamente a la casilla de mail: elettorale.rosario@esteri.it. Comunicaciones\u00a0 28\/05\/2025 &#8211; Dcumentaci\u00f3n necesaria para la entrega de duplicados y modalidad de entrega 21\/05\/2025 &#8211; Entrega de duplicados 09\/05\/2025 &#8211; Publicaci\u00f3n de la \u00abHoja de ilustraci\u00f3n [&hellip;]","protected":false},"author":5,"featured_media":0,"parent":204,"menu_order":0,"comment_status":"closed","ping_status":"closed","template":"","meta":{"footnotes":""},"class_list":["post-7321","page","type-page","status-publish","hentry"],"_links":{"self":[{"href":"https:\/\/consrosario.esteri.it\/es\/wp-json\/wp\/v2\/pages\/7321","targetHints":{"allow":["GET"]}}],"collection":[{"href":"https:\/\/consrosario.esteri.it\/es\/wp-json\/wp\/v2\/pages"}],"about":[{"href":"https:\/\/consrosario.esteri.it\/es\/wp-json\/wp\/v2\/types\/page"}],"author":[{"embeddable":true,"href":"https:\/\/consrosario.esteri.it\/es\/wp-json\/wp\/v2\/users\/5"}],"replies":[{"embeddable":true,"href":"https:\/\/consrosario.esteri.it\/es\/wp-json\/wp\/v2\/comments?post=7321"}],"version-history":[{"count":7,"href":"https:\/\/consrosario.esteri.it\/es\/wp-json\/wp\/v2\/pages\/7321\/revisions"}],"predecessor-version":[{"id":11521,"href":"https:\/\/consrosario.esteri.it\/es\/wp-json\/wp\/v2\/pages\/7321\/revisions\/11521"}],"up":[{"embeddable":true,"href":"https:\/\/consrosario.esteri.it\/es\/wp-json\/wp\/v2\/pages\/204"}],"wp:attachment":[{"href":"https:\/\/consrosario.esteri.it\/es\/wp-json\/wp\/v2\/media?parent=7321"}],"curies":[{"name":"wp","href":"https:\/\/api.w.org\/{rel}","templated":true}]}}