{"id":771,"date":"2023-06-05T13:41:19","date_gmt":"2023-06-05T11:41:19","guid":{"rendered":"https:\/\/consrosario.esteri.it\/chi-siamo\/la-sede\/rosita-nuovo-assistente-virtuale-del-consolato-generale-ditalia-a-rosario\/"},"modified":"2023-06-05T13:45:28","modified_gmt":"2023-06-05T11:45:28","slug":"rosita-nuovo-assistente-virtuale-del-consolato-generale-ditalia-a-rosario","status":"publish","type":"page","link":"https:\/\/consrosario.esteri.it\/es\/chi-siamo\/contatti\/rosita-nuovo-assistente-virtuale-del-consolato-generale-ditalia-a-rosario\/","title":{"rendered":"RosIta: Nuevo asistente virtual del Consulado General de Italia en Rosario"},"content":{"rendered":"<p style=\"text-align: justify;\">El Consulado General de Italia en Rosario, con el fin de facilitar el acceso a la informaci\u00f3n relativa a los servicios consulares, ha puesto en marcha un<strong>\u00a0nuevo servicio de informaci\u00f3n online<\/strong>\u00a0a trav\u00e9s de la plataforma WhatsApp.<\/p>\n<p style=\"text-align: justify;\">Comunic\u00e1ndose al n\u00famero\u00a0<strong><a href=\"https:\/\/wa.me\/5493412587798\">+54 9 341 2587798<\/a> v\u00eda mensaje de WhatsApp<\/strong>, el asistente virtual\u00a0<em><strong>RosIta<\/strong><\/em>\u00a0responder\u00e1 a las preguntas m\u00e1s frecuentes relacionadas con los servicios de ciudadan\u00eda, pasaportes, registro civil, estado civil, electorales, declaraciones de valor y c\u00f3digos fiscales.<\/p>\n<p style=\"text-align: justify;\"><strong>El servicio es totalmente gratuito y estar\u00e1 disponible las 24 hs.<\/strong><\/p>\n<p style=\"text-align: justify;\">Con el fin de garantizar la privacidad de los usuarios, se ruega no indicar datos personales y\/o contrase\u00f1as ni enviar fotograf\u00edas de documentos personales, ya que no ser\u00e1n procesados.<\/p>\n<p style=\"text-align: justify;\"><strong>El servicio es completamente autom\u00e1tico<\/strong>, por lo que no prev\u00e9 la recepci\u00f3n de mensajes de audio, llamadas telef\u00f3nicas o videollamadas.<\/p>\n<p style=\"text-align: justify;\">La informaci\u00f3n se actualizar\u00e1 peri\u00f3dicamente y se enriquecer\u00e1 con m\u00e1s secciones, noticias y avisos.<\/p>\n","protected":false},"excerpt":{"rendered":"El Consulado General de Italia en Rosario, con el fin de facilitar el acceso a la informaci\u00f3n relativa a los servicios consulares, ha puesto en marcha un\u00a0nuevo servicio de informaci\u00f3n online\u00a0a trav\u00e9s de la plataforma WhatsApp. Comunic\u00e1ndose al n\u00famero\u00a0+54 9 341 2587798 v\u00eda mensaje de WhatsApp, el asistente virtual\u00a0RosIta\u00a0responder\u00e1 a las preguntas m\u00e1s frecuentes relacionadas [&hellip;]","protected":false},"author":5,"featured_media":768,"parent":166,"menu_order":1,"comment_status":"closed","ping_status":"closed","template":"","meta":{"footnotes":""},"class_list":["post-771","page","type-page","status-publish","has-post-thumbnail","hentry"],"_links":{"self":[{"href":"https:\/\/consrosario.esteri.it\/es\/wp-json\/wp\/v2\/pages\/771","targetHints":{"allow":["GET"]}}],"collection":[{"href":"https:\/\/consrosario.esteri.it\/es\/wp-json\/wp\/v2\/pages"}],"about":[{"href":"https:\/\/consrosario.esteri.it\/es\/wp-json\/wp\/v2\/types\/page"}],"author":[{"embeddable":true,"href":"https:\/\/consrosario.esteri.it\/es\/wp-json\/wp\/v2\/users\/5"}],"replies":[{"embeddable":true,"href":"https:\/\/consrosario.esteri.it\/es\/wp-json\/wp\/v2\/comments?post=771"}],"version-history":[{"count":0,"href":"https:\/\/consrosario.esteri.it\/es\/wp-json\/wp\/v2\/pages\/771\/revisions"}],"up":[{"embeddable":true,"href":"https:\/\/consrosario.esteri.it\/es\/wp-json\/wp\/v2\/pages\/166"}],"wp:featuredmedia":[{"embeddable":true,"href":"https:\/\/consrosario.esteri.it\/es\/wp-json\/wp\/v2\/media\/768"}],"wp:attachment":[{"href":"https:\/\/consrosario.esteri.it\/es\/wp-json\/wp\/v2\/media?parent=771"}],"curies":[{"name":"wp","href":"https:\/\/api.w.org\/{rel}","templated":true}]}}