{"id":792,"date":"2023-06-05T20:10:54","date_gmt":"2023-06-05T23:10:54","guid":{"rendered":"https:\/\/consrosario.esteri.it\/servizi-consolari-e-visti\/servizi-per-il-cittadino-italiano\/leva-militare\/"},"modified":"2026-02-04T14:35:33","modified_gmt":"2026-02-04T17:35:33","slug":"leva-militare","status":"publish","type":"page","link":"https:\/\/consrosario.esteri.it\/es\/servizi-consolari-e-visti\/servizi-per-il-cittadino-italiano\/leva-militare\/","title":{"rendered":"Servicio militar"},"content":{"rendered":"<p><strong>SERVICIO MILITAR<\/strong><\/p>\n<p style=\"text-align: justify;\">La Ley del 23 de agosto de 2004, nro. 226 (G.U. n. 204 del 31\/8\/2004), dispone que\u00a0a partir del 1\u00b0 de enero de 2005, luego de la derogaci\u00f3n del servicio militar obligatorio en tiempo de paz, ya no existe la obligaci\u00f3n de presentarse ante el Consulado para \u201cregularizar\u201d la situaci\u00f3n militar.<\/p>\n<p style=\"text-align: justify;\">En el a\u00f1o 2007, fue creado un ej\u00e9rcito de voluntarios abierto tambi\u00e9n para las damas.<\/p>\n<p style=\"text-align: justify;\">Los ciudadanos italianos que deseen regresar al pa\u00eds para prestar el servicio militar voluntario no pueden beneficiarse de las prestaciones previstas por la Ley 433\/66, la cual regula el retorno a cargo del Estado exclusivamente para el cumplimiento de las obligaciones del servicio militar obligatorio.<\/p>\n","protected":false},"excerpt":{"rendered":"SERVICIO MILITAR La Ley del 23 de agosto de 2004, nro. 226 (G.U. n. 204 del 31\/8\/2004), dispone que\u00a0a partir del 1\u00b0 de enero de 2005, luego de la derogaci\u00f3n del servicio militar obligatorio en tiempo de paz, ya no existe la obligaci\u00f3n de presentarse ante el Consulado para \u201cregularizar\u201d la situaci\u00f3n militar. En el [&hellip;]","protected":false},"author":5,"featured_media":0,"parent":195,"menu_order":12,"comment_status":"closed","ping_status":"closed","template":"","meta":{"footnotes":""},"class_list":["post-792","page","type-page","status-publish","hentry"],"_links":{"self":[{"href":"https:\/\/consrosario.esteri.it\/es\/wp-json\/wp\/v2\/pages\/792","targetHints":{"allow":["GET"]}}],"collection":[{"href":"https:\/\/consrosario.esteri.it\/es\/wp-json\/wp\/v2\/pages"}],"about":[{"href":"https:\/\/consrosario.esteri.it\/es\/wp-json\/wp\/v2\/types\/page"}],"author":[{"embeddable":true,"href":"https:\/\/consrosario.esteri.it\/es\/wp-json\/wp\/v2\/users\/5"}],"replies":[{"embeddable":true,"href":"https:\/\/consrosario.esteri.it\/es\/wp-json\/wp\/v2\/comments?post=792"}],"version-history":[{"count":4,"href":"https:\/\/consrosario.esteri.it\/es\/wp-json\/wp\/v2\/pages\/792\/revisions"}],"predecessor-version":[{"id":11876,"href":"https:\/\/consrosario.esteri.it\/es\/wp-json\/wp\/v2\/pages\/792\/revisions\/11876"}],"up":[{"embeddable":true,"href":"https:\/\/consrosario.esteri.it\/es\/wp-json\/wp\/v2\/pages\/195"}],"wp:attachment":[{"href":"https:\/\/consrosario.esteri.it\/es\/wp-json\/wp\/v2\/media?parent=792"}],"curies":[{"name":"wp","href":"https:\/\/api.w.org\/{rel}","templated":true}]}}