{"id":830,"date":"2023-06-13T18:41:31","date_gmt":"2023-06-13T16:41:31","guid":{"rendered":"https:\/\/consrosario.esteri.it\/servizi-consolari-e-visti\/servizi-per-il-cittadino-italiano\/altri-servizi\/albo-consolare\/associazioni-italiane-come-iscriversi-allalbo-consolare\/"},"modified":"2023-06-13T18:52:30","modified_gmt":"2023-06-13T16:52:30","slug":"associazioni-italiane-come-iscriversi-allalbo-consolare","status":"publish","type":"page","link":"https:\/\/consrosario.esteri.it\/es\/servizi-consolari-e-visti\/servizi-per-il-cittadino-italiano\/altri-servizi\/albo-consolare\/associazioni-italiane-come-iscriversi-allalbo-consolare\/","title":{"rendered":"Asociaciones italianas: C\u00f3mo inscribirse en el registro consular"},"content":{"rendered":"<p style=\"text-align: justify;\">Para verificar qu\u00e9 asociaciones est\u00e1n plenamente activas y para valorizar sus iniciativas concretas, se ha creado un Registro de Asociaciones Italianas en el exterior.<\/p>\n<p style=\"text-align: justify;\">En cumplimiento de lo dispuesto por la Circular n. 2 relativo a las \u00abAsociaciones italianas en el exterior\u00bb, publicado por el Ministerio de Asuntos Exteriores el 9 de octubre de 2013, pueden inscribirse en este registro aquellas asociaciones que cumplan los siguientes requisitos:<\/p>\n<p style=\"text-align: justify;\">\u2022 Tener entre los miembros al menos 35 ciudadanos italianos residentes en la circunscripci\u00f3n consular que est\u00e9n registrados en el AIRE (Registro de Italianos Residentes en el Exterior);<\/p>\n<p style=\"text-align: justify;\">\u2022 Realizar actividades concretas que correspondan a los fines principales previstos en su Estatuto y a los intereses de la comunidad y de los asociados que la conforman.<\/p>\n<p style=\"text-align: justify;\">En consecuencia, este Consulado General deber\u00e1 ser debidamente informado por las Asociaciones de las actividades realizadas y procurar\u00e1 evaluar, caso por caso, su concreci\u00f3n y relevancia en el territorio.<\/p>\n<p style=\"text-align: justify;\">Por lo tanto, se invita a todas las asociaciones interesadas a registrarse en el Registro de este Consulado General, a enviar toda la documentaci\u00f3n que acredite el cumplimiento de los requisitos indicados por la legislaci\u00f3n vigente a la siguiente direcci\u00f3n de correo electr\u00f3nico:\u00a0<a href=\"mailto:segreteria.rosario@esteri.it\">segreteria.rosario@esteri.it<\/a><\/p>\n<p style=\"text-align: justify;\">Las solicitudes de registro deben contener la siguiente informaci\u00f3n:<\/p>\n<p style=\"text-align: justify;\">\u2022 nombre exacto de la Asociaci\u00f3n y su direcci\u00f3n completa (incluida la direcci\u00f3n de correo electr\u00f3nico, si posee, y los n\u00fameros de tel\u00e9fonos \u00fatiles);<\/p>\n<p style=\"text-align: justify;\">\u2022 fecha de constituci\u00f3n y fecha eventual registro ante las autoridades locales;<\/p>\n<p style=\"text-align: justify;\">\u2022 prop\u00f3sito principal (debe ser inferible del Estatuto). Cabe se\u00f1alar que todos los fines que no est\u00e1n prohibidos a los individuos por la ley penal est\u00e1n permitidos (art\u00edculo 18 de la Constituci\u00f3n de la Rep\u00fablica Italiana);<\/p>\n<p style=\"text-align: justify;\">\u2022 Capital social;<\/p>\n<p style=\"text-align: justify;\">\u2022 nombres de los representantes legales y titulares de oficinas corporativas;<\/p>\n<p style=\"text-align: justify;\">\u2022 lista de nombres de los socios;<\/p>\n<p style=\"text-align: justify;\">\u2022 n\u00famero de socios presentes en la \u00faltima Asamblea;<\/p>\n<p style=\"text-align: justify;\">\u2022 actividades realizadas en el \u00faltimo a\u00f1o y fecha de ejecuci\u00f3n.<\/p>\n<p style=\"text-align: justify;\">Las solicitudes deber\u00e1n ir acompa\u00f1adas de toda la documentaci\u00f3n \u00fatil para acreditar el cumplimiento de los requisitos, incluida una copia del Estatuto que se conservar\u00e1 en los registros de este Consulado General.<\/p>\n<p style=\"text-align: justify;\">Finalmente, se recuerda que los representantes de las Asociaciones contribuyen a la elecci\u00f3n por sufragio indirecto de los 43 miembros del Consejo General de los Italianos en el Extranjero (CGIE) en representaci\u00f3n de las comunidades italianas en el exterior, adem\u00e1s de los 20 miembros designados por el gobierno.<\/p>\n<p style=\"text-align: justify;\">En este sentido, de acuerdo con lo dispuesto por la ley de creaci\u00f3n del CGIE, Ley n. 368 del 6 de noviembre de 1989, en el art\u00edculo 13, p\u00e1rr. 1 \u00ab<em>Los miembros no gubernamentales del CGIE son elegidos por una asamblea formada para cada pa\u00eds por los miembros de los COMITES debidamente constituidos en los pa\u00edses indicados en el cuadro adjunto a esta ley y por representantes de las asociaciones de las comunidades italianas en un n\u00famero no superior al 30 por ciento de los miembros de los COMITES para los pa\u00edses europeos y del 45 por ciento para los pa\u00edses transoce\u00e1nicos, teniendo en cuenta los requisitos establecidos en el art\u00edculo 4 y las modalidades previstas en las normas de desarrollo a las que se refiere el art\u00edculo 17 que deber\u00e1n garantizar, en t\u00e9rminos de representaci\u00f3n, pluralismo asociativo<\/em>\u201d.<\/p>\n<p style=\"text-align: justify;\">Adem\u00e1s, como lo especifica el art. 7, p\u00e1rr. 1, del Decreto Presidencial n. 329 del 14 de septiembre de 1998, Reglamento por el que se establecen las normas sobre la organizaci\u00f3n del consejo general de los italianos en el exterior, que completa lo dispuesto por el art. 13 de la citada Ley 368\/1989, \u00ab<em>Las asociaciones cuyos representantes puedan ser designados como miembros de la Asamblea, deber\u00e1n inscribirse en un registro especial en la representaci\u00f3n diplom\u00e1tica o consular, con indicaci\u00f3n de la fecha de constituci\u00f3n, los fines estatutarios, el capital social y los nombres de los representantes legales. Deben haber estado operando en el pa\u00eds por lo menos cinco a\u00f1os<\/em>\u201d.<\/p>\n","protected":false},"excerpt":{"rendered":"Para verificar qu\u00e9 asociaciones est\u00e1n plenamente activas y para valorizar sus iniciativas concretas, se ha creado un Registro de Asociaciones Italianas en el exterior. En cumplimiento de lo dispuesto por la Circular n. 2 relativo a las \u00abAsociaciones italianas en el exterior\u00bb, publicado por el Ministerio de Asuntos Exteriores el 9 de octubre de 2013, [&hellip;]","protected":false},"author":5,"featured_media":0,"parent":221,"menu_order":3,"comment_status":"closed","ping_status":"closed","template":"","meta":{"footnotes":""},"class_list":["post-830","page","type-page","status-publish","hentry"],"_links":{"self":[{"href":"https:\/\/consrosario.esteri.it\/es\/wp-json\/wp\/v2\/pages\/830","targetHints":{"allow":["GET"]}}],"collection":[{"href":"https:\/\/consrosario.esteri.it\/es\/wp-json\/wp\/v2\/pages"}],"about":[{"href":"https:\/\/consrosario.esteri.it\/es\/wp-json\/wp\/v2\/types\/page"}],"author":[{"embeddable":true,"href":"https:\/\/consrosario.esteri.it\/es\/wp-json\/wp\/v2\/users\/5"}],"replies":[{"embeddable":true,"href":"https:\/\/consrosario.esteri.it\/es\/wp-json\/wp\/v2\/comments?post=830"}],"version-history":[{"count":0,"href":"https:\/\/consrosario.esteri.it\/es\/wp-json\/wp\/v2\/pages\/830\/revisions"}],"up":[{"embeddable":true,"href":"https:\/\/consrosario.esteri.it\/es\/wp-json\/wp\/v2\/pages\/221"}],"wp:attachment":[{"href":"https:\/\/consrosario.esteri.it\/es\/wp-json\/wp\/v2\/media?parent=830"}],"curies":[{"name":"wp","href":"https:\/\/api.w.org\/{rel}","templated":true}]}}