{"id":8422,"date":"2025-07-03T11:42:57","date_gmt":"2025-07-03T14:42:57","guid":{"rendered":"https:\/\/consrosario.esteri.it\/servizi-consolari-e-visti\/servizi-per-il-cittadino-straniero\/cittadinanza_n\/cittadinanza-e-adozione\/"},"modified":"2025-07-24T10:42:43","modified_gmt":"2025-07-24T13:42:43","slug":"cittadinanza-e-adozione","status":"publish","type":"page","link":"https:\/\/consrosario.esteri.it\/es\/servizi-consolari-e-visti\/servizi-per-il-cittadino-straniero\/cittadinanza_n\/cittadinanza-e-adozione\/","title":{"rendered":"Ciudadan\u00eda y adopci\u00f3n"},"content":{"rendered":"<p style=\"text-align: justify;\">El Decreto-Ley n. 36 del 28 de marzo de 2025 fue convertido con modificaciones en la<strong> Ley n. 74 del 23 de mayo de 2025<\/strong>, con vigencia a partir del 24 de mayo de 2025.<\/p>\n<p style=\"text-align: justify;\">La ley de conversi\u00f3n reforma la Ley n. 91 del 5 de febrero de 1992, cuyo nuevo texto completo est\u00e1 disponible en el siguiente <a href=\"https:\/\/www.normattiva.it\/uri-res\/N2Ls?urn:nir:stato:legge:1992-02-05;91!vig=\">link<\/a>.<\/p>\n<p style=\"text-align: justify;\">Merece especial atenci\u00f3n el <strong>nuevo art\u00edculo 3-bis<\/strong>:<\/p>\n<p style=\"text-align: justify;\">\u201c <em>In deroga agli articoli 1, 2, 3, 14 e 20 della presente legge, all\u2019articolo 5 della legge 21 aprile 1983, n. 123, agli articoli 1, 2, 7, 10, 12 e 19 della legge 13 giugno 1912, n. 555, nonch\u00e9 agli articoli 4, 5, 7, 8 e 9 del codice civile approvato con regio decreto 25 giugno 1865, n. 2358, \u00e8 considerato non avere mai acquistato la cittadinanza italiana chi \u00e8 nato all\u2019estero anche prima della data di entrata in vigore del presente articolo ed \u00e8 in possesso di altra cittadinanza, salvo che ricorra una delle seguenti condizioni:<\/em><\/p>\n<p style=\"text-align: justify;\"><em>a) lo stato di cittadino dell\u2019interessato \u00e8 riconosciuto, nel rispetto della normativa applicabile al 27 marzo 2025, a seguito di domanda, corredata della necessaria documentazione, presentata all\u2019ufficio consolare o al sindaco competenti non oltre le 23:59, ora di Roma, della medesima data;<\/em><\/p>\n<p style=\"text-align: justify;\"><em>a-bis) lo stato di cittadino dell\u2019interessato \u00e8 riconosciuto, nel rispetto della normativa applicabile al 27 marzo 2025, a seguito di domanda, corredata della necessaria documentazione, presentata all\u2019ufficio consolare o al sindaco competenti nel giorno indicato da appuntamento comunicato all\u2019interessato dall\u2019ufficio competente entro le 23:59, ora di Roma, della medesima data del 27 marzo 2025;<\/em><\/p>\n<p style=\"text-align: justify;\"><em>b) lo stato di cittadino dell\u2019interessato \u00e8 accertato giudizialmente, nel rispetto della normativa applicabile al 27 marzo 2025, a seguito di domanda giudiziale presentata non oltre le 23:59, ora di Roma, della medesima data;<\/em><\/p>\n<p style=\"text-align: justify;\"><em>c) un ascendente di primo o di secondo grado possiede, o possedeva al momento della morte, esclusivamente la cittadinanza italiana;<\/em><\/p>\n<p style=\"text-align: justify;\"><em>d) un genitore o adottante \u00e8 stato residente in Italia per almeno due anni continuativi successivamente all\u2019acquisto della cittadinanza italiana e prima della data di nascita o di adozione del figlio.\u00bb<\/em><\/p>\n<p style=\"text-align: justify;\"><strong>Por lo tanto, seg\u00fan la Ley n. 91 de 1992, se reconoce como ciudadano italiano <em>iure sanguinis<\/em> (desde el nacimiento):<\/strong><\/p>\n<ul style=\"text-align: justify;\">\n<li>al solicitante <strong>nacido en Italia<\/strong> en cualquier fecha;<\/li>\n<li>al solicitante que posee exclusivamente la ciudadan\u00eda italiana, es decir, <strong>que no tiene ni puede tener ninguna otra ciudadan\u00eda;<\/strong><\/li>\n<li>al solicitante que se encuentra en <strong>uno de los casos<\/strong> enumerados en las letras <strong>a), a-bis), b), c) y d) del art\u00edculo 3-bis.<\/strong><\/li>\n<\/ul>\n<p style=\"text-align: justify;\"><strong>A la luz de la nueva Ley, se precisa que:<\/strong><\/p>\n<ol style=\"text-align: justify;\">\n<li><strong>Solo las solicitudes presentadas antes de las 23:59 (hora italiana) del 27 de marzo de 2025, acompa\u00f1adas de la documentaci\u00f3n necesaria, seguir\u00e1n la normativa anterior.<\/strong><\/li>\n<\/ol>\n<p style=\"text-align: justify;\">Estas solicitudes (punto 1) son exclusivamente aquellas entregadas al Consulado General antes de la fecha y hora indicadas, con la documentaci\u00f3n completa.<\/p>\n<ol style=\"text-align: justify;\" start=\"2\">\n<li><strong>Solo las solicitudes, acompa\u00f1adas de la documentaci\u00f3n necesaria, presentadas en la Oficina Consular en la fecha indicada a trav\u00e9s de un turno fijado y comunicado al interesado por la oficina competente antes de las 23:59 (hora de Roma) del 27 de marzo de 2025, seguir\u00e1n la normativa anterior.<\/strong><\/li>\n<\/ol>\n<p style=\"text-align: justify;\">Estas solicitudes (punto 2) son exclusivamente aquellas entregadas al Consulado General, con la documentaci\u00f3n completa, en la fecha indicada en la cita comunicada al interesado mediante correo electr\u00f3nico del sistema \u201cPrenot@mi\u201d antes de la fecha y hora m\u00e1s arriba indicadas.<\/p>\n<ol style=\"text-align: justify;\" start=\"3\">\n<li><strong>En cualquier otra circunstancia, se aplicar\u00e1 la nueva normativa<\/strong><\/li>\n<\/ol>\n<p style=\"text-align: justify;\">Estos casos (punto 3) tambi\u00e9n incluyen las solicitudes presentadas antes del 27 de marzo de 2025 o mediante cita comunicada antes de esa fecha y hora que no estaban acompa\u00f1adas de la documentaci\u00f3n necesaria.<\/p>\n<p style=\"text-align: justify;\">Las tarifas consulares aplicables estan disponibles en esta <a href=\"https:\/\/consrosario.esteri.it\/es\/chi-siamo\/la-sede\/modulistica\/\">pagina.<\/a><\/p>\n<p style=\"text-align: justify;\"><strong>La documentaci\u00f3n requerida seg\u00fan la Circular K.28.1 del 8 de abril de 1991 del Ministerio del Interior:<\/strong><\/p>\n<ol style=\"text-align: justify;\">\n<li>Extracto del acta de nacimiento del antepasado italiano emigrado, emitido por el Municipio donde naci\u00f3;<\/li>\n<li>Actas de nacimiento, con traducci\u00f3n oficial al italiano, incluida la del solicitante;<\/li>\n<li>Acta de matrimonio del antepasado italiano emigrado, con traducci\u00f3n oficial al italiano si fue emitida en el extranjero;<\/li>\n<li>Actas de matrimonio, incluida la de los padres del solicitante;<\/li>\n<li>Certificado emitido por las autoridades competentes del Estado extranjero de emigraci\u00f3n, con traducci\u00f3n oficial al italiano, que acredite que el antepasado italiano no adquiri\u00f3 la ciudadan\u00eda del pa\u00eds de emigraci\u00f3n antes del nacimiento del ascendiente del solicitante;<\/li>\n<li>Certificado emitido por la autoridad consular italiana competente que acredite que ni los ascendientes en l\u00ednea directa ni el solicitante han renunciado jam\u00e1s a la ciudadan\u00eda italiana conforme al art\u00edculo 7 de la Ley n. 555 del 13 de junio de 1912;<\/li>\n<li>Certificado de residencia.<\/li>\n<\/ol>\n<p style=\"text-align: justify;\">Para la aplicaci\u00f3n de la nueva normativa, <strong>tambi\u00e9n se deber\u00e1 presentar<\/strong>:<\/p>\n<p style=\"text-align: justify;\" data-start=\"0\" data-end=\"85\">Para demostrar la posesi\u00f3n exclusiva de la ciudadan\u00eda italiana (a modo de ejemplo):<\/p>\n<ul style=\"text-align: justify;\">\n<li data-start=\"88\" data-end=\"127\">Certificados negativos de ciudadan\u00eda;<\/li>\n<li data-start=\"130\" data-end=\"172\">Constancias de renuncia a la ciudadan\u00eda;<\/li>\n<li data-start=\"175\" data-end=\"236\">Certificados de no inscripci\u00f3n en los padrones electorales;<\/li>\n<\/ul>\n<p style=\"text-align: justify;\" data-start=\"238\" data-end=\"323\">Para demostrar la residencia efectiva en Italia por al menos dos a\u00f1os consecutivos:<\/p>\n<ul>\n<li data-start=\"326\" data-end=\"362\">Certificado hist\u00f3rico de ciudadan\u00eda.<\/li>\n<\/ul>\n<p style=\"text-align: justify;\"><strong data-start=\"0\" data-end=\"102\">PROCEDIMIENTOS VIGENTES PARA ACCEDER AL SERVICIO DE RECONSTRUCCI\u00d3N DE LA CIUDADAN\u00cdA IURE SANGUINIS<\/strong><\/p>\n<p style=\"text-align: justify;\" data-start=\"104\" data-end=\"302\">La oficina de ciudadan\u00eda recibe la documentaci\u00f3n para el servicio de reconstrucci\u00f3n de la ciudadan\u00eda iure sanguinis <strong data-start=\"225\" data-end=\"243\">exclusivamente<\/strong> con cita previa obtenida mediante la plataforma Prenot@Mi.<\/p>\n<p style=\"text-align: justify;\" data-start=\"304\" data-end=\"442\">Se permiten dos modalidades de presentaci\u00f3n de la documentaci\u00f3n: <strong>por correo postal o mediante entrega directa en el Consulado<\/strong>.<\/p>\n<p data-start=\"304\" data-end=\"442\"><span style=\"text-decoration: underline;\">Con el fin de facilitar a todos los usuarios interesados la correcta presentaci\u00f3n de su tr\u00e1mite, hemos preparado un <a href=\"https:\/\/consrosario.esteri.it\/wp-content\/uploads\/2025\/07\/Promemoria-per-lutente.pdf\">recordatorio<\/a> que detalla la documentaci\u00f3n necesaria.<\/span><\/p>\n<p><a href=\"https:\/\/consrosario.esteri.it\/es\/servizi-consolari-e-visti\/servizi-per-il-cittadino-straniero\/cittadinanza_n\/cittadinanza-e-adozione\/presentazione-della-domanda-con-invio-per-posta-raccomandata\/\"><strong>PRESENTACI\u00d3N DE LA DOCUMENTACI\u00d3N POR CORREO CERTIFICADO<\/strong><\/a><\/p>\n<div class=\"flex max-w-full flex-col grow\">\n<div class=\"min-h-8 text-message relative flex w-full flex-col items-end gap-2 text-start break-words whitespace-normal [.text-message+&amp;]:mt-5\" dir=\"auto\" data-message-author-role=\"assistant\" data-message-id=\"62af2d05-264b-40bd-833a-ac3d69ba5d1c\" data-message-model-slug=\"gpt-4o\">\n<div class=\"flex w-full flex-col gap-1 empty:hidden first:pt-[3px]\">\n<div class=\"markdown prose dark:prose-invert w-full break-words light\">\n<p><a href=\"https:\/\/consrosario.esteri.it\/es\/servizi-consolari-e-visti\/servizi-per-il-cittadino-straniero\/cittadinanza_n\/cittadinanza-e-adozione\/presentazione-della-domanda-con-consegna-brevi-manu-presso-il-consolato-generale\/\"><strong>PRESENTACI\u00d3N DE LA DOCUMENTACI\u00d3N CON ENTREGA DIRECTA EN EL CONSULADO GENERAL<\/strong><\/a><\/p>\n<\/div>\n<\/div>\n<\/div>\n<\/div>\n","protected":false},"excerpt":{"rendered":"El Decreto-Ley n. 36 del 28 de marzo de 2025 fue convertido con modificaciones en la Ley n. 74 del 23 de mayo de 2025, con vigencia a partir del 24 de mayo de 2025. La ley de conversi\u00f3n reforma la Ley n. 91 del 5 de febrero de 1992, cuyo nuevo texto completo est\u00e1 [&hellip;]","protected":false},"author":5,"featured_media":0,"parent":8417,"menu_order":0,"comment_status":"closed","ping_status":"closed","template":"","meta":{"footnotes":""},"class_list":["post-8422","page","type-page","status-publish","hentry"],"_links":{"self":[{"href":"https:\/\/consrosario.esteri.it\/es\/wp-json\/wp\/v2\/pages\/8422","targetHints":{"allow":["GET"]}}],"collection":[{"href":"https:\/\/consrosario.esteri.it\/es\/wp-json\/wp\/v2\/pages"}],"about":[{"href":"https:\/\/consrosario.esteri.it\/es\/wp-json\/wp\/v2\/types\/page"}],"author":[{"embeddable":true,"href":"https:\/\/consrosario.esteri.it\/es\/wp-json\/wp\/v2\/users\/5"}],"replies":[{"embeddable":true,"href":"https:\/\/consrosario.esteri.it\/es\/wp-json\/wp\/v2\/comments?post=8422"}],"version-history":[{"count":8,"href":"https:\/\/consrosario.esteri.it\/es\/wp-json\/wp\/v2\/pages\/8422\/revisions"}],"predecessor-version":[{"id":9070,"href":"https:\/\/consrosario.esteri.it\/es\/wp-json\/wp\/v2\/pages\/8422\/revisions\/9070"}],"up":[{"embeddable":true,"href":"https:\/\/consrosario.esteri.it\/es\/wp-json\/wp\/v2\/pages\/8417"}],"wp:attachment":[{"href":"https:\/\/consrosario.esteri.it\/es\/wp-json\/wp\/v2\/media?parent=8422"}],"curies":[{"name":"wp","href":"https:\/\/api.w.org\/{rel}","templated":true}]}}