{"id":8456,"date":"2025-07-03T12:14:15","date_gmt":"2025-07-03T15:14:15","guid":{"rendered":"https:\/\/consrosario.esteri.it\/servizi-consolari-e-visti\/servizi-per-il-cittadino-straniero\/cittadinanza_n\/riconoscimento-in-base-a-leggi-speciali\/"},"modified":"2025-07-04T14:30:03","modified_gmt":"2025-07-04T17:30:03","slug":"riconoscimento-in-base-a-leggi-speciali","status":"publish","type":"page","link":"https:\/\/consrosario.esteri.it\/es\/servizi-consolari-e-visti\/servizi-per-il-cittadino-straniero\/cittadinanza_n\/riconoscimento-in-base-a-leggi-speciali\/","title":{"rendered":"Reconocimiento en base a leyes especiales"},"content":{"rendered":"<p style=\"text-align: justify;\">La <strong>Ley n. 379 del 14 de diciembre de 2000<\/strong>, prev\u00e9 el reconocimiento de la ciudadan\u00eda italiana a favor de las personas nacidas y residentes en los territorios del antiguo Imperio Austroh\u00fangaro y de sus descendientes que cumplan con los requisitos necesarios.<\/p>\n<p style=\"text-align: justify;\"><strong>El plazo para valerse de la Ley 379\/2000 venci\u00f3 el 19 de diciembre de 2010.<\/strong><\/p>\n<p style=\"text-align: justify;\">La <strong>Ley n. 124 del 8 de marzo de 2006<\/strong>, prev\u00e9 el reconocimiento de la ciudadan\u00eda italiana a favor de los connacionales que la perdieron por haber residido entre 1940 y 1947 en Istria, Fiume y Dalmacia.<\/p>\n<p style=\"text-align: justify;\">El reconocimiento de la ciudadan\u00eda italiana en base a leyes especiales constituye una adquisici\u00f3n por beneficio de ley: por lo tanto, no es posible que el progenitor ciudadano haga la declaraci\u00f3n de voluntad de adquisici\u00f3n de la ciudadan\u00eda a favor del hijo menor, como prev\u00e9 el art\u00edculo 4, apartado 1-bis, de la Ley n. 91\/1992, ya que el progenitor reconocido no es ciudadano italiano por nacimiento.<\/p>\n","protected":false},"excerpt":{"rendered":"La Ley n. 379 del 14 de diciembre de 2000, prev\u00e9 el reconocimiento de la ciudadan\u00eda italiana a favor de las personas nacidas y residentes en los territorios del antiguo Imperio Austroh\u00fangaro y de sus descendientes que cumplan con los requisitos necesarios. El plazo para valerse de la Ley 379\/2000 venci\u00f3 el 19 de diciembre [&hellip;]","protected":false},"author":5,"featured_media":0,"parent":8417,"menu_order":6,"comment_status":"closed","ping_status":"closed","template":"","meta":{"footnotes":""},"class_list":["post-8456","page","type-page","status-publish","hentry"],"_links":{"self":[{"href":"https:\/\/consrosario.esteri.it\/es\/wp-json\/wp\/v2\/pages\/8456","targetHints":{"allow":["GET"]}}],"collection":[{"href":"https:\/\/consrosario.esteri.it\/es\/wp-json\/wp\/v2\/pages"}],"about":[{"href":"https:\/\/consrosario.esteri.it\/es\/wp-json\/wp\/v2\/types\/page"}],"author":[{"embeddable":true,"href":"https:\/\/consrosario.esteri.it\/es\/wp-json\/wp\/v2\/users\/5"}],"replies":[{"embeddable":true,"href":"https:\/\/consrosario.esteri.it\/es\/wp-json\/wp\/v2\/comments?post=8456"}],"version-history":[{"count":1,"href":"https:\/\/consrosario.esteri.it\/es\/wp-json\/wp\/v2\/pages\/8456\/revisions"}],"predecessor-version":[{"id":8457,"href":"https:\/\/consrosario.esteri.it\/es\/wp-json\/wp\/v2\/pages\/8456\/revisions\/8457"}],"up":[{"embeddable":true,"href":"https:\/\/consrosario.esteri.it\/es\/wp-json\/wp\/v2\/pages\/8417"}],"wp:attachment":[{"href":"https:\/\/consrosario.esteri.it\/es\/wp-json\/wp\/v2\/media?parent=8456"}],"curies":[{"name":"wp","href":"https:\/\/api.w.org\/{rel}","templated":true}]}}