{"id":8458,"date":"2025-07-03T12:05:11","date_gmt":"2025-07-03T15:05:11","guid":{"rendered":"https:\/\/consrosario.esteri.it\/servizi-consolari-e-visti\/servizi-per-il-cittadino-straniero\/cittadinanza_n\/acquisto-della-cittadinanza-per-riconoscimento-di-filiazione-durante-la-maggiore-eta\/"},"modified":"2025-07-04T15:51:45","modified_gmt":"2025-07-04T18:51:45","slug":"acquisto-della-cittadinanza-per-riconoscimento-di-filiazione-durante-la-maggiore-eta","status":"publish","type":"page","link":"https:\/\/consrosario.esteri.it\/es\/servizi-consolari-e-visti\/servizi-per-il-cittadino-straniero\/cittadinanza_n\/acquisto-della-cittadinanza-per-riconoscimento-di-filiazione-durante-la-maggiore-eta\/","title":{"rendered":"Ciudadan\u00eda por reconocimiento filiatorio durante la mayor\u00eda de edad"},"content":{"rendered":"<p style=\"text-align: justify;\" data-start=\"56\" data-end=\"354\">En el caso en que el reconocimiento o la declaraci\u00f3n judicial de la filiaci\u00f3n se refiera a una persona mayor de edad, esta adquirir\u00e1 la ciudadan\u00eda italiana <strong data-start=\"216\" data-end=\"230\">\u00fanicamente<\/strong> desde el momento en que manifieste su voluntad en tal sentido mediante el acto jur\u00eddico de <strong data-start=\"322\" data-end=\"353\">\u00abelecci\u00f3n de la ciudadan\u00eda\u00bb<\/strong>.<\/p>\n<p style=\"text-align: justify;\" data-start=\"356\" data-end=\"672\">La sentencia n.\u00ba 5518\/2024 de la Corte de Casaci\u00f3n ha proporcionado una nueva interpretaci\u00f3n del art\u00edculo 2, p\u00e1rrafo 2, de la Ley 91\/1992, seg\u00fan la cual <strong data-start=\"509\" data-end=\"671\">la adquisici\u00f3n de la ciudadan\u00eda por parte del hijo reconocido o declarado judicialmente durante la mayor\u00eda de edad rige desde la fecha de nacimiento del mismo<\/strong>.<\/p>\n<hr data-start=\"674\" data-end=\"677\" \/>\n<p style=\"text-align: justify;\" data-start=\"679\" data-end=\"693\">REQUISITOS:<\/p>\n<p style=\"text-align: justify;\" data-start=\"695\" data-end=\"843\">A la luz de la reforma de la Ley 5 de febrero de 1992, n.\u00ba 91, es necesario que el solicitante cumpla <strong data-start=\"797\" data-end=\"813\">al menos uno<\/strong> de los siguientes requisitos:<\/p>\n<ul style=\"text-align: justify;\" data-start=\"845\" data-end=\"1510\">\n<li data-start=\"845\" data-end=\"944\">\n<p data-start=\"847\" data-end=\"944\">Haber nacido en Italia de al menos un progenitor italiano (incluso adoptivo), en cualquier fecha.<\/p>\n<\/li>\n<li data-start=\"945\" data-end=\"1293\">\n<p data-start=\"947\" data-end=\"1293\">Haber nacido de un progenitor (incluso adoptivo) <strong data-start=\"996\" data-end=\"1021\">o tener un\/a abuelo\/a<\/strong> que en la fecha de nacimiento del interesado tuviera <strong data-start=\"1075\" data-end=\"1089\">\u00fanicamente<\/strong> la ciudadan\u00eda italiana. En el caso de que el abuelo causante hubiese fallecido antes del nacimiento del solicitante, el requisito de la \u00fanica ciudadan\u00eda italiana se evaluar\u00e1 a la fecha del fallecimiento.<\/p>\n<\/li>\n<li data-start=\"1294\" data-end=\"1510\">\n<p data-start=\"1296\" data-end=\"1510\">Haber nacido de un progenitor o adoptante italiano que haya residido en Italia al menos dos a\u00f1os continuos, <strong data-start=\"1404\" data-end=\"1456\">posteriormente a la adquisici\u00f3n de la ciudadan\u00eda<\/strong>, antes de la fecha de nacimiento o adopci\u00f3n del hijo.<\/p>\n<\/li>\n<\/ul>\n<p style=\"text-align: justify;\" data-start=\"1512\" data-end=\"1790\">Adem\u00e1s, es necesario que el progenitor del cual se desea <strong data-start=\"1569\" data-end=\"1628\">elegir la ciudadan\u00eda italiana ya sea ciudadano italiano<\/strong>. Si el progenitor no posee la ciudadan\u00eda, deber\u00e1 solicitar un turno para la reconstrucci\u00f3n antes de tramitar la ciudadan\u00eda para el hijo mayor de edad reconocido.<\/p>\n<hr data-start=\"1792\" data-end=\"1795\" \/>\n<p style=\"text-align: justify;\" data-start=\"1797\" data-end=\"2101\">La adquisici\u00f3n como hijo reconocido durante la mayor\u00eda de edad <strong data-start=\"1860\" data-end=\"1887\">tiene un costo de 250\u202f\u20ac<\/strong> a abonar al Ministerio del Interior (ver abajo c\u00f3mo efectuar el pago).<br data-start=\"1958\" data-end=\"1961\" \/><strong data-start=\"1961\" data-end=\"2000\">No se aceptan pagos en el Consulado<\/strong>, ni se aceptar\u00e1n comprobantes de pago en los que no conste el nombre del solicitante en el concepto.<\/p>\n<p style=\"text-align: justify;\" data-start=\"2103\" data-end=\"2282\">Es necesario que el\/la solicitante resida en la circunscripci\u00f3n consular de competencia del <strong data-start=\"2195\" data-end=\"2237\">Consulado General de Italia en Rosario<\/strong>. <strong>Se deber\u00e1n presentar pruebas de residencia<\/strong>.<\/p>\n<p style=\"text-align: justify;\" data-start=\"2310\" data-end=\"2603\">Se deber\u00e1 solicitar un turno por correo electr\u00f3nico a la direcci\u00f3n: <strong data-start=\"2376\" data-end=\"2408\"><a class=\"cursor-pointer\" rel=\"noopener\" data-start=\"2378\" data-end=\"2406\">rosario.cittmatrim@esteri.it<\/a><\/strong>, especificando en el asunto:<br data-start=\"2437\" data-end=\"2440\" \/><strong data-start=\"2440\" data-end=\"2522\">\u00abelecci\u00f3n de ciudadan\u00eda por reconocimiento de filiaci\u00f3n en la mayor\u00eda de edad\u00bb<\/strong>, adjuntando tu <strong data-start=\"2538\" data-end=\"2602\">acta de nacimiento con anotaci\u00f3n marginal del reconocimiento<\/strong>.<\/p>\n<hr data-start=\"2605\" data-end=\"2608\" \/>\n<p style=\"text-align: justify;\" data-start=\"2610\" data-end=\"2626\">PROCEDIMIENTO<\/p>\n<p style=\"text-align: justify;\" data-start=\"2628\" data-end=\"2812\">La <strong data-start=\"2631\" data-end=\"2660\">elecci\u00f3n de la ciudadan\u00eda<\/strong> solo es v\u00e1lida si se efect\u00faa dentro del <strong data-start=\"2701\" data-end=\"2708\">a\u00f1o<\/strong> de vigencia de la resoluci\u00f3n seg\u00fan el ordenamiento jur\u00eddico italiano (art. 2, p\u00e1rr. 2, ley n. 91\/1992).<\/p>\n<p style=\"text-align: justify;\" data-start=\"2814\" data-end=\"2920\">El solicitante deber\u00e1 preparar y anticipar por correo electr\u00f3nico anticipadamente la siguiente documentaci\u00f3n:<\/p>\n<ul style=\"text-align: justify;\" data-start=\"2922\" data-end=\"3633\">\n<li data-start=\"2922\" data-end=\"3076\">\n<p data-start=\"2924\" data-end=\"3076\">Acta de nacimiento con anotaci\u00f3n marginal del reconocimiento, ya sea por v\u00eda administrativa o judicial, debidamente apostillada y traducida al italiano.<\/p>\n<\/li>\n<li data-start=\"3077\" data-end=\"3325\">\n<p data-start=\"3079\" data-end=\"3325\">Acta de reconocimiento emitida por el Registro Civil de la ciudad donde se realiz\u00f3, debidamente apostillada y traducida al italiano, <strong data-start=\"3212\" data-end=\"3217\">o<\/strong> copia de la sentencia judicial junto al certificado de \u00abcosa juzgada\u00bb, apostillada y traducida al italiano.<\/p>\n<\/li>\n<li data-start=\"3326\" data-end=\"3493\">\n<p data-start=\"3328\" data-end=\"3493\">Certificado negativo de ciudadan\u00eda argentina del progenitor o abuelo\/a nacido en Italia y, si corresponde, certificado negativo de otro pa\u00eds en el que haya residido.<\/p>\n<\/li>\n<li data-start=\"3494\" data-end=\"3633\">\n<p data-start=\"3496\" data-end=\"3633\">Certificado hist\u00f3rico de residencia del progenitor o abuelo causante, emitido por el Comune italiano de residencia o de inscripci\u00f3n AIRE.<\/p>\n<\/li>\n<\/ul>\n<hr data-start=\"3635\" data-end=\"3638\" \/>\n<p style=\"text-align: justify;\" data-start=\"3640\" data-end=\"3696\">RECONOCIMIENTO DE LA FILIACI\u00d3N POR V\u00cdA ADMINISTRATIVA<\/p>\n<p style=\"text-align: justify;\" data-start=\"3698\" data-end=\"3937\">La ley argentina establece que el acta de reconocimiento puede ser solicitada <strong data-start=\"3776\" data-end=\"3823\">\u00fanicamente por los directamente interesados<\/strong>, por lo tanto, <strong data-start=\"3839\" data-end=\"3904\">ser\u00e1 responsabilidad del solicitante tramitarla personalmente<\/strong> en el Registro Civil competente.<\/p>\n<p style=\"text-align: justify;\" data-start=\"3939\" data-end=\"4304\">Para que un reconocimiento de filiaci\u00f3n realizado por el Registro Civil argentino tenga validez en Italia, es necesario que la persona reconocida preste <strong data-start=\"4092\" data-end=\"4113\">su consentimiento<\/strong> mediante una <strong data-start=\"4127\" data-end=\"4176\">declaraci\u00f3n de asentimiento al reconocimiento<\/strong> (art. 250 del C\u00f3digo Civil).<br data-start=\"4205\" data-end=\"4208\" \/>Para ello, debe solicitarse turno escribiendo al mismo correo: <strong data-start=\"4271\" data-end=\"4303\"><a class=\"cursor-pointer\" rel=\"noopener\" data-start=\"4273\" data-end=\"4301\">rosario.cittmatrim@esteri.it<\/a><\/strong>.<\/p>\n<p style=\"text-align: justify;\" data-start=\"4306\" data-end=\"4464\">En la fecha del turno para la firma de la declaraci\u00f3n de asentimiento, el solicitante deber\u00e1 presentar <strong data-start=\"4406\" data-end=\"4463\">en original toda la documentaci\u00f3n previamente enviada<\/strong>.<\/p>\n<p style=\"text-align: justify;\" data-start=\"4466\" data-end=\"4516\">Se deber\u00e1n abonar las siguientes tasas consulares:<\/p>\n<ul style=\"text-align: justify;\" data-start=\"4517\" data-end=\"4712\">\n<li data-start=\"4517\" data-end=\"4607\">\n<p data-start=\"4519\" data-end=\"4607\">Autenticaci\u00f3n de firma en la declaraci\u00f3n de asentimiento (art. 24 del Arancel Consular).<\/p>\n<\/li>\n<li data-start=\"4608\" data-end=\"4712\">\n<p data-start=\"4610\" data-end=\"4712\">Emisi\u00f3n del certificado de ciudadan\u00eda a nombre del progenitor italiano (art. 4a del Arancel Consular).<\/p>\n<\/li>\n<\/ul>\n<p style=\"text-align: justify;\" data-start=\"4714\" data-end=\"4884\">Si las traducciones a\u00fan no est\u00e1n legalizadas por el Colegio de Traductores (con Apostilla), podr\u00e1n legalizarse en el Consulado <strong data-start=\"4841\" data-end=\"4856\">previo pago<\/strong> de la tasa correspondiente.<\/p>\n<p style=\"text-align: justify;\" data-start=\"4886\" data-end=\"4923\">Los pagos pueden realizarse mediante:<\/p>\n<ul style=\"text-align: justify;\" data-start=\"4924\" data-end=\"5064\">\n<li data-start=\"4924\" data-end=\"5021\">\n<p data-start=\"4926\" data-end=\"5021\"><strong data-start=\"4926\" data-end=\"4958\">Giro postal (vaglia postale)<\/strong> a nombre de: <em data-start=\"4972\" data-end=\"5021\">Consulado General de Italia en Rosario, suc. 313<\/em><\/p>\n<\/li>\n<li data-start=\"5022\" data-end=\"5064\">\n<p data-start=\"5024\" data-end=\"5064\"><strong data-start=\"5024\" data-end=\"5045\">Tarjeta de d\u00e9bito<\/strong>, el d\u00eda del turno.<\/p>\n<\/li>\n<\/ul>\n<p style=\"text-align: justify;\" data-start=\"5066\" data-end=\"5204\">Desde la firma de la declaraci\u00f3n de asentimiento, el\/la solicitante tendr\u00e1 <strong data-start=\"5141\" data-end=\"5150\">1 a\u00f1o<\/strong> para realizar la <strong data-start=\"5168\" data-end=\"5203\">elecci\u00f3n de ciudadan\u00eda italiana<\/strong>.<\/p>\n<hr data-start=\"5206\" data-end=\"5209\" \/>\n<p style=\"text-align: justify;\" data-start=\"5211\" data-end=\"5261\">RECONOCIMIENTO DE LA FILIACI\u00d3N POR V\u00cdA JUDICIAL<\/p>\n<p style=\"text-align: justify;\" data-start=\"5263\" data-end=\"5405\">En este caso <strong data-start=\"5276\" data-end=\"5325\">no se requiere asentimiento al reconocimiento<\/strong>. El solicitante podr\u00e1 pedir un turno por correo electr\u00f3nico y deber\u00e1 presentar:<\/p>\n<ul style=\"text-align: justify;\" data-start=\"5407\" data-end=\"5587\">\n<li data-start=\"5407\" data-end=\"5488\">\n<p data-start=\"5409\" data-end=\"5488\">Acta de nacimiento con anotaci\u00f3n marginal, apostillada y traducida al italiano.<\/p>\n<\/li>\n<li data-start=\"5489\" data-end=\"5587\">\n<p data-start=\"5491\" data-end=\"5587\">Copia de la sentencia con el certificado de \u00abcosa juzgada\u00bb, apostillada y traducida al italiano.<\/p>\n<\/li>\n<\/ul>\n<p style=\"text-align: justify;\" data-start=\"5589\" data-end=\"5710\"><strong data-start=\"5589\" data-end=\"5602\">ATENCI\u00d3N:<\/strong> la declaraci\u00f3n de ciudadan\u00eda deber\u00e1 hacerse dentro del <strong data-start=\"5658\" data-end=\"5709\">a\u00f1o siguiente a la emisi\u00f3n del fallo extranjero<\/strong>.<\/p>\n<hr data-start=\"5712\" data-end=\"5715\" \/>\n<p style=\"text-align: justify;\" data-start=\"5717\" data-end=\"5769\">DECLARACI\u00d3N DE ELECCI\u00d3N DE LA CIUDADAN\u00cdA ITALIANA<\/p>\n<p style=\"text-align: justify;\" data-start=\"5771\" data-end=\"6148\">Una vez firmada (si corresponde) la declaraci\u00f3n de asentimiento al reconocimiento, el solicitante podr\u00e1 pedir turno por correo electr\u00f3nico (<strong data-start=\"5911\" data-end=\"5943\"><a class=\"cursor-pointer\" rel=\"noopener\" data-start=\"5913\" data-end=\"5941\">rosario.cittmatrim@esteri.it<\/a><\/strong>) para rendir la <strong data-start=\"5960\" data-end=\"6010\">declaraci\u00f3n de elecci\u00f3n de ciudadan\u00eda italiana<\/strong>, y deber\u00e1 <strong data-start=\"6021\" data-end=\"6067\">presentarse con dos testigos a su elecci\u00f3n<\/strong>. Tambi\u00e9n deber\u00e1 enviar por correo electr\u00f3nico una copia del DNI de los testigos.<\/p>\n<p style=\"text-align: justify;\" data-start=\"6150\" data-end=\"6173\">Deber\u00e1 entregar adem\u00e1s:<\/p>\n<ul style=\"text-align: justify;\" data-start=\"6175\" data-end=\"6722\">\n<li data-start=\"6175\" data-end=\"6474\">\n<p data-start=\"6177\" data-end=\"6474\"><strong data-start=\"6177\" data-end=\"6200\">Comprobante de pago<\/strong> del aporte obligatorio de <strong data-start=\"6227\" data-end=\"6236\">250\u202f\u20ac<\/strong> mediante transferencia bancaria al Ministerio del Interior.<br data-start=\"6296\" data-end=\"6299\" \/>El comprobante debe estar <strong data-start=\"6327\" data-end=\"6348\">sellado y firmado<\/strong> por el banco.<br data-start=\"6362\" data-end=\"6365\" \/><strong data-start=\"6367\" data-end=\"6428\">No se aceptan \u201corden de pago\u201d ni \u201corden de transferencia\u201d<\/strong>. Debe ser una <strong data-start=\"6443\" data-end=\"6473\">transferencia ya efectuada<\/strong>.<\/p>\n<\/li>\n<li data-start=\"6475\" data-end=\"6722\">\n<p data-start=\"6477\" data-end=\"6722\">Comprobante de pago de la <strong data-start=\"6503\" data-end=\"6529\">autenticaci\u00f3n de firma<\/strong> para la declaraci\u00f3n de elecci\u00f3n (art. 24 del Arancel Consular), realizado mediante <strong data-start=\"6613\" data-end=\"6649\">giro postal del Correo Argentino<\/strong> a nombre del <strong data-start=\"6663\" data-end=\"6722\">Consulado General de Italia en Rosario, suc. 313.<\/strong><\/p>\n<\/li>\n<\/ul>\n<p style=\"text-align: justify;\" data-start=\"6724\" data-end=\"6928\">Se aclara que <strong data-start=\"6738\" data-end=\"6804\">la elecci\u00f3n de ciudadan\u00eda no se configura como una adquisici\u00f3n<\/strong>, por lo tanto, <strong data-start=\"6820\" data-end=\"6869\">tendr\u00e1 efecto retroactivo desde el nacimiento<\/strong> gracias a la nueva interpretaci\u00f3n de la Corte de Casaci\u00f3n.<\/p>\n<p style=\"text-align: justify;\" data-start=\"6930\" data-end=\"7176\">Los <strong data-start=\"6934\" data-end=\"6958\">c\u00f3nyuges extranjeros<\/strong> de quienes adquieran la ciudadan\u00eda italiana por este medio podr\u00e1n presentar una solicitud de adquisici\u00f3n conforme al <strong data-start=\"7076\" data-end=\"7104\">art. 5 de la Ley 91\/1992<\/strong>, cumpliendo los requisitos previstos para la ciudadan\u00eda por matrimonio.<\/p>\n<hr data-start=\"7178\" data-end=\"7181\" \/>\n<p style=\"text-align: justify;\" data-start=\"7183\" data-end=\"7207\">C\u00d3MO EFECTUAR EL PAGO<\/p>\n<p style=\"text-align: justify;\" data-start=\"7209\" data-end=\"7319\">Deber\u00e1 realizarse una transferencia bancaria de <strong data-start=\"7257\" data-end=\"7266\">250\u202f\u20ac<\/strong> al Ministerio del Interior con los siguientes datos:<\/p>\n<ul data-start=\"7321\" data-end=\"7741\">\n<li style=\"text-align: justify;\" data-start=\"7321\" data-end=\"7414\">\n<p data-start=\"7323\" data-end=\"7414\"><strong data-start=\"7323\" data-end=\"7363\">Cuenta corriente postal a nombre de:<\/strong> <em data-start=\"7364\" data-end=\"7412\">Ministero dell\u2019Interno D.L.C.I. \u2013 Cittadinanza<\/em><\/p>\n<\/li>\n<li style=\"text-align: justify;\" data-start=\"7415\" data-end=\"7567\">\n<p data-start=\"7417\" data-end=\"7567\"><strong data-start=\"7417\" data-end=\"7439\">Concepto del pago:<\/strong> nombre y apellido del solicitante y la frase<br data-start=\"7484\" data-end=\"7487\" \/>\u201cElezione di cittadinanza per riconoscimento di filiazione nella maggiore et\u00e0\u201d<\/p>\n<\/li>\n<li style=\"text-align: justify;\" data-start=\"7568\" data-end=\"7616\">\n<p data-start=\"7570\" data-end=\"7616\"><strong data-start=\"7570\" data-end=\"7586\">C\u00f3digo IBAN:<\/strong> IT54D0760103200000000809020<\/p>\n<\/li>\n<li data-start=\"7617\" data-end=\"7741\">\n<p style=\"text-align: justify;\" data-start=\"7619\" data-end=\"7642\"><strong data-start=\"7619\" data-end=\"7640\">C\u00f3digo BIC\/SWIFT:<\/strong><\/p>\n<ul data-start=\"7645\" data-end=\"7741\">\n<li style=\"text-align: justify;\" data-start=\"7645\" data-end=\"7697\">\n<p data-start=\"7647\" data-end=\"7697\">Para transferencias extranjeras: <strong data-start=\"7680\" data-end=\"7695\">BPPIITRRXXX<\/strong><\/p>\n<\/li>\n<li data-start=\"7700\" data-end=\"7741\">\n<p style=\"text-align: justify;\" data-start=\"7702\" data-end=\"7741\">Para operaciones Eurogiro: <strong data-start=\"7729\" data-end=\"7741\">PIBPITRA<\/strong><\/p>\n<\/li>\n<\/ul>\n<\/li>\n<\/ul>\n","protected":false},"excerpt":{"rendered":"En el caso en que el reconocimiento o la declaraci\u00f3n judicial de la filiaci\u00f3n se refiera a una persona mayor de edad, esta adquirir\u00e1 la ciudadan\u00eda italiana \u00fanicamente desde el momento en que manifieste su voluntad en tal sentido mediante el acto jur\u00eddico de \u00abelecci\u00f3n de la ciudadan\u00eda\u00bb. La sentencia n.\u00ba 5518\/2024 de la Corte [&hellip;]","protected":false},"author":5,"featured_media":0,"parent":8417,"menu_order":3,"comment_status":"closed","ping_status":"closed","template":"","meta":{"footnotes":""},"class_list":["post-8458","page","type-page","status-publish","hentry"],"_links":{"self":[{"href":"https:\/\/consrosario.esteri.it\/es\/wp-json\/wp\/v2\/pages\/8458","targetHints":{"allow":["GET"]}}],"collection":[{"href":"https:\/\/consrosario.esteri.it\/es\/wp-json\/wp\/v2\/pages"}],"about":[{"href":"https:\/\/consrosario.esteri.it\/es\/wp-json\/wp\/v2\/types\/page"}],"author":[{"embeddable":true,"href":"https:\/\/consrosario.esteri.it\/es\/wp-json\/wp\/v2\/users\/5"}],"replies":[{"embeddable":true,"href":"https:\/\/consrosario.esteri.it\/es\/wp-json\/wp\/v2\/comments?post=8458"}],"version-history":[{"count":3,"href":"https:\/\/consrosario.esteri.it\/es\/wp-json\/wp\/v2\/pages\/8458\/revisions"}],"predecessor-version":[{"id":8466,"href":"https:\/\/consrosario.esteri.it\/es\/wp-json\/wp\/v2\/pages\/8458\/revisions\/8466"}],"up":[{"embeddable":true,"href":"https:\/\/consrosario.esteri.it\/es\/wp-json\/wp\/v2\/pages\/8417"}],"wp:attachment":[{"href":"https:\/\/consrosario.esteri.it\/es\/wp-json\/wp\/v2\/media?parent=8458"}],"curies":[{"name":"wp","href":"https:\/\/api.w.org\/{rel}","templated":true}]}}