{"id":8479,"date":"2025-07-03T12:03:46","date_gmt":"2025-07-03T15:03:46","guid":{"rendered":"https:\/\/consrosario.esteri.it\/servizi-consolari-e-visti\/servizi-per-il-cittadino-straniero\/cittadinanza_n\/acquisto-della-cittadinanza-di-figli-minori-conviventi-con-genitore-non-cittadino-dalla-nascita\/"},"modified":"2025-07-04T16:23:13","modified_gmt":"2025-07-04T19:23:13","slug":"acquisto-della-cittadinanza-di-figli-minori-conviventi-con-genitore-non-cittadino-dalla-nascita","status":"publish","type":"page","link":"https:\/\/consrosario.esteri.it\/es\/servizi-consolari-e-visti\/servizi-per-il-cittadino-straniero\/cittadinanza_n\/acquisto-della-cittadinanza-di-figli-minori-conviventi-con-genitore-non-cittadino-dalla-nascita\/","title":{"rendered":"Adquisici\u00f3n de la ciudadan\u00eda por parte de hijos menores convivientes con un progenitor no ciudadano italiano por nacimiento"},"content":{"rendered":"<p style=\"text-align: justify;\" data-start=\"129\" data-end=\"641\">El <strong data-start=\"132\" data-end=\"169\">art\u00edculo 14 de la Ley n.\u00b0 91\/1992<\/strong>, modificado por el <strong data-start=\"189\" data-end=\"216\">Decreto-ley n.\u00b0 36\/2025<\/strong>, seg\u00fan lo convertido en la <strong data-start=\"244\" data-end=\"263\">Ley n.\u00b0 74\/2025<\/strong>, establece que, para adquirir la ciudadan\u00eda por esta v\u00eda, el hijo de ciudadanos italianos <strong data-start=\"354\" data-end=\"387\">que no lo sean por nacimiento<\/strong> debe haber residido legalmente en Italia durante <strong data-start=\"437\" data-end=\"471\">al menos dos a\u00f1os consecutivos<\/strong> al momento en que el progenitor adquiere o readquiere la ciudadan\u00eda italiana (si el hijo tiene menos de dos a\u00f1os, debe haber residido en Italia <strong data-start=\"616\" data-end=\"639\">desde su nacimiento<\/strong>).<\/p>\n<p style=\"text-align: justify;\" data-start=\"643\" data-end=\"666\">Se aclara lo siguiente:<\/p>\n<ul data-start=\"668\" data-end=\"1864\" data-is-only-node=\"\" data-is-last-node=\"\">\n<li style=\"text-align: justify;\" data-start=\"668\" data-end=\"1110\">\n<p data-start=\"670\" data-end=\"1110\">Si la solicitud de <strong data-start=\"689\" data-end=\"745\">reconocimiento de la ciudadan\u00eda iure communicationis<\/strong> se encuadra, por la modalidad de presentaci\u00f3n, dentro de las <strong data-start=\"807\" data-end=\"822\">excepciones<\/strong> previstas en las letras <strong data-start=\"847\" data-end=\"866\">a), a-bis) o b)<\/strong> del <strong data-start=\"871\" data-end=\"911\">art\u00edculo 3-bis de la Ley n.\u00b0 91\/1992<\/strong> (es decir, solicitud \u2014administrativa o judicial\u2014 presentada hasta el <strong data-start=\"981\" data-end=\"1004\">27 de marzo de 2025<\/strong>, o solicitud presentada con <strong data-start=\"1033\" data-end=\"1051\">turno asignado<\/strong> hasta esa misma fecha), se aplicar\u00e1 la normativa anterior.<\/p>\n<\/li>\n<li style=\"text-align: justify;\" data-start=\"1112\" data-end=\"1427\">\n<p data-start=\"1114\" data-end=\"1427\">Si la solicitud de reconocimiento de la ciudadan\u00eda <strong data-start=\"1165\" data-end=\"1189\">iure communicationis<\/strong> fue presentada a partir del <strong data-start=\"1218\" data-end=\"1241\">28 de marzo de 2025<\/strong>, ser\u00e1 necesario que el progenitor que transmite la ciudadan\u00eda <strong data-start=\"1304\" data-end=\"1345\">sea exclusivamente ciudadano italiano<\/strong> o que haya residido en Italia durante <strong data-start=\"1384\" data-end=\"1426\">dos a\u00f1os antes del nacimiento del hijo<\/strong>.<\/p>\n<\/li>\n<li data-start=\"1429\" data-end=\"1864\" data-is-last-node=\"\">\n<p style=\"text-align: justify;\" data-start=\"1431\" data-end=\"1710\">Si la adquisici\u00f3n o readquisici\u00f3n de la ciudadan\u00eda por parte del progenitor ocurre a partir del <strong data-start=\"1527\" data-end=\"1549\">24 de mayo de 2025<\/strong>, el hijo que <strong data-start=\"1563\" data-end=\"1593\">conviva con ese progenitor<\/strong> deber\u00e1 haber residido legalmente en Italia <strong data-start=\"1637\" data-end=\"1674\">durante al menos dos a\u00f1os previos<\/strong> a la naturalizaci\u00f3n del progenitor.\u00a0En este caso, <strong data-start=\"1728\" data-end=\"1849\">la competencia para verificar la adquisici\u00f3n de la ciudadan\u00eda por parte del menor corresponder\u00e1 al municipio italiano<\/strong> de residencia.<\/p>\n<\/li>\n<\/ul>\n","protected":false},"excerpt":{"rendered":"El art\u00edculo 14 de la Ley n.\u00b0 91\/1992, modificado por el Decreto-ley n.\u00b0 36\/2025, seg\u00fan lo convertido en la Ley n.\u00b0 74\/2025, establece que, para adquirir la ciudadan\u00eda por esta v\u00eda, el hijo de ciudadanos italianos que no lo sean por nacimiento debe haber residido legalmente en Italia durante al menos dos a\u00f1os consecutivos al [&hellip;]","protected":false},"author":5,"featured_media":0,"parent":8417,"menu_order":2,"comment_status":"closed","ping_status":"closed","template":"","meta":{"footnotes":""},"class_list":["post-8479","page","type-page","status-publish","hentry"],"_links":{"self":[{"href":"https:\/\/consrosario.esteri.it\/es\/wp-json\/wp\/v2\/pages\/8479","targetHints":{"allow":["GET"]}}],"collection":[{"href":"https:\/\/consrosario.esteri.it\/es\/wp-json\/wp\/v2\/pages"}],"about":[{"href":"https:\/\/consrosario.esteri.it\/es\/wp-json\/wp\/v2\/types\/page"}],"author":[{"embeddable":true,"href":"https:\/\/consrosario.esteri.it\/es\/wp-json\/wp\/v2\/users\/5"}],"replies":[{"embeddable":true,"href":"https:\/\/consrosario.esteri.it\/es\/wp-json\/wp\/v2\/comments?post=8479"}],"version-history":[{"count":1,"href":"https:\/\/consrosario.esteri.it\/es\/wp-json\/wp\/v2\/pages\/8479\/revisions"}],"predecessor-version":[{"id":8480,"href":"https:\/\/consrosario.esteri.it\/es\/wp-json\/wp\/v2\/pages\/8479\/revisions\/8480"}],"up":[{"embeddable":true,"href":"https:\/\/consrosario.esteri.it\/es\/wp-json\/wp\/v2\/pages\/8417"}],"wp:attachment":[{"href":"https:\/\/consrosario.esteri.it\/es\/wp-json\/wp\/v2\/media?parent=8479"}],"curies":[{"name":"wp","href":"https:\/\/api.w.org\/{rel}","templated":true}]}}