{"id":8485,"date":"2025-07-03T12:13:23","date_gmt":"2025-07-03T15:13:23","guid":{"rendered":"https:\/\/consrosario.esteri.it\/servizi-consolari-e-visti\/servizi-per-il-cittadino-straniero\/cittadinanza_n\/riacquisto-della-cittadinanza\/"},"modified":"2026-03-11T16:33:11","modified_gmt":"2026-03-11T19:33:11","slug":"riacquisto-della-cittadinanza","status":"publish","type":"page","link":"https:\/\/consrosario.esteri.it\/es\/servizi-consolari-e-visti\/servizi-per-il-cittadino-straniero\/cittadinanza_n\/riacquisto-della-cittadinanza\/","title":{"rendered":"Readquisici\u00f3n de la ciudadan\u00eda"},"content":{"rendered":"<p style=\"text-align: justify;\" data-start=\"56\" data-end=\"646\"><strong data-start=\"56\" data-end=\"646\">La Ley n.\u00ba 74 de fecha 23 de mayo de 2025 <\/strong>ha reabierto los plazos para la<strong data-start=\"56\" data-end=\"646\"> readquisici\u00f3n de la ciudadan\u00eda en favor de ex ciudadanos nacidos en Italia o que hayan residido en Italia durante al menos dos a\u00f1os continuos y que hayan perdido la ciudadan\u00eda no m\u00e1s all\u00e1 del 15 de agosto de 1992, <\/strong>en aplicaci\u00f3n del art\u00edculo 8, n\u00fameros 1 y 2, o del art\u00edculo 12 de la Ley n.\u00ba 555 de 1912 (naturalizaci\u00f3n en un pa\u00eds extranjero, renuncia a la ciudadan\u00eda a causa de la adquisici\u00f3n involuntaria de una ciudadan\u00eda extranjera, hijos menores convivientes con un progenitor que haya perdido la ciudadan\u00eda). La posibilidad de recuperaci\u00f3n<strong data-start=\"648\" data-end=\"818\"> no se aplica a quienes hayan renunciado a la ciudadan\u00eda italiana (o la hayan perdido por otra causa) a partir del 16 de agosto de 1992.<\/strong><\/p>\n<p style=\"text-align: justify;\" data-start=\"820\" data-end=\"934\"><strong data-start=\"820\" data-end=\"934\">Las declaraciones de readquisici\u00f3n podr\u00e1n presentarse entre el 1 de julio de 2025 y el 31 de diciembre de 2027.<\/strong><\/p>\n<p style=\"text-align: justify;\" data-start=\"936\" data-end=\"1129\">De conformidad con el art\u00edculo 15 de la Ley n.\u00ba 91\/1992, el interesado<strong data-start=\"936\" data-end=\"1129\"> no recupera la ciudadan\u00eda desde el d\u00eda de nacimiento<\/strong>, sino desde el d\u00eda siguiente a la presentaci\u00f3n de la declaraci\u00f3n.<\/p>\n<p style=\"text-align: justify;\" data-start=\"1131\" data-end=\"1447\">Quienes est\u00e9n interesados en obtener la readquisici\u00f3n deber\u00e1n solicitar un turno a trav\u00e9s del portal Prenot@mi (<span style=\"text-decoration: underline;\">los turnos se habilitan todos los mi\u00e9rcoles a las 19:00<\/span>), cargando directamente en el portal la siguiente documentaci\u00f3n: DNI anverso y reverso, y la <a href=\"https:\/\/consrosario.esteri.it\/wp-content\/uploads\/2026\/03\/ISTANZA-DI-RIACQUISTO-EX-ART-17-L-9192.pdf\">solicitud de readquisici\u00f3n<\/a> debidamente cumplimentada.<\/p>\n<p style=\"text-align: justify;\" data-start=\"1449\" data-end=\"1553\">El d\u00eda del turno ser\u00e1 necesario presentarse en el Consulado con la siguiente documentaci\u00f3n original:<\/p>\n<ul style=\"text-align: justify;\">\n<li style=\"text-align: justify;\" data-start=\"1449\" data-end=\"1553\"><strong>Documento de identidad vigente<\/strong> emitido por la Autoridad del pa\u00eds de ciudadan\u00eda actual;<\/li>\n<li style=\"text-align: justify;\" data-start=\"1449\" data-end=\"1553\"><strong>Certificado de nacimiento<\/strong>. Si naci\u00f3 en el extranjero, deber\u00e1 presentarse en la forma prevista para la transcripci\u00f3n en Italia, legalizado y traducido;<\/li>\n<li data-start=\"1803\" data-end=\"1922\"><strong>Para los nacidos en el extranjero, certificado hist\u00f3rico de residencia<\/strong> expedido por el Municipio italiano competente;<\/li>\n<li data-start=\"1925\" data-end=\"2009\"><strong>Certificado hist\u00f3rico de ciudadan\u00eda<\/strong> expedido por el Municipio italiano competente;<\/li>\n<li style=\"text-align: justify;\" data-start=\"2012\" data-end=\"2508\"><strong>Documentaci\u00f3n que demuestre la causa y la fecha de la p\u00e9rdida de la ciudadan\u00eda<\/strong> (deber\u00e1 demostrarse la adquisici\u00f3n de la ciudadan\u00eda extranjera y, en los casos previstos, la renuncia a la ciudadan\u00eda italiana: certificado de naturalizaci\u00f3n o, si as\u00ed lo prev\u00e9 la normativa local, certificado de nacimiento acompa\u00f1ado del certificado de ciudadan\u00eda y del t\u00edtulo en virtud del cual se ha adquirido; la documentaci\u00f3n emitida por autoridades extranjeras deber\u00e1 estar debidamente legalizada y traducida).<\/li>\n<\/ul>\n<p style=\"text-align: justify;\" data-start=\"2510\" data-end=\"2694\">Una vez firmada la solicitud y verificada la documentaci\u00f3n, se asignar\u00e1 un segundo turno para efectuar la<strong data-start=\"2510\" data-end=\"2694\"> declaraci\u00f3n<\/strong>, la cual deber\u00e1 ser realizada<strong data-start=\"2510\" data-end=\"2694\"> personalmente <\/strong>por el interesado.<\/p>\n<p style=\"text-align: justify;\" data-start=\"2696\" data-end=\"2973\">Para las declaraciones de readquisici\u00f3n de la ciudadan\u00eda italiana se requiere un aporte de<strong data-start=\"2696\" data-end=\"2973\"> \u20ac250, <\/strong>a abonar ante la Oficina Consular competente. En el momento de la asignaci\u00f3n del segundo turno se comunicar\u00e1n las instrucciones para realizar el pago postal en pesos argentinos.<\/p>\n","protected":false},"excerpt":{"rendered":"La Ley n.\u00ba 74 de fecha 23 de mayo de 2025 ha reabierto los plazos para la readquisici\u00f3n de la ciudadan\u00eda en favor de ex ciudadanos nacidos en Italia o que hayan residido en Italia durante al menos dos a\u00f1os continuos y que hayan perdido la ciudadan\u00eda no m\u00e1s all\u00e1 del 15 de agosto de [&hellip;]","protected":false},"author":5,"featured_media":0,"parent":8417,"menu_order":5,"comment_status":"closed","ping_status":"closed","template":"","meta":{"footnotes":""},"class_list":["post-8485","page","type-page","status-publish","hentry"],"_links":{"self":[{"href":"https:\/\/consrosario.esteri.it\/es\/wp-json\/wp\/v2\/pages\/8485","targetHints":{"allow":["GET"]}}],"collection":[{"href":"https:\/\/consrosario.esteri.it\/es\/wp-json\/wp\/v2\/pages"}],"about":[{"href":"https:\/\/consrosario.esteri.it\/es\/wp-json\/wp\/v2\/types\/page"}],"author":[{"embeddable":true,"href":"https:\/\/consrosario.esteri.it\/es\/wp-json\/wp\/v2\/users\/5"}],"replies":[{"embeddable":true,"href":"https:\/\/consrosario.esteri.it\/es\/wp-json\/wp\/v2\/comments?post=8485"}],"version-history":[{"count":6,"href":"https:\/\/consrosario.esteri.it\/es\/wp-json\/wp\/v2\/pages\/8485\/revisions"}],"predecessor-version":[{"id":12424,"href":"https:\/\/consrosario.esteri.it\/es\/wp-json\/wp\/v2\/pages\/8485\/revisions\/12424"}],"up":[{"embeddable":true,"href":"https:\/\/consrosario.esteri.it\/es\/wp-json\/wp\/v2\/pages\/8417"}],"wp:attachment":[{"href":"https:\/\/consrosario.esteri.it\/es\/wp-json\/wp\/v2\/media?parent=8485"}],"curies":[{"name":"wp","href":"https:\/\/api.w.org\/{rel}","templated":true}]}}