{"id":8844,"date":"2025-07-21T17:39:14","date_gmt":"2025-07-21T20:39:14","guid":{"rendered":""},"modified":"2026-03-16T10:46:04","modified_gmt":"2026-03-16T13:46:04","slug":"genitori-aventi-figli-minorenni-alla-data-del-24-maggio-2025-art-1-comma-1-ter-del-dl-36-2025","status":"publish","type":"page","link":"https:\/\/consrosario.esteri.it\/es\/servizi-consolari-e-visti\/servizi-per-il-cittadino-straniero\/cittadinanza_n\/acquisto-della-cittadinanza-per-beneficio-di-legge-figli-minori-nati-allestero\/genitori-aventi-figli-minorenni-alla-data-del-24-maggio-2025-art-1-comma-1-ter-del-dl-36-2025\/","title":{"rendered":"Padres con hijos menores de edad a la fecha del 24 de mayo de 2025 (art.1, p\u00e1rrafo 1-ter del Decreto Ley 36\/2025)"},"content":{"rendered":"<p style=\"text-align: justify;\"><span style=\"text-decoration: underline;\"><strong>Se recuerda que \u00fanicamente los ciudadanos italianos por nacimiento (llamados <em data-start=\"576\" data-end=\"592\">iure sanguinis<\/em>) pueden presentar la declaraci\u00f3n de adquisici\u00f3n por beneficio legal a favor de sus hijos menores de edad a la fecha del 24 de mayo de 2025. La fecha l\u00edmite para presentar dichas declaraciones es el 31 de mayo de 2029.<\/strong><\/span><\/p>\n<p style=\"text-align: justify;\">Los ciudadanos italianos que hayan adquirido la ciudadan\u00eda italiana por naturalizaci\u00f3n (matrimonio), por residencia en Italia o por adquisici\u00f3n en virtud de la Ley 379\/2000 (descendientes de personas nacidas y previamente residentes en territorios que pertenecieron al Imperio Austroh\u00fangaro) <strong data-start=\"1105\" data-end=\"1118\">no pueden<\/strong> transmitir la ciudadan\u00eda italiana a sus hijos conforme a los nuevos criterios.<\/p>\n<p style=\"text-align: justify;\">Para efectuar las declaraciones de voluntad de adquisici\u00f3n de la ciudadan\u00eda italiana en beneficio de hijos menores de edad a la fecha del 24 de mayo de 2025, <strong>es necesario conectarse al portal Fast-It y cargar toda la documentaci\u00f3n necesaria, accediendo al servicio denominado: \u00abACTA DE NACIMIENTO\u00bb.<\/strong><\/p>\n<p style=\"text-align: justify;\">Quienes lo deseen podr\u00e1n solicitar la adquisici\u00f3n de la ciudadan\u00eda para varios hijos menores. En este caso, por razones de celeridad y agilidad del procedimiento, se recomienda realizar la solicitud para todos los hijos menores de edad <span style=\"text-decoration: underline;\"><strong>en el mismo expediente Fast-It. <\/strong><\/span>Se recuerda que\u00a0el d\u00eda de la cita, los padres deber\u00e1n completar y firmar una declaraci\u00f3n por cada hijo menor.<\/p>\n<p style=\"text-align: justify;\"><strong>Para poder efectuar la declaraci\u00f3n en el Consulado, es necesario cargar previamente en el portal Fast-It la siguiente documentaci\u00f3n en el siguiente orden:<\/strong><\/p>\n<ol style=\"text-align: justify;\">\n<li><a href=\"https:\/\/consrosario.esteri.it\/wp-content\/uploads\/2025\/09\/Formulario-anagrafico.pdf\"><strong>Formulario anagr\u00e1fico actualizado<\/strong><\/a> (completado en todas sus partes y firmado por ambos padres);<\/li>\n<li><strong>Copia del DNI (ambas caras) vigente<\/strong> de ambos padres y del\/de los hijo(s) para quienes se desea efectuar la declaraci\u00f3n de adquisici\u00f3n de la ciudadan\u00eda;<\/li>\n<li><strong>Comprobante de domicilio en esta circunscripci\u00f3n consular:<\/strong> recibo de sueldo, constancia de obra social, contrato de trabajo o de alquiler registrado en la AFIP, certificado de escolaridad, recibo de jubilaci\u00f3n, inscripci\u00f3n en la AFIP. No se aceptar\u00e1n: licencia de conducir, certificados de domicilio emitidos por la Polic\u00eda o por el Registro Civil, impuestos provinciales o municipales, incluidos los relativos a autom\u00f3viles;<\/li>\n<li><strong>Acta de nacimiento del menor verificable online y acompa\u00f1ada de su respectiva traducci\u00f3n al italiano.<\/strong> Informaci\u00f3n adicional sobre los requisitos de las actas est\u00e1 disponible en la secci\u00f3n \u201cINDICACIONES SOBRE LAS ACTAS DE NACIMIENTO\u201d y \u201cACTAS EMITIDAS POR OTROS PA\u00cdSES\u201d;<\/li>\n<li><strong>Para los connacionales residentes que hayan reconstruido\/obtenido la ciudadan\u00eda italiana en este Consulado General:<\/strong> <a href=\"https:\/\/consrosario.esteri.it\/wp-content\/uploads\/2025\/07\/Modulo-dichiarazione-sostitutiva-di-certificazione-1.pdf\">declaraci\u00f3n jurada sustitutiva de certificado<\/a> realizada por uno de los padres declarantes, en la que declara ser ciudadano italiano desde el nacimiento y estar debidamente registrado en la circunscripci\u00f3n consular de este Consulado General. La declaraci\u00f3n <span style=\"text-decoration: underline;\"><strong>ser\u00e1 verificada<\/strong><\/span> por la Oficina antes de convocar a los padres para realizar la declaraci\u00f3n;<\/li>\n<li><strong>Para los connacionales residentes que NO hayan reconstruido\/obtenido la ciudadan\u00eda italiana en este Consulado General:<\/strong> <a href=\"https:\/\/consrosario.esteri.it\/wp-content\/uploads\/2025\/07\/Modulo-dichiarazione-sostitutiva-di-certificazione-1.pdf\">declaraci\u00f3n jurada sustitutiva de certificado<\/a> realizada por uno de los padres declarantes, en la que <span style=\"text-decoration: underline;\"><strong>declara ante qu\u00e9 Oficina p\u00fablica (Consulado italiano en el extranjero o Comune en Italia) obtuvo\/reconstruy\u00f3 la ciudadan\u00eda italiana<\/strong><\/span> y que es ciudadano italiano por nacimiento, debidamente registrado en la circunscripci\u00f3n consular de este Consulado General. La declaraci\u00f3n <span style=\"text-decoration: underline;\"><strong>ser\u00e1 verificada<\/strong><\/span> por la Oficina antes de convocar a los padres para realizar la declaraci\u00f3n;<\/li>\n<li><strong>En caso de fallecimiento de uno de los padres:<\/strong> acta de defunci\u00f3n del fallecido.<\/li>\n<\/ol>\n<p style=\"text-align: justify;\"><span style=\"text-decoration: underline;\"><strong>Una vez que toda la documentaci\u00f3n haya sido correctamente cargada, la Oficina la analizar\u00e1 y, tras verificar su integridad, enviar\u00e1 una comunicaci\u00f3n a los interesados para proceder con la firma de la declaraci\u00f3n en el Consulado.<\/strong><\/span><\/p>\n<p style=\"text-align: justify;\"><span style=\"text-decoration: underline;\"><strong>Ambos padres deber\u00e1n presentarse personalmente<\/strong> <strong>y firmar la declaraci\u00f3n de voluntad de adquisici\u00f3n de la ciudadan\u00eda italiana en beneficio del\/de el\/los hijo(s) menor(es) de edad ante el funcionario consular debidamente designado.<\/strong><\/span><\/p>\n<p style=\"text-align: justify;\">En el caso de que el hijo menor de edad al 24 de mayo de 2025 haya alcanzado la mayor\u00eda de edad mientras tanto (es decir, que haya cumplido los 18 a\u00f1os entre el 25 de mayo de 2025 y el 31 de mayo de 2029), <strong>deber\u00e1 realizar la declaraci\u00f3n personalmente<\/strong>.<\/p>\n<p style=\"text-align: justify;\">Se aclara que, si en la cita llegara a faltar uno de los dos padres, el procedimiento <strong>se concluir\u00e1 \u00fanicamente en el momento en que tambi\u00e9n firme el segundo progenitor<\/strong>.<br \/>\nEn caso de que los dos padres deban realizar la declaraci\u00f3n en momentos distintos, <strong>ambos deber\u00e1n presentar el acta de nacimiento del\/de la menor y su respectiva traducci\u00f3n al italiano<\/strong>.<\/p>\n<p style=\"text-align: justify;\"><strong>HIJOS ADOPTIVOS: <\/strong>Los padres que deseen efectuar la declaraci\u00f3n de adquisici\u00f3n de la ciudadan\u00eda italiana en beneficio de hijos adoptivos menores de edad deber\u00e1n escribir al correo <strong>legale.rosario@esteri.it<\/strong> con el siguiente asunto: <strong>\u201cHijos menores adoptivos a la fecha del 24\/5\/2025. Solicitud de cita para declaraci\u00f3n de adquisici\u00f3n de la ciudadan\u00eda italiana\u201d<\/strong>, a fin de obtener informaci\u00f3n precisa sobre la documentaci\u00f3n a presentar y la posterior asignaci\u00f3n de una cita para realizar la declaraci\u00f3n.<\/p>\n<p style=\"text-align: justify;\"><strong>CASOS DE FILIACI\u00d3N ESTABLECIDA RESPECTO A UNA SOLA PERSONA: <\/strong>El\/la ciudadano\/a italiano\/a por nacimiento, padre o madre de hijo(s) menor(es) reconocido\/a como \u00fanico\/a progenitor\/a respecto del\/de los cual(es) se haya establecido la filiaci\u00f3n, deber\u00e1 escribir al correo <strong>legale.rosario@esteri.it<\/strong> con el siguiente asunto: <strong>\u201cFiliaci\u00f3n establecida respecto a una sola persona para hijos menores a la fecha del 24\/5\/2025. Solicitud de cita para declaraci\u00f3n de adquisici\u00f3n de la ciudadan\u00eda italiana\u201d<\/strong>, a fin de obtener informaci\u00f3n precisa sobre la documentaci\u00f3n a presentar y la posterior asignaci\u00f3n de una cita para realizar la declaraci\u00f3n.<\/p>\n<p style=\"text-align: justify;\"><strong>INDICACIONES SOBRE LAS ACTAS DE NACIMIENTO<\/strong><\/p>\n<ul style=\"text-align: justify;\">\n<li data-start=\"100\" data-end=\"361\">Actas emitidas digitalmente por las provincias de <strong data-start=\"152\" data-end=\"191\">BUENOS AIRES, SANTA FE Y CORRIENTES<\/strong> con firma manuscrita o digital (tanto el acta como la firma digital deben ser emitidas por la Oficina del Registro Civil local), <strong data-start=\"321\" data-end=\"360\">traducidas \u00edntegramente al italiano<\/strong>.<\/li>\n<li data-start=\"363\" data-end=\"607\">Actas emitidas digitalmente por la provincia del <strong data-start=\"414\" data-end=\"423\">CHACO<\/strong> con firma manuscrita o digital (tanto el acta como la firma digital deben ser emitidas por la Oficina del Registro Civil local) <strong data-start=\"552\" data-end=\"569\">CON C\u00d3DIGO QR<\/strong>, traducidas \u00edntegramente al italiano.<\/li>\n<li data-start=\"609\" data-end=\"957\">Actas emitidas digitalmente por la provincia del <strong data-start=\"660\" data-end=\"669\">CHACO<\/strong> con firma manuscrita o digital (tanto el acta como la firma digital deben ser emitidas por la Oficina del Registro Civil local) <strong data-start=\"798\" data-end=\"815\">SIN C\u00d3DIGO QR<\/strong>. Deber\u00e1n presentarse con <strong data-start=\"841\" data-end=\"923\">Apostilla digital emitida por el \u201cMinisterio de Relaciones Exteriores y Culto\u201d<\/strong> y traducci\u00f3n \u00edntegra al italiano.<\/li>\n<li data-start=\"959\" data-end=\"1315\">Actas emitidas digitalmente por las provincias de <strong data-start=\"1011\" data-end=\"1045\">FORMOSA, MISIONES Y ENTRE R\u00cdOS<\/strong> con firma manuscrita o digital (tanto el acta como la firma digital deben ser emitidas por la Oficina del Registro Civil local), deber\u00e1n presentarse con <strong data-start=\"1199\" data-end=\"1281\">Apostilla digital emitida por el \u201cMinisterio de Relaciones Exteriores y Culto\u201d<\/strong> y traducci\u00f3n \u00edntegra al italiano.<\/li>\n<li data-start=\"1317\" data-end=\"1652\">Actas emitidas con <strong data-start=\"1338\" data-end=\"1381\">firma manuscrita de cualquier provincia<\/strong>, con firma manuscrita o digital (tanto el acta como la firma digital deben ser emitidas por la Oficina del Registro Civil local), deber\u00e1n presentarse con <strong data-start=\"1536\" data-end=\"1618\">Apostilla digital emitida por el \u201cMinisterio de Relaciones Exteriores y Culto\u201d<\/strong> y traducci\u00f3n \u00edntegra al italiano.<\/li>\n<\/ul>\n<p style=\"text-align: justify;\" data-start=\"1654\" data-end=\"1816\"><strong data-start=\"1654\" data-end=\"1816\">Las traducciones al italiano deben ser siempre completas e integrales. No se aceptan modelos biling\u00fces emitidos por la oficina del \u201cregistro civil\u201d argentino.<\/strong><\/p>\n<p style=\"text-align: justify;\"><strong>ACTAS EMITIDAS POR OTROS PAISES<\/strong><\/p>\n<p style=\"text-align: justify;\" data-start=\"1654\" data-end=\"1816\"><strong>A PRESENTAR A TRAVES DEL PORTAL FAST-IT\u00a0<\/strong><\/p>\n<ul style=\"text-align: justify;\">\n<li data-start=\"1860\" data-end=\"1905\">Actas emitidas por otros pa\u00edses debidamente formalizadas (<strong data-start=\"1967\" data-end=\"2003\">con Apostilla digital de La Haya<\/strong>), con <strong data-start=\"2010\" data-end=\"2074\">traducci\u00f3n desde el idioma original directamente al italiano<\/strong>, tambi\u00e9n provista de <strong data-start=\"2096\" data-end=\"2128\">Apostilla digital de La Haya<\/strong>. Es decir: <strong data-start=\"2142\" data-end=\"2216\">acta + apostilla digital + traducci\u00f3n al italiano + apostilla digital.<\/strong><\/li>\n<\/ul>\n<p style=\"text-align: justify;\"><strong>A PRESENTAR ANTE LA OFICINA<\/strong><\/p>\n<ul>\n<li style=\"text-align: justify;\" data-start=\"2260\" data-end=\"2398\">Actas emitidas por pa\u00edses que <strong data-start=\"2290\" data-end=\"2326\">no disponen de apostilla digital<\/strong>. Es decir:<br data-start=\"2337\" data-end=\"2340\" \/><strong data-start=\"2340\" data-end=\"2398\">acta + apostilla + traducci\u00f3n al italiano + apostilla.<\/strong><\/li>\n<li style=\"text-align: justify;\" data-start=\"2403\" data-end=\"2465\">Actas de la <strong data-start=\"2415\" data-end=\"2432\">Uni\u00f3n Europea<\/strong> en formato original pluriling\u00fce.<\/li>\n<li style=\"text-align: justify;\" data-start=\"2470\" data-end=\"2907\">Actas emitidas en pa\u00edses <strong data-start=\"2495\" data-end=\"2541\">que no han adherido al Convenio de La Haya<\/strong> deben ser <strong data-start=\"2552\" data-end=\"2619\">legalizadas por la representaci\u00f3n diplom\u00e1tico-consular italiana<\/strong> en el pa\u00eds de emisi\u00f3n, con traducci\u00f3n desde el idioma original <strong data-start=\"2683\" data-end=\"2711\">directamente al italiano<\/strong>, tambi\u00e9n <strong data-start=\"2721\" data-end=\"2789\">legalizada por la representaci\u00f3n diplom\u00e1tico-consular competente<\/strong>. Es decir:<br data-start=\"2800\" data-end=\"2803\" \/><strong data-start=\"2803\" data-end=\"2907\">acta + legalizaci\u00f3n de la sede consular + traducci\u00f3n al italiano + legalizaci\u00f3n de la sede consular.<\/strong><\/li>\n<\/ul>\n<p>&nbsp;<\/p>\n<p style=\"text-align: justify;\"><span style=\"text-decoration: underline;\"><strong>Con el fin de facilitar a todos los conciudadanos interesados la correcta presentaci\u00f3n de su tr\u00e1mite, hemos preparado un <a href=\"https:\/\/consrosario.esteri.it\/wp-content\/uploads\/2026\/03\/Vademecum-acquisto-cittadinanza-Promemoria-beneficio-di-legge-D.L.-36-2025.pdf\">recordatorio<\/a> que detalla la documentaci\u00f3n necesaria.<\/strong><\/span><\/p>\n","protected":false},"excerpt":{"rendered":"Se recuerda que \u00fanicamente los ciudadanos italianos por nacimiento (llamados iure sanguinis) pueden presentar la declaraci\u00f3n de adquisici\u00f3n por beneficio legal a favor de sus hijos menores de edad a la fecha del 24 de mayo de 2025. La fecha l\u00edmite para presentar dichas declaraciones es el 31 de mayo de 2029. Los ciudadanos italianos [&hellip;]","protected":false},"author":5,"featured_media":0,"parent":8470,"menu_order":0,"comment_status":"closed","ping_status":"closed","template":"","meta":{"footnotes":""},"class_list":["post-8844","page","type-page","status-publish","hentry"],"_links":{"self":[{"href":"https:\/\/consrosario.esteri.it\/es\/wp-json\/wp\/v2\/pages\/8844","targetHints":{"allow":["GET"]}}],"collection":[{"href":"https:\/\/consrosario.esteri.it\/es\/wp-json\/wp\/v2\/pages"}],"about":[{"href":"https:\/\/consrosario.esteri.it\/es\/wp-json\/wp\/v2\/types\/page"}],"author":[{"embeddable":true,"href":"https:\/\/consrosario.esteri.it\/es\/wp-json\/wp\/v2\/users\/5"}],"replies":[{"embeddable":true,"href":"https:\/\/consrosario.esteri.it\/es\/wp-json\/wp\/v2\/comments?post=8844"}],"version-history":[{"count":7,"href":"https:\/\/consrosario.esteri.it\/es\/wp-json\/wp\/v2\/pages\/8844\/revisions"}],"predecessor-version":[{"id":12502,"href":"https:\/\/consrosario.esteri.it\/es\/wp-json\/wp\/v2\/pages\/8844\/revisions\/12502"}],"up":[{"embeddable":true,"href":"https:\/\/consrosario.esteri.it\/es\/wp-json\/wp\/v2\/pages\/8470"}],"wp:attachment":[{"href":"https:\/\/consrosario.esteri.it\/es\/wp-json\/wp\/v2\/media?parent=8844"}],"curies":[{"name":"wp","href":"https:\/\/api.w.org\/{rel}","templated":true}]}}