{"id":8849,"date":"2025-07-21T17:46:36","date_gmt":"2025-07-21T20:46:36","guid":{"rendered":""},"modified":"2026-01-05T10:00:17","modified_gmt":"2026-01-05T13:00:17","slug":"genitori-di-figli-minorenni-nati-dopo-il-24-maggio-2025-art-4-comma-1-bis-lett-b-della-legge-91-1992","status":"publish","type":"page","link":"https:\/\/consrosario.esteri.it\/es\/servizi-consolari-e-visti\/servizi-per-il-cittadino-straniero\/cittadinanza_n\/acquisto-della-cittadinanza-per-beneficio-di-legge-figli-minori-nati-allestero\/genitori-di-figli-minorenni-nati-dopo-il-24-maggio-2025-art-4-comma-1-bis-lett-b-della-legge-91-1992\/","title":{"rendered":"Padres de hijos menores de edad nacidos despu\u00e9s del 24 de mayo de 2025 (art. 4, p\u00e1rrafo 1-bis, letra b) de la Ley 91\/1992)"},"content":{"rendered":"<p style=\"text-align: justify;\" data-start=\"191\" data-end=\"500\"><span style=\"text-decoration: underline;\"><strong>En este caso, la declaraci\u00f3n deber\u00e1 ser obligatoriamente realizada dentro de los primeros 3 a\u00f1os de vida del\/de el\/los hijo(s) menor(es).<\/strong><\/span><\/p>\n<p style=\"text-align: justify;\"><span style=\"text-decoration: underline;\"><strong>Se recuerda que \u00fanicamente los ciudadanos italianos por nacimiento (<em data-start=\"392\" data-end=\"408\">iure sanguinis<\/em>) pueden efectuar la declaraci\u00f3n de adquisici\u00f3n por beneficio legal en favor de sus hijos.<\/strong><\/span><\/p>\n<p style=\"text-align: justify;\" data-start=\"502\" data-end=\"864\">Los ciudadanos italianos que hayan adquirido la ciudadan\u00eda por naturalizaci\u00f3n (matrimonio), por residencia en Italia o por adquisici\u00f3n seg\u00fan la Ley 379\/2000 (descendientes de personas nacidas y previamente residentes en territorios que pertenecieron al Imperio Austroh\u00fangaro) <strong data-start=\"778\" data-end=\"802\">no pueden transmitir<\/strong> la ciudadan\u00eda italiana a sus hijos bajo los nuevos criterios.<\/p>\n<p style=\"text-align: justify;\" data-start=\"866\" data-end=\"1205\">Para efectuar las declaraciones de voluntad de adquisici\u00f3n de la ciudadan\u00eda italiana en beneficio de hijos menores nacidos despu\u00e9s del 24 de mayo de 2025, <strong>es necesario acceder al portal Fast-It y cargar toda la documentaci\u00f3n requerida, accediendo al servicio denominado: \u00abACTA DE NACIMIENTO\u00bb.<\/strong><\/p>\n<p style=\"text-align: justify;\" data-start=\"1207\" data-end=\"1497\">Para quienes lo deseen, es posible solicitar la ciudadan\u00eda para varios hijos menores.\u00a0En este caso, por razones de celeridad y agilidad del procedimiento, se recomienda realizar la solicitud para todos los hijos menores de edad <strong>en el mismo expediente Fast-It. <\/strong>Se recuerda que el d\u00eda de la cita los padres deber\u00e1n completar y firmar una declaraci\u00f3n por cada hijo menor.<\/p>\n<p style=\"text-align: justify;\">Para poder efectuar la declaraci\u00f3n en el Consulado, es necesario cargar previamente en el portal Fast-It la siguiente documentaci\u00f3n en el orden que se indica a continuaci\u00f3n:<\/p>\n<ol style=\"text-align: justify;\">\n<li data-start=\"247\" data-end=\"356\"><a href=\"https:\/\/consrosario.esteri.it\/wp-content\/uploads\/2025\/09\/Formulario-anagrafico.pdf\"><strong data-start=\"247\" data-end=\"293\">Formulario de datos personales actualizado<\/strong><\/a> (completado en todas sus partes y firmado por ambos padres);<\/li>\n<li data-start=\"360\" data-end=\"524\"><strong data-start=\"360\" data-end=\"399\">Copia de un DNI (anverso y reverso)<\/strong> vigente de ambos padres y del\/de los hijo\/s para los que se desea efectuar la declaraci\u00f3n de adquisici\u00f3n de la ciudadan\u00eda;<\/li>\n<li data-start=\"528\" data-end=\"968\"><strong data-start=\"528\" data-end=\"585\">Prueba de domicilio en esta circunscripci\u00f3n consular<\/strong>: recibo de sueldo, comprobante de obra social, contrato de trabajo o de alquiler registrado en la AFIP, certificado de escolaridad, recibo de jubilaci\u00f3n, inscripci\u00f3n en la AFIP. No se aceptar\u00e1n: licencia de conducir, certificados de domicilio emitidos por la Polic\u00eda o por el Registro Civil, impuestos provinciales o municipales, incluidos los relacionados con veh\u00edculos;<\/li>\n<li data-start=\"972\" data-end=\"1157\"><strong data-start=\"1161\" data-end=\"1193\">Acta de nacimiento del menor<\/strong> verificable en l\u00ednea y acompa\u00f1ada de la respectiva <strong data-start=\"1245\" data-end=\"1271\">traducci\u00f3n al italiano<\/strong>. M\u00e1s informaci\u00f3n sobre los requisitos de los documentos est\u00e1 disponible en las secciones \u201cINDICAZIONI IN MERITO AGLI ATTI DI NASCITA\u201d y \u201cATTI EMESSI DA ALTRI PAESI\u201d;<\/li>\n<li><strong>Para los connacionales residentes que hayan reconstruido\/obtenido la ciudadan\u00eda italiana en este Consulado General:<\/strong> <a href=\"https:\/\/consrosario.esteri.it\/wp-content\/uploads\/2025\/07\/Modulo-dichiarazione-sostitutiva-di-certificazione-1.pdf\">declaraci\u00f3n jurada sustitutiva de certificado<\/a> realizada por uno de los padres declarantes, en la que declara ser ciudadano italiano desde el nacimiento y estar debidamente registrado en la circunscripci\u00f3n consular de este Consulado General. La declaraci\u00f3n <strong>ser\u00e1 verificada<\/strong> por la Oficina antes de convocar a los padres para realizar la declaraci\u00f3n;<\/li>\n<li><strong>Para los connacionales residentes que NO hayan reconstruido\/obtenido la ciudadan\u00eda italiana en este Consulado General:<\/strong> <a href=\"https:\/\/consrosario.esteri.it\/wp-content\/uploads\/2025\/07\/Modulo-dichiarazione-sostitutiva-di-certificazione-1.pdf\">declaraci\u00f3n jurada sustitutiva de certificado<\/a> realizada por uno de los padres declarantes, en la que <strong>declara ante qu\u00e9 Oficina p\u00fablica (Consulado italiano en el extranjero o Comune en Italia) obtuvo\/reconstruy\u00f3 la ciudadan\u00eda italiana<\/strong> y que es ciudadano italiano por nacimiento, debidamente registrado en la circunscripci\u00f3n consular de este Consulado General. La declaraci\u00f3n <strong>ser\u00e1 verificada<\/strong> por la Oficina antes de convocar a los padres para realizar la declaraci\u00f3n;<\/li>\n<li data-start=\"2831\" data-end=\"2916\"><strong data-start=\"2831\" data-end=\"2882\">En caso de que uno de los padres haya fallecido<\/strong>: acta de defunci\u00f3n del fallecido.<\/li>\n<\/ol>\n<p style=\"text-align: justify;\">Una vez cargada correctamente toda la documentaci\u00f3n, la Oficina la analizar\u00e1 y, tras verificar su integridad, enviar\u00e1 una comunicaci\u00f3n a los interesados para proceder a la firma de la declaraci\u00f3n en el Consulado. <strong>Ambos padres deber\u00e1n presentarse en persona y firmar la declaraci\u00f3n de voluntad de adquisici\u00f3n de la ciudadan\u00eda italiana en beneficio del\/de los hijo\/s menor\/es ante el funcionario consular especialmente designado.<\/strong><br \/>\nSe precisa que, en caso de que a la cita asista solo uno de los dos padres, el procedimiento se considerar\u00e1 concluido <strong>\u00fanicamente en el momento en que tambi\u00e9n el segundo progenitor haya firmado la declaraci\u00f3n.<\/strong><br \/>\nEn caso de que los dos padres realicen la declaraci\u00f3n en momentos distintos, <strong>ambos deber\u00e1n presentar el acta de nacimiento del menor y su respectiva traducci\u00f3n al italiano.<\/strong><\/p>\n<p style=\"text-align: justify;\"><strong>HIJOS ADOPTIVOS: <\/strong>Los padres que deseen efectuar la declaraci\u00f3n de adquisici\u00f3n de la ciudadan\u00eda italiana en beneficio de hijos menores adoptivos deber\u00e1n escribir al correo <strong>legale.rosario@esteri.it<\/strong> con el siguiente asunto: <strong>\u201cFigli minorenni adottivi nati a partire dalla data del 24\/5\/2025. Richiesta appuntamento per dichiarazione d\u2019acquisto della cittadinanza italiana\u201d<\/strong> con el fin de recibir informaci\u00f3n precisa sobre la documentaci\u00f3n a presentar y la posterior asignaci\u00f3n de una cita para efectuar la declaraci\u00f3n.<\/p>\n<p style=\"text-align: justify;\"><strong>CASOS DE FILIACI\u00d3N ESTABLECIDA RESPECTO A UNA SOLA PERSONA: <\/strong>El\/la ciudadano\/a italiano\/a por nacimiento, padre o madre de hijo\/s menor\/es reconocido\/a como \u00fanico progenitor respecto del\/de los cual\/es se ha establecido la filiaci\u00f3n, deber\u00e1 escribir al correo <strong>legale.rosario@esteri.it<\/strong> con el siguiente asunto: <strong>\u201cFiliazione stabilita nei confronti di una sola persona per figli nati a partire dal 24\/5\/2025. Richiesta appuntamento per dichiarazione d\u2019acquisto della cittadinanza italiana\u201d<\/strong> para recibir informaci\u00f3n precisa sobre la documentaci\u00f3n a presentar y la posterior asignaci\u00f3n de una cita para adquirir la declaraci\u00f3n.<\/p>\n<p style=\"text-align: justify;\"><strong>INDICACIONES SOBRE LAS ACTAS DE NACIMIENTO<\/strong><\/p>\n<ul style=\"text-align: justify;\">\n<li data-start=\"100\" data-end=\"361\">Actas emitidas digitalmente por las provincias de <strong data-start=\"152\" data-end=\"191\">BUENOS AIRES, SANTA FE Y CORRIENTES<\/strong> con firma manuscrita o digital (tanto el acta como la firma digital deben ser emitidas por la Oficina del Registro Civil local), <strong data-start=\"321\" data-end=\"360\">traducidas \u00edntegramente al italiano<\/strong>.<\/li>\n<li data-start=\"363\" data-end=\"607\">Actas emitidas digitalmente por la provincia del <strong data-start=\"414\" data-end=\"423\">CHACO<\/strong> con firma manuscrita o digital (tanto el acta como la firma digital deben ser emitidas por la Oficina del Registro Civil local) <strong data-start=\"552\" data-end=\"569\">CON C\u00d3DIGO QR<\/strong>, traducidas \u00edntegramente al italiano.<\/li>\n<li data-start=\"609\" data-end=\"957\">Actas emitidas digitalmente por la provincia del <strong data-start=\"660\" data-end=\"669\">CHACO<\/strong> con firma manuscrita o digital (tanto el acta como la firma digital deben ser emitidas por la Oficina del Registro Civil local) <strong data-start=\"798\" data-end=\"815\">SIN C\u00d3DIGO QR<\/strong>. Deber\u00e1n presentarse con <strong data-start=\"841\" data-end=\"923\">Apostilla digital emitida por el \u201cMinisterio de Relaciones Exteriores y Culto\u201d<\/strong> y traducci\u00f3n \u00edntegra al italiano.<\/li>\n<li data-start=\"959\" data-end=\"1315\">Actas emitidas digitalmente por las provincias de <strong data-start=\"1011\" data-end=\"1045\">FORMOSA, MISIONES Y ENTRE R\u00cdOS<\/strong> con firma manuscrita o digital (tanto el acta como la firma digital deben ser emitidas por la Oficina del Registro Civil local), deber\u00e1n presentarse con <strong data-start=\"1199\" data-end=\"1281\">Apostilla digital emitida por el \u201cMinisterio de Relaciones Exteriores y Culto\u201d<\/strong> y traducci\u00f3n \u00edntegra al italiano.<\/li>\n<li data-start=\"1317\" data-end=\"1652\">Actas emitidas con <strong data-start=\"1338\" data-end=\"1381\">firma manuscrita de cualquier provincia<\/strong>, con firma manuscrita o digital (tanto el acta como la firma digital deben ser emitidas por la Oficina del Registro Civil local), deber\u00e1n presentarse con <strong data-start=\"1536\" data-end=\"1618\">Apostilla digital emitida por el \u201cMinisterio de Relaciones Exteriores y Culto\u201d<\/strong> y traducci\u00f3n \u00edntegra al italiano.<\/li>\n<\/ul>\n<p style=\"text-align: justify;\" data-start=\"1654\" data-end=\"1816\"><strong data-start=\"1654\" data-end=\"1816\">Las traducciones al italiano deben ser siempre completas e integrales. No se aceptan modelos biling\u00fces emitidos por la oficina del \u201cregistro civil\u201d argentino.<\/strong><\/p>\n<p style=\"text-align: justify;\"><strong>ACTAS EMITIDAS POR OTROS PAISES<\/strong><\/p>\n<p style=\"text-align: justify;\" data-start=\"1654\" data-end=\"1816\"><strong>A PRESENTAR A TRAVES DEL PORTAL FAST-IT\u00a0<\/strong><\/p>\n<ul style=\"text-align: justify;\">\n<li data-start=\"1860\" data-end=\"1905\">Actas emitidas por otros pa\u00edses debidamente formalizadas (<strong data-start=\"1967\" data-end=\"2003\">con Apostilla digital de La Haya<\/strong>), con <strong data-start=\"2010\" data-end=\"2074\">traducci\u00f3n desde el idioma original directamente al italiano<\/strong>, tambi\u00e9n provista de <strong data-start=\"2096\" data-end=\"2128\">Apostilla digital de La Haya<\/strong>. Es decir: <strong data-start=\"2142\" data-end=\"2216\">acta + apostilla digital + traducci\u00f3n al italiano + apostilla digital.<\/strong><\/li>\n<\/ul>\n<p style=\"text-align: justify;\"><strong>A PRESENTAR ANTE LA OFICINA<\/strong><\/p>\n<ul>\n<li style=\"text-align: justify;\" data-start=\"2260\" data-end=\"2398\">Actas emitidas por pa\u00edses que <strong data-start=\"2290\" data-end=\"2326\">no disponen de apostilla digital<\/strong>. Es decir:<br data-start=\"2337\" data-end=\"2340\" \/><strong data-start=\"2340\" data-end=\"2398\">acta + apostilla + traducci\u00f3n al italiano + apostilla.<\/strong><\/li>\n<li style=\"text-align: justify;\" data-start=\"2403\" data-end=\"2465\">Actas de la <strong data-start=\"2415\" data-end=\"2432\">Uni\u00f3n Europea<\/strong> en formato original pluriling\u00fce.<\/li>\n<li style=\"text-align: justify;\" data-start=\"2470\" data-end=\"2907\">Actas emitidas en pa\u00edses <strong data-start=\"2495\" data-end=\"2541\">que no han adherido al Convenio de La Haya<\/strong> deben ser <strong data-start=\"2552\" data-end=\"2619\">legalizadas por la representaci\u00f3n diplom\u00e1tico-consular italiana<\/strong> en el pa\u00eds de emisi\u00f3n, con traducci\u00f3n desde el idioma original <strong data-start=\"2683\" data-end=\"2711\">directamente al italiano<\/strong>, tambi\u00e9n <strong data-start=\"2721\" data-end=\"2789\">legalizada por la representaci\u00f3n diplom\u00e1tico-consular competente<\/strong>. Es decir:<br data-start=\"2800\" data-end=\"2803\" \/><strong data-start=\"2803\" data-end=\"2907\">acta + legalizaci\u00f3n de la sede consular + traducci\u00f3n al italiano + legalizaci\u00f3n de la sede consular.<\/strong><\/li>\n<\/ul>\n<p>&nbsp;<\/p>\n<p style=\"text-align: justify;\"><strong><span style=\"text-decoration: underline;\">Con el fin de facilitar a todos los usuarios interesados la correcta presentaci\u00f3n de su tr\u00e1mite, hemos preparado un<\/span> <a href=\"https:\/\/consrosario.esteri.it\/wp-content\/uploads\/2026\/01\/Vademecum-acquisto-cittadinanza-L.-91-1992-art.-4-parrafo-1-bis-letra-b.pdf\">recordatorio<\/a> que detalla la documentaci\u00f3n necesaria<\/strong>.<\/p>\n","protected":false},"excerpt":{"rendered":"En este caso, la declaraci\u00f3n deber\u00e1 ser obligatoriamente realizada dentro de los primeros 3 a\u00f1os de vida del\/de el\/los hijo(s) menor(es). Se recuerda que \u00fanicamente los ciudadanos italianos por nacimiento (iure sanguinis) pueden efectuar la declaraci\u00f3n de adquisici\u00f3n por beneficio legal en favor de sus hijos. Los ciudadanos italianos que hayan adquirido la ciudadan\u00eda por [&hellip;]","protected":false},"author":5,"featured_media":0,"parent":8470,"menu_order":1,"comment_status":"closed","ping_status":"closed","template":"","meta":{"footnotes":""},"class_list":["post-8849","page","type-page","status-publish","hentry"],"_links":{"self":[{"href":"https:\/\/consrosario.esteri.it\/es\/wp-json\/wp\/v2\/pages\/8849","targetHints":{"allow":["GET"]}}],"collection":[{"href":"https:\/\/consrosario.esteri.it\/es\/wp-json\/wp\/v2\/pages"}],"about":[{"href":"https:\/\/consrosario.esteri.it\/es\/wp-json\/wp\/v2\/types\/page"}],"author":[{"embeddable":true,"href":"https:\/\/consrosario.esteri.it\/es\/wp-json\/wp\/v2\/users\/5"}],"replies":[{"embeddable":true,"href":"https:\/\/consrosario.esteri.it\/es\/wp-json\/wp\/v2\/comments?post=8849"}],"version-history":[{"count":6,"href":"https:\/\/consrosario.esteri.it\/es\/wp-json\/wp\/v2\/pages\/8849\/revisions"}],"predecessor-version":[{"id":11437,"href":"https:\/\/consrosario.esteri.it\/es\/wp-json\/wp\/v2\/pages\/8849\/revisions\/11437"}],"up":[{"embeddable":true,"href":"https:\/\/consrosario.esteri.it\/es\/wp-json\/wp\/v2\/pages\/8470"}],"wp:attachment":[{"href":"https:\/\/consrosario.esteri.it\/es\/wp-json\/wp\/v2\/media?parent=8849"}],"curies":[{"name":"wp","href":"https:\/\/api.w.org\/{rel}","templated":true}]}}