{"id":9032,"date":"2025-07-22T14:46:11","date_gmt":"2025-07-22T17:46:11","guid":{"rendered":"https:\/\/consrosario.esteri.it\/servizi-consolari-e-visti\/servizi-per-il-cittadino-straniero\/cittadinanza_n\/cittadinanza-e-adozione\/presentazione-della-domanda-con-invio-per-posta-raccomandata\/"},"modified":"2025-07-22T17:24:16","modified_gmt":"2025-07-22T20:24:16","slug":"presentazione-della-domanda-con-invio-per-posta-raccomandata","status":"publish","type":"page","link":"https:\/\/consrosario.esteri.it\/es\/servizi-consolari-e-visti\/servizi-per-il-cittadino-straniero\/cittadinanza_n\/cittadinanza-e-adozione\/presentazione-della-domanda-con-invio-per-posta-raccomandata\/","title":{"rendered":"Presentaci\u00f3n de la documentaci\u00f3n por correo certificado"},"content":{"rendered":"<div class=\"entry-content\">\n<p style=\"text-align: justify;\">Si el solicitante opta por el env\u00edo por correo, <strong>deber\u00e1 autenticar su firma ante un notario p\u00fablico. La autentificaci\u00f3n debe contar con Apostilla de La Haya<\/strong>.<br \/>\nLuego, deber\u00e1 sacar una cita en Prenot@Mi seleccionando el turno \u201c<strong>Cittadinanza iure sanguinis (autentica via notaio)<\/strong>\u201d.<\/p>\n<p>El d\u00eda indicado (<strong>ni antes ni despu\u00e9s<\/strong>), enviar por correo certificado un sobre que contenga:<\/p>\n<ul>\n<li style=\"text-align: justify;\">toda la documentaci\u00f3n requerida, incluyendo el <a href=\"https:\/\/consrosario.esteri.it\/wp-content\/uploads\/2025\/07\/istanza_di_riconoscimento_della_cittadinanza_italiana.pdf\">formulario de reconstrucci\u00f3n de ciudadan\u00eda<\/a> y la <a href=\"https:\/\/consrosario.esteri.it\/wp-content\/uploads\/2025\/07\/Scheda-per-invio-documentazione-2025.pdf\">declaraci\u00f3n de documentos enviados;<\/a><\/li>\n<li style=\"text-align: justify;\">los giros postales correspondientes;<\/li>\n<li style=\"text-align: justify;\">copia del correo electr\u00f3nico que confirme el turno.<\/li>\n<\/ul>\n<p style=\"text-align: justify;\" data-start=\"1138\" data-end=\"1164\">El sobre debe dirigirse a:<br \/>\n<strong>Consulado General de Italia \u2013 Rosario<\/strong><br \/>\n<strong>Oficina de Ciudadan\u00eda (Turno Prenotami)<\/strong><br \/>\n<strong>Montevideo 2182 <\/strong><br \/>\n<strong>(2000) Rosario (Santa Fe)<\/strong><\/p>\n<div class=\"flex max-w-full flex-col grow\">\n<div class=\"min-h-8 text-message relative flex w-full flex-col items-end gap-2 text-start break-words whitespace-normal [.text-message+&amp;]:mt-5\" dir=\"auto\" data-message-author-role=\"assistant\" data-message-id=\"62af2d05-264b-40bd-833a-ac3d69ba5d1c\" data-message-model-slug=\"gpt-4o\">\n<div class=\"flex w-full flex-col gap-1 empty:hidden first:pt-[3px]\">\n<div class=\"markdown prose dark:prose-invert w-full break-words light\">\n<p style=\"text-align: justify;\" data-start=\"1286\" data-end=\"1432\">La fecha del matasellos postal ser\u00e1 tomada como prueba de env\u00edo.<\/p>\n<blockquote>\n<p style=\"text-align: justify;\" data-start=\"1286\" data-end=\"1432\"><span style=\"text-decoration: underline;\"><strong data-start=\"2289\" data-end=\"2341\">TODAS LAS CITAS SON GRATUITAS E INTRANSFERIBLES.<br \/>\n<\/strong><\/span><strong><span style=\"text-decoration: underline;\">LAS SOLICITUDES SON PERSONALES Y NING\u00daN GESTOR O AGENCIA EST\u00c1 AUTORIZADO A SOLICITARLAS.<\/span><br \/>\n<\/strong><\/p>\n<\/blockquote>\n<p style=\"text-align: justify;\" data-start=\"1286\" data-end=\"1432\">Tras recibir la documentaci\u00f3n, la Oficina enviar\u00e1 los comprobantes de pago directamente por e\u2011mail.<\/p>\n<div class=\"flex max-w-full flex-col grow\">\n<div class=\"min-h-8 text-message relative flex w-full flex-col items-end gap-2 text-start break-words whitespace-normal [.text-message+&amp;]:mt-5\" dir=\"auto\" data-message-author-role=\"assistant\" data-message-id=\"62af2d05-264b-40bd-833a-ac3d69ba5d1c\" data-message-model-slug=\"gpt-4o\">\n<div class=\"flex w-full flex-col gap-1 empty:hidden first:pt-[3px]\" style=\"text-align: justify;\">\n<div class=\"markdown prose dark:prose-invert w-full break-words light\">\n<p data-start=\"1434\" data-end=\"1530\"><strong data-start=\"1434\" data-end=\"1530\">No es posible solicitar, modificar o gestionar citas por correo electr\u00f3nico o en ventanilla.<\/strong><\/p>\n<p data-start=\"1532\" data-end=\"1628\"><strong>Los turnos para esta modalidad se habilitan los domingos, lunes, mi\u00e9rcoles y jueves a las 18:00.<\/strong><\/p>\n<p data-start=\"1532\" data-end=\"1628\">Las <strong data-start=\"2503\" data-end=\"2540\">actas de estado civil extranjeras (ni italianas ni argentinas, es decir de terceros Pa\u00edses)<\/strong>\u00a0deben presentarse formalmente perfeccionadas (legalizadas por la representaci\u00f3n diplom\u00e1tico\u2011consular italiana o con <strong data-start=\"2657\" data-end=\"2681\">Apostilla de La Haya<\/strong>) y traducidas al italiano con autenticaci\u00f3n consular;<\/p>\n<p data-start=\"1532\" data-end=\"1628\"><strong data-start=\"2738\" data-end=\"2755\">No se aceptan<\/strong> traducciones en modulos biling\u00fce emitidos por el Registro Civil;<\/p>\n<\/div>\n<\/div>\n<p style=\"text-align: justify;\"><strong>Para solicitar el certificado de no naturalizacion argentina al Poder Judicial<\/strong>, utilizar el siguiente enlace: <a href=\"http:\/\/www.pjn.gov.ar\/\">http:\/\/www.pjn.gov.ar\u00a0 <\/a>(-&gt; Justicia Nacional Electoral -&gt; Tr\u00e1mites y formularios -&gt; \u00abSolicitud de certificado de NO CIUDADANO ARGENTINO\u00bb).<\/p>\n<p><strong>HIJOS ADOPTIVOS<br \/>\n<\/strong>Adem\u00e1s de la documentaci\u00f3n mencionada:<\/p>\n<p style=\"text-align: justify;\">&#8211; Declaraci\u00f3n sustitutiva de certificaci\u00f3n firmada por el adoptado;<br \/>\n&#8211; Copia certificada de la sentencia de adopci\u00f3n expedida por el tribunal competente, con <strong data-start=\"3049\" data-end=\"3073\">Apostilla de La Haya<\/strong> y traducci\u00f3n al italiano<br \/>\n&#8211; Certificado del tribunal que indique la fecha de firmeza de la sentencia de adopci\u00f3n, con <strong data-start=\"3194\" data-end=\"3218\">Apostilla de La Haya<\/strong> y traducci\u00f3n al italiano.<\/p>\n<p><strong>ACTAS DIGITALES<br \/>\n<\/strong>Las actas digitales emitidas por los Registros de Estado Civil argentinos deben ser verificables mediante c\u00f3digo de validaci\u00f3n o QR.<br \/>\nEsto <strong data-start=\"3413\" data-end=\"3429\">no garantiza<\/strong> que el acta pueda ser transcrita en Italia.<\/p>\n<p style=\"text-align: justify;\" data-start=\"3475\" data-end=\"3531\">Para las actas emitidas en Misiones o Entre R\u00edos, se aceptar\u00e1:<\/p>\n<ul style=\"text-align: justify;\">\n<li data-start=\"3535\" data-end=\"3604\">Acta firmada en original por el responsable del registro;<br data-start=\"3592\" data-end=\"3595\" \/><strong data-start=\"3597\" data-end=\"3602\">o<\/strong><\/li>\n<li data-start=\"3607\" data-end=\"3662\">Acta firmada digitalmente con <strong data-start=\"3637\" data-end=\"3661\">Apostilla de La Haya<\/strong>.<\/li>\n<\/ul>\n<p style=\"text-align: justify;\" data-start=\"3664\" data-end=\"3706\">Adem\u00e1s, el documento debe ser <strong data-start=\"3694\" data-end=\"3705\">legible<\/strong>.<\/p>\n<p style=\"text-align: justify;\" data-start=\"3708\" data-end=\"3990\">La autoridad competente para determinar la ciudadan\u00eda depende del lugar de residencia. La solicitud debe ser presentada en el Consulado correspondiente al domicilio del solicitante. Seg\u00fan el C\u00f3digo Civil italiano, la residencia es el lugar donde la persona tiene su domicilio habitual.<\/p>\n<p style=\"text-align: justify;\" data-start=\"3992\" data-end=\"4303\" data-is-last-node=\"\" data-is-only-node=\"\">La <strong data-start=\"3995\" data-end=\"4023\">circunscripci\u00f3n consular<\/strong> de este Consulado General comprende las provincias de <strong data-start=\"4078\" data-end=\"4140\">Santa Fe, Entre R\u00edos, Corrientes, Misiones, Formosa, Chaco<\/strong> y el <strong data-start=\"4146\" data-end=\"4187\">norte de la provincia de Buenos Aires<\/strong> (partidos de Pergamino, Arrecifes, Carmen de Areco, Capit\u00e1n Sarmiento, Col\u00f3n, Ramallo, Rojas, Salto y San\u202fNicol\u00e1s).<\/p>\n<\/div>\n<\/div>\n<\/div>\n<\/div>\n<\/div>\n<\/div>\n<\/div>\n","protected":false},"excerpt":{"rendered":"Si el solicitante opta por el env\u00edo por correo, deber\u00e1 autenticar su firma ante un notario p\u00fablico. La autentificaci\u00f3n debe contar con Apostilla de La Haya. Luego, deber\u00e1 sacar una cita en Prenot@Mi seleccionando el turno \u201cCittadinanza iure sanguinis (autentica via notaio)\u201d. El d\u00eda indicado (ni antes ni despu\u00e9s), enviar por correo certificado un sobre [&hellip;]","protected":false},"author":10,"featured_media":0,"parent":8422,"menu_order":0,"comment_status":"closed","ping_status":"closed","template":"","meta":{"footnotes":""},"class_list":["post-9032","page","type-page","status-publish","hentry"],"_links":{"self":[{"href":"https:\/\/consrosario.esteri.it\/es\/wp-json\/wp\/v2\/pages\/9032","targetHints":{"allow":["GET"]}}],"collection":[{"href":"https:\/\/consrosario.esteri.it\/es\/wp-json\/wp\/v2\/pages"}],"about":[{"href":"https:\/\/consrosario.esteri.it\/es\/wp-json\/wp\/v2\/types\/page"}],"author":[{"embeddable":true,"href":"https:\/\/consrosario.esteri.it\/es\/wp-json\/wp\/v2\/users\/10"}],"replies":[{"embeddable":true,"href":"https:\/\/consrosario.esteri.it\/es\/wp-json\/wp\/v2\/comments?post=9032"}],"version-history":[{"count":4,"href":"https:\/\/consrosario.esteri.it\/es\/wp-json\/wp\/v2\/pages\/9032\/revisions"}],"predecessor-version":[{"id":9045,"href":"https:\/\/consrosario.esteri.it\/es\/wp-json\/wp\/v2\/pages\/9032\/revisions\/9045"}],"up":[{"embeddable":true,"href":"https:\/\/consrosario.esteri.it\/es\/wp-json\/wp\/v2\/pages\/8422"}],"wp:attachment":[{"href":"https:\/\/consrosario.esteri.it\/es\/wp-json\/wp\/v2\/media?parent=9032"}],"curies":[{"name":"wp","href":"https:\/\/api.w.org\/{rel}","templated":true}]}}