{"id":9052,"date":"2025-07-22T14:51:16","date_gmt":"2025-07-22T17:51:16","guid":{"rendered":"https:\/\/consrosario.esteri.it\/servizi-consolari-e-visti\/servizi-per-il-cittadino-straniero\/cittadinanza_n\/cittadinanza-e-adozione\/presentazione-della-domanda-con-consegna-brevi-manu-presso-il-consolato-generale\/"},"modified":"2025-11-11T10:56:49","modified_gmt":"2025-11-11T13:56:49","slug":"presentazione-della-domanda-con-consegna-brevi-manu-presso-il-consolato-generale","status":"publish","type":"page","link":"https:\/\/consrosario.esteri.it\/es\/servizi-consolari-e-visti\/servizi-per-il-cittadino-straniero\/cittadinanza_n\/cittadinanza-e-adozione\/presentazione-della-domanda-con-consegna-brevi-manu-presso-il-consolato-generale\/","title":{"rendered":"Presentaci\u00f3n de la documentaci\u00f3n con entrega directa en el Consulado General"},"content":{"rendered":"<div class=\"entry-content\">\n<p style=\"text-align: justify;\" data-start=\"1712\" data-end=\"1824\">Quienes prefieran entregar la documentaci\u00f3n personalmente, pueden <strong>autenticar la firma ante un funcionario consular<\/strong>.<\/p>\n<p style=\"text-align: justify;\" data-start=\"1712\" data-end=\"1824\">Deben sacar una cita en Prenot@Mi bajo la opci\u00f3n \u201c<strong>Cittadinanza iure sanguinis (autentica in Sede)<\/strong>\u201d.<\/p>\n<p style=\"text-align: justify;\" data-start=\"1929\" data-end=\"1964\">El d\u00eda de la cita, presentarse con:<br \/>\n&#8211; toda la documentaci\u00f3n requerida, incluido el <a href=\"https:\/\/consrosario.esteri.it\/wp-content\/uploads\/2025\/07\/istanza_di_riconoscimento_della_cittadinanza_italiana.pdf\">formulario de reconstrucci\u00f3n de ciudadan\u00eda<\/a>;<br \/>\n&#8211; giros postales para abonar la tasa consular seg\u00fan el art.\u202f7\u2011bis.<\/p>\n<p style=\"text-align: justify;\"><strong>No se permiten cambios de fecha; si no se asiste, ser\u00e1 necesario sacar un nuevo turno por Prenot@Mi.<\/strong><\/p>\n<p style=\"text-align: justify;\"><strong>Los turnos se habilitan todos los martes a las 18:00.<\/strong><\/p>\n<blockquote>\n<p style=\"text-align: justify;\"><span style=\"text-decoration: underline;\"><strong data-start=\"2289\" data-end=\"2341\">TODAS LAS CITAS SON GRATUITAS E INTRANSFERIBLES.<br \/>\n<\/strong><strong>LAS SOLICITUDES SON PERSONALES Y NING\u00daN GESTOR O AGENCIA EST\u00c1 AUTORIZADO A SOLICITARLAS.<\/strong><\/span><\/p>\n<\/blockquote>\n<p style=\"text-align: justify;\">Las <strong data-start=\"2503\" data-end=\"2540\">actas de estado civil extranjeras (ni italianas ni argentinas, es decir de terceros Pa\u00edses)<\/strong>\u00a0deben presentarse formalmente perfeccionadas (legalizadas por la representaci\u00f3n diplom\u00e1tico\u2011consular italiana o con <strong data-start=\"2657\" data-end=\"2681\">Apostilla de La Haya<\/strong>) y traducidas al italiano con autenticaci\u00f3n consular.<\/p>\n<p style=\"text-align: justify;\"><strong data-start=\"2738\" data-end=\"2755\">No se aceptan<\/strong> traducciones en modulos biling\u00fce emitidos por el Registro Civil.<\/p>\n<p style=\"text-align: justify;\"><strong>Para solicitar el certificado de no naturalizacion argentina al Poder Judicial<\/strong>, utilizar el siguiente enlace: <a href=\"http:\/\/www.pjn.gov.ar\/\">http:\/\/www.pjn.gov.ar\u00a0 <\/a>(-&gt; Justicia Nacional Electoral -&gt; Tr\u00e1mites y formularios -&gt; \u00abSolicitud de certificado de NO CIUDADANO ARGENTINO\u00bb).<\/p>\n<p style=\"text-align: justify;\"><strong>HIJOS ADOPTIVOS<br \/>\n<\/strong>Adem\u00e1s de la documentaci\u00f3n mencionada:<br \/>\n&#8211; Declaraci\u00f3n sustitutiva de certificaci\u00f3n firmada por el adoptado;<br \/>\n&#8211; Copia certificada de la sentencia de adopci\u00f3n expedida por el tribunal competente, con <strong data-start=\"3049\" data-end=\"3073\">Apostilla de La Haya<\/strong> y traducci\u00f3n al italiano;<br \/>\n&#8211; Certificado del tribunal que indique la fecha de firmeza de la sentencia de adopci\u00f3n, con <strong data-start=\"3194\" data-end=\"3218\">Apostilla de La Haya<\/strong> y traducci\u00f3n al italiano.<\/p>\n<p style=\"text-align: justify;\"><strong>ACTAS DIGITALES<br \/>\n<\/strong>Las actas digitales emitidas por los Registros de Estado Civil argentinos deben ser verificables mediante c\u00f3digo de validaci\u00f3n o QR.<br \/>\nEsto <strong data-start=\"3413\" data-end=\"3429\">no garantiza<\/strong> que el acta pueda ser transcrita en Italia.<\/p>\n<p style=\"text-align: justify;\" data-start=\"3475\" data-end=\"3531\">Para las actas emitidas en Misiones o Entre R\u00edos, se aceptar\u00e1:<\/p>\n<p style=\"text-align: justify;\">&#8211; Acta firmada en original por el responsable del registro;<br data-start=\"3592\" data-end=\"3595\" \/><strong data-start=\"3597\" data-end=\"3602\">o<br \/>\n&#8211; <\/strong>Acta firmada digitalmente con <strong data-start=\"3637\" data-end=\"3661\">Apostilla de La Haya<\/strong>.<\/p>\n<p style=\"text-align: justify;\" data-start=\"3664\" data-end=\"3706\">Adem\u00e1s, el documento debe ser <strong data-start=\"3694\" data-end=\"3705\">legible<\/strong>.<\/p>\n<p style=\"text-align: justify;\" data-start=\"3708\" data-end=\"3990\">La autoridad competente para determinar la ciudadan\u00eda depende del lugar de residencia. La solicitud debe ser presentada en el Consulado correspondiente al domicilio del solicitante. Seg\u00fan el C\u00f3digo Civil italiano, la residencia es el lugar donde la persona tiene su domicilio habitual.<\/p>\n<p style=\"text-align: justify;\" data-start=\"3992\" data-end=\"4303\" data-is-last-node=\"\" data-is-only-node=\"\">La <strong data-start=\"3995\" data-end=\"4023\">circunscripci\u00f3n consular<\/strong> de este Consulado General comprende las provincias de <strong data-start=\"4078\" data-end=\"4140\">Santa Fe, Entre R\u00edos, Corrientes, Misiones, Formosa, Chaco<\/strong> y el <strong data-start=\"4146\" data-end=\"4187\">norte de la provincia de Buenos Aires<\/strong> (partidos de Pergamino, Arrecifes, Carmen de Areco, Capit\u00e1n Sarmiento, Col\u00f3n, Ramallo, Rojas, Salto y San\u202fNicol\u00e1s).<\/p>\n<p style=\"text-align: justify;\">Se realizar\u00e1 un control inform\u00e1tico para verificar la geolocalizaci\u00f3n del dispositivo con el que se obtuvo el turno.\u00a0<b><u><span lang=\"es-419\">En el caso que, seg\u00fan este control, se determine que el dispositivo utilizado est\u00e1 localizado fuera del territorio de esta circunscripci\u00f3n consular o en otro pa\u00eds, incluido Italia, el turno ser\u00e1 autom\u00e1ticamente cancelado por no poder ser asociado a un usuario residente en esta circunscripci\u00f3n consular<\/span><\/u><span lang=\"es-419\">.\u00a0<\/span><\/b>Esta medida es necesaria para garantizar el acceso efectivo a los turnos para los usuarios residentes y evitar interferencias por parte de terceros que se encuentren en otros lugares. Los turnos cancelados volver\u00e1n a ser puestos a disposici\u00f3n de los usuarios con un cronograma gestionado por el sistema inform\u00e1tico de manera completamente aleatoria y antes de la publicaci\u00f3n de los turnos siguientes ya programados, que seguir\u00e1n el mismo proceso reci\u00e9n descrito. Por lo tanto, se invita a todos los interesados a\u00a0<b><u>conectarse desde ubicaciones exclusivamente dentro del territorio de esta circunscripci\u00f3n consular<\/u><\/b>, no solo en los d\u00edas y horarios habituales, sino tambi\u00e9n en otros momentos de la semana.<\/p>\n<\/div>\n<footer class=\"entry-footer\"><\/footer>\n","protected":false},"excerpt":{"rendered":"Quienes prefieran entregar la documentaci\u00f3n personalmente, pueden autenticar la firma ante un funcionario consular. Deben sacar una cita en Prenot@Mi bajo la opci\u00f3n \u201cCittadinanza iure sanguinis (autentica in Sede)\u201d. El d\u00eda de la cita, presentarse con: &#8211; toda la documentaci\u00f3n requerida, incluido el formulario de reconstrucci\u00f3n de ciudadan\u00eda; &#8211; giros postales para abonar la tasa [&hellip;]","protected":false},"author":10,"featured_media":0,"parent":8422,"menu_order":1,"comment_status":"closed","ping_status":"closed","template":"","meta":{"footnotes":""},"class_list":["post-9052","page","type-page","status-publish","hentry"],"_links":{"self":[{"href":"https:\/\/consrosario.esteri.it\/es\/wp-json\/wp\/v2\/pages\/9052","targetHints":{"allow":["GET"]}}],"collection":[{"href":"https:\/\/consrosario.esteri.it\/es\/wp-json\/wp\/v2\/pages"}],"about":[{"href":"https:\/\/consrosario.esteri.it\/es\/wp-json\/wp\/v2\/types\/page"}],"author":[{"embeddable":true,"href":"https:\/\/consrosario.esteri.it\/es\/wp-json\/wp\/v2\/users\/10"}],"replies":[{"embeddable":true,"href":"https:\/\/consrosario.esteri.it\/es\/wp-json\/wp\/v2\/comments?post=9052"}],"version-history":[{"count":4,"href":"https:\/\/consrosario.esteri.it\/es\/wp-json\/wp\/v2\/pages\/9052\/revisions"}],"predecessor-version":[{"id":10759,"href":"https:\/\/consrosario.esteri.it\/es\/wp-json\/wp\/v2\/pages\/9052\/revisions\/10759"}],"up":[{"embeddable":true,"href":"https:\/\/consrosario.esteri.it\/es\/wp-json\/wp\/v2\/pages\/8422"}],"wp:attachment":[{"href":"https:\/\/consrosario.esteri.it\/es\/wp-json\/wp\/v2\/media?parent=9052"}],"curies":[{"name":"wp","href":"https:\/\/api.w.org\/{rel}","templated":true}]}}