{"id":2606,"date":"2023-10-12T10:31:55","date_gmt":"2023-10-12T13:31:55","guid":{"rendered":"https:\/\/consrosario.esteri.it\/?page_id=2606"},"modified":"2026-02-20T15:34:15","modified_gmt":"2026-02-20T18:34:15","slug":"passaporti-agevolazioni-e-priorita","status":"publish","type":"page","link":"https:\/\/consrosario.esteri.it\/it\/servizi-consolari-e-visti\/servizi-per-il-cittadino-italiano\/passaporti-e-carte-didentita\/passaporti-agevolazioni-e-priorita\/","title":{"rendered":"Agevolazioni e priorit\u00e0"},"content":{"rendered":"<p style=\"text-align: justify;\">Al fine di rendere sempre pi\u00f9 agevole l&#8217;accesso ai servizi consolari e, in particolare, l&#8217;ottenimento di un appuntamento per il rilascio del passaporto, si comunicano alla nostra gentile utenza i miglioramenti apportati alle procedure in vigore, finalizzati ad agevolare le categorie pi\u00f9 deboli e a dare priorit\u00e0 ai casi di comprovata urgenza.<\/p>\n<p><strong>SILVER LINE:<\/strong><\/p>\n<p style=\"text-align: justify;\">Per gli utenti con pi\u00f9 di 65 anni di et\u00e0, non \u00e8 obbligatorio utilizzare il sistema informatico ufficiale Prenot@mi per effettuare la richiesta del turno. La stessa pu\u00f2 essere effettuata inviando una email all&#8217;indirizzo <a href=\"mailto:passaporti.rosario@esteri.it\">passaporti.rosario@esteri.it<\/a> con oggetto: &#8220;RICHIESTA TURNO SILVER LINE&#8221; e in allegato la copia del proprio documento di identit\u00e0.<\/p>\n<p style=\"text-align: justify;\">Attenzione: il sistema invier\u00e0 una risposta automatica che servir\u00e0 da conferma di ricezione della richiesta. Per conoscere la data del turno bisogner\u00e0 attendere un&#8217;altra risposta da parte dell&#8217;ufficio passaporti che verr\u00e0 inviata non appena la richiesta sar\u00e0 stata lavorata dall&#8217;ufficio.<\/p>\n<p style=\"text-align: justify;\">La possibilit\u00e0 di richiedere il turno di passaporto presentandosi presso la sede del Consolato Generale dal luned\u00ec al venerd\u00ec dalle ore 12:00 alle ore 13:30 \u00e8\u00a0<strong>riservata ai connazionali impossibilitati, per qualsiasi ragione, a farne richiesta via email<\/strong>. NB: in quest\u2019ultimo caso il turno\u00a0<strong>NON verr\u00e0 rilasciato nel medesimo giorno<\/strong>, bisogner\u00e0 lasciare i propri dati di contatto (email, cellulare) che l\u2019Ufficio passaporti utilizzer\u00e0 per comunicare all\u2019interessato\/a la successiva data in cui presentarsi per il rilascio del passaporto. Tale procedura \u00e8 soggetta a tempistiche pi\u00f9 lunghe rispetto alla richiesta via email.<\/p>\n<p><strong>PERSONE AFFETTE DA DISABILIT\u00c0:<\/strong><\/p>\n<p style=\"text-align: justify;\">Per le persone affette da disabilit\u00e0, non \u00e8 obbligatorio utilizzare il sistema informatico ufficiale Prenot@mi per effettuare la richiesta del turno. La stessa pu\u00f2 essere effettuata inviando una email all&#8217;indirizzo <a href=\"mailto:passaporti.rosario@esteri.it\">passaporti.rosario@esteri.it<\/a> con oggetto: &#8220;RICHIESTA TURNO SPECIALE DISABILIT\u00c1 &#8221; e in allegato la copia del proprio documento di identit\u00e0 e la documentazione idonea a certificare la disabilit\u00e0.<\/p>\n<p style=\"text-align: justify;\">Attenzione: il sistema invier\u00e0 una risposta automatica che servir\u00e0 da conferma di ricezione della richiesta. Per conoscere la data del turno bisogner\u00e0 attendere un&#8217;altra risposta da parte dell&#8217;ufficio passaporti che verr\u00e0 inviata non appena la richiesta sar\u00e0 stata lavorata dall&#8217;ufficio.<\/p>\n<p style=\"text-align: justify;\">Nel caso in cui l&#8217;interessato\/a non abbia la possibilit\u00e0 di inviare una mail, potr\u00e0 presentare la richiesta di rilascio passaporto recandosi di persona presso la sede del Consolato Generale dal luned\u00ec al venerd\u00ec dalle ore 12:00 alle ore 13:30.<\/p>\n<p style=\"text-align: justify;\">NB: in quest\u2019ultimo caso il turno NON verr\u00e0 rilasciato nel medesimo giorno, bisogner\u00e0 lasciare i propri dati di contatto (email, cellulare) che l\u2019Ufficio passaporti utilizzer\u00e0 per comunicare all\u2019interessato\/a la successiva data in cui presentarsi per il rilascio del passaporto.<\/p>\n<p><strong>MINORENNI:<\/strong><\/p>\n<p style=\"text-align: justify;\">Qualora il genitore abbia ottenuto un turno per il rilascio del passaporto tramite il sistema Prenot@mi e desideri rinnovare il passaporto anche a eventuali figli minori NON dovr\u00e0 fare una richiesta \u201cmultipla\u201d ma potr\u00e0 includerli nel turno singolo indicandoli nel campo note del sistema.<\/p>\n<p style=\"text-align: justify;\">Attenzione: il rilascio del passaporto al figlio minore sar\u00e0 possibile solo se, naturalmente, la sua nascita sia stata previamente comunicata a questo Consolato Generale mediante la trasmissione del relativo atto di nascita e ricezione della relativa conferma della conclusione del procedimento.<\/p>\n<p style=\"text-align: justify;\">In nessun caso sar\u00e0 possibile procedere al rilascio del passaporto in assenza della precedente trasmissione dell&#8217;atto di nascita o se la stessa viene fatta contestualmente alla domanda di passaporto.<\/p>\n<p><strong>CASI DI URGENZA<\/strong><\/p>\n<p style=\"text-align: justify;\">Eccezionalmente, nei soli casi di comprovata urgenza e verificata l\u2019impossibilit\u00e0 di ottenimento del turno tramite il portale ufficiale Prenot@mi, questo Consolato Generale potr\u00e0 assegnare un appuntamento straordinario. Le richieste devono essere effettuate unicamente dal richiedente diretto interessato per email a <a href=\"mailto:passaporti.rosario@esteri.it\">passaporti.rosario@esteri.it<\/a> con oggetto &#8220;RICHIESTA TURNO SPECIALE COMPROVATA URGENZA&#8221;<\/p>\n<p style=\"text-align: justify;\">La richiesta pu\u00f2 essere accolta solo nei seguenti casi:<\/p>\n<p style=\"text-align: justify;\"><span style=\"text-decoration: underline;\"><strong>Motivi di salute o di assistenza a familiari:<\/strong><\/span> \u00e8 necessario allegare alla email di richiesta del turno la documentazione rilasciata dalle competenti autorit\u00e0 pubbliche o da strutture ospedaliere o di cura che certifichi l&#8217;esistenza delle ragioni di salute dichiarate. Qualora l\u2019urgenza sia giustificata dalla necessit\u00e0 di assistere un familiare, tale esigenza dovr\u00e0 emergere dal certificato medico. Eventuale documentazione rilasciata da enti o strutture non italiane dovr\u00e0 essere tradotta in lingua italiana. Sar\u00e0 necessario presentare anche i biglietti aerei o altro titolo di viaggio.<\/p>\n<p style=\"text-align: justify;\"><span style=\"text-decoration: underline;\"><strong>Motivi di lavoro:<\/strong><\/span> le relative richieste devono essere accompagnate da documentazione idonea a certificare l&#8217;esistenza della situazione dichiarata. Nel caso in cui venga trasmessa una lettera, la stessa dovr\u00e0 essere motivata e firmata da chi ricopre incarichi dirigenziali (completa di nominativo, ruolo e numero di telefono di chi firma) e redatta su carta intestata del datore di lavoro. Anche in questo caso bisogner\u00e0 presentare i relativi biglietti aerei o altro valido titolo di viaggio.<\/p>\n<p style=\"text-align: justify;\">Attenzione: la mera e volontaria partecipazione a convegni scientifici non pu\u00f2 considerarsi un&#8217;esigenza di lavoro, a meno che il richiedente non sia uno degli organizzatori o degli speaker invitati al convegno.<\/p>\n<p style=\"text-align: justify;\"><span style=\"text-decoration: underline;\"><strong>Motivi di studio:<\/strong><\/span> nel caso in cui il richiedente sia destinatario di una borsa di studio, dovr\u00e0 inoltrare la documentazione comprovante l\u2019assegnazione della medesima e una lettera dell\u2019Universit\u00e0 (in caso di universit\u00e0 non italiana, sar\u00e0 necessaria la traduzione).<\/p>\n<p style=\"text-align: justify;\"><span style=\"text-decoration: underline;\"><strong>Si ricorda che i benefici dei turni speciali per motivi di salute, lavoro o studio NON potranno in alcun modo essere estesi anche ai familiari.<\/strong><\/span><\/p>\n<p style=\"text-align: justify;\"><span style=\"text-decoration: underline;\"><strong>Si avvisa la gentile utenza che in nessun caso saranno ritenute valide le urgenze dimostrate nelle seguenti modalit\u00e0:<\/strong><\/span><\/p>\n<ul>\n<li style=\"text-align: justify;\">Presentazione di soli biglietti aerei;<\/li>\n<li style=\"text-align: justify;\">Lettere di parenti, amici, conoscenti che vivono all&#8217;estero;<\/li>\n<li style=\"text-align: justify;\">Dimostrazione di impegni lavorativi urgenti comprovati da messaggi ricevuti via email o conversazioni WhatsApp;<\/li>\n<li style=\"text-align: justify;\">Autocertificazioni del richiedente su situazioni di urgenza\/emergenza non comprovate da adeguata documentazione in supporto.<\/li>\n<\/ul>\n<p>&nbsp;<\/p>\n","protected":false},"excerpt":{"rendered":"Al fine di rendere sempre pi\u00f9 agevole l&#8217;accesso ai servizi consolari e, in particolare, l&#8217;ottenimento di un appuntamento per il rilascio del passaporto, si comunicano alla nostra gentile utenza i miglioramenti apportati alle procedure in vigore, finalizzati ad agevolare le categorie pi\u00f9 deboli e a dare priorit\u00e0 ai casi di comprovata urgenza. SILVER LINE: Per [&hellip;]","protected":false},"author":5,"featured_media":0,"parent":67,"menu_order":0,"comment_status":"closed","ping_status":"closed","template":"","meta":{"footnotes":""},"class_list":["post-2606","page","type-page","status-publish","hentry"],"_links":{"self":[{"href":"https:\/\/consrosario.esteri.it\/it\/wp-json\/wp\/v2\/pages\/2606","targetHints":{"allow":["GET"]}}],"collection":[{"href":"https:\/\/consrosario.esteri.it\/it\/wp-json\/wp\/v2\/pages"}],"about":[{"href":"https:\/\/consrosario.esteri.it\/it\/wp-json\/wp\/v2\/types\/page"}],"author":[{"embeddable":true,"href":"https:\/\/consrosario.esteri.it\/it\/wp-json\/wp\/v2\/users\/5"}],"replies":[{"embeddable":true,"href":"https:\/\/consrosario.esteri.it\/it\/wp-json\/wp\/v2\/comments?post=2606"}],"version-history":[{"count":6,"href":"https:\/\/consrosario.esteri.it\/it\/wp-json\/wp\/v2\/pages\/2606\/revisions"}],"predecessor-version":[{"id":12173,"href":"https:\/\/consrosario.esteri.it\/it\/wp-json\/wp\/v2\/pages\/2606\/revisions\/12173"}],"up":[{"embeddable":true,"href":"https:\/\/consrosario.esteri.it\/it\/wp-json\/wp\/v2\/pages\/67"}],"wp:attachment":[{"href":"https:\/\/consrosario.esteri.it\/it\/wp-json\/wp\/v2\/media?parent=2606"}],"curies":[{"name":"wp","href":"https:\/\/api.w.org\/{rel}","templated":true}]}}