{"id":353,"date":"2023-05-23T20:58:11","date_gmt":"2023-05-23T18:58:11","guid":{"rendered":"https:\/\/consrosario.esteri.it\/?page_id=353"},"modified":"2026-02-20T15:03:42","modified_gmt":"2026-02-20T18:03:42","slug":"come-richiedere-il-passaporto","status":"publish","type":"page","link":"https:\/\/consrosario.esteri.it\/it\/servizi-consolari-e-visti\/servizi-per-il-cittadino-italiano\/passaporti-e-carte-didentita\/come-richiedere-il-passaporto\/","title":{"rendered":"Come richiedere il passaporto"},"content":{"rendered":"<p style=\"text-align: justify;\"><strong>L\u2019Ufficio Passaporti riceve soltanto con appuntamento<\/strong>.\u00a0<strong>Gli appuntamenti sono assegnati esclusivamente tramite il sistema Prenot@Mi<\/strong>. Non \u00e8 possibile richiedere un appuntamento (o richiedere di modificarlo) per posta elettronica o presso lo sportello di informazioni al pubblico. <strong>Le persone senza appuntamento non potranno essere ricevute<\/strong>.<\/p>\n<p style=\"text-align: justify;\">Per prenotare un appuntamento per richiedere l&#8217;emissione o il rinnovo del passaporto (o dei passaporti nel caso di familiari) va utilizzato il seguente link: <a href=\"https:\/\/prenotami.esteri.it\/\">https:\/\/prenotami.esteri.it\/<\/a><\/p>\n<p style=\"text-align: justify;\"><span style=\"text-decoration: underline;\"><strong>L\u2019appuntamento \u00e8 gratuito e non pu\u00f2 essere ceduto (la richiesta di appuntamento \u00e8 personale e non sono autorizzati n\u00e9 agenzie n\u00e9 gestori a farne richiesta).<\/strong><\/span><\/p>\n<p style=\"text-align: justify;\">A causa dell&#8217;elevata richiesta del servizio, si segnala che i turni disponibili si esauriscono rapidamente e pu\u00f2 capitare che non sia possibile completare la prenotazione.<\/p>\n<p style=\"text-align: justify;\">Per conoscere giorni e orario dell&#8217;apertura delle prenotazioni, <a href=\"https:\/\/consrosario.esteri.it\/it\/chi-siamo\/la-sede\/prenota-lappuntamento\/\">cliccare qui<\/a>.<\/p>\n<p style=\"text-align: justify;\">Nel caso in cui il connazionale, dopo aver ottenuto un turno, non possa presentarsi all\u2019appuntamento nel giorno indicato nel turno,\u00a0<b><span data-ogsb=\"red\">dovr\u00e0<\/span>\u00a0comunicare la cancellazione dell\u2019appuntamento, entro le 24 ore precedenti, inviando una email all\u2019indirizzo email\u00a0<a href=\"mailto:passaporti.rosario@esteri.it\" data-linkindex=\"1\" data-ogsc=\"\"><span data-ogsc=\"rgb(5, 99, 193)\">passaporti.rosario@esteri.it<\/span><\/a><\/b>\u00a0con oggetto \u201cCANCELLAZIONE TURNO PASSAPORTO \u2013 NOME E COGNOME DELL\u2019INTERESSATO\u201d utilizzando lo stesso indirizzo email con cui si \u00e8 ottenuto il turno su Prenot@mi.<\/p>\n<p style=\"text-align: justify;\"><b><u>A coloro che non si presentino il giorno dell\u2019appuntamento, e che non abbiano preventivamente comunicato all\u2019Ufficio la propria assenza, verr\u00e0, in via cautelativa, bloccato l\u2019accesso al sistema Prenot@mi per tutto il tempo necessario a eseguire gli opportuni controlli finalizzati a verificare che l\u2019indirizzo email utilizzato per richiedere il turno sia effettivamente riconducibile a un utente reale.<\/u><\/b><\/p>\n","protected":false},"excerpt":{"rendered":"L\u2019Ufficio Passaporti riceve soltanto con appuntamento.\u00a0Gli appuntamenti sono assegnati esclusivamente tramite il sistema Prenot@Mi. Non \u00e8 possibile richiedere un appuntamento (o richiedere di modificarlo) per posta elettronica o presso lo sportello di informazioni al pubblico. Le persone senza appuntamento non potranno essere ricevute. Per prenotare un appuntamento per richiedere l&#8217;emissione o il rinnovo del passaporto [&hellip;]","protected":false},"author":5,"featured_media":0,"parent":67,"menu_order":0,"comment_status":"closed","ping_status":"closed","template":"","meta":{"footnotes":""},"class_list":["post-353","page","type-page","status-publish","hentry"],"_links":{"self":[{"href":"https:\/\/consrosario.esteri.it\/it\/wp-json\/wp\/v2\/pages\/353","targetHints":{"allow":["GET"]}}],"collection":[{"href":"https:\/\/consrosario.esteri.it\/it\/wp-json\/wp\/v2\/pages"}],"about":[{"href":"https:\/\/consrosario.esteri.it\/it\/wp-json\/wp\/v2\/types\/page"}],"author":[{"embeddable":true,"href":"https:\/\/consrosario.esteri.it\/it\/wp-json\/wp\/v2\/users\/5"}],"replies":[{"embeddable":true,"href":"https:\/\/consrosario.esteri.it\/it\/wp-json\/wp\/v2\/comments?post=353"}],"version-history":[{"count":3,"href":"https:\/\/consrosario.esteri.it\/it\/wp-json\/wp\/v2\/pages\/353\/revisions"}],"predecessor-version":[{"id":12168,"href":"https:\/\/consrosario.esteri.it\/it\/wp-json\/wp\/v2\/pages\/353\/revisions\/12168"}],"up":[{"embeddable":true,"href":"https:\/\/consrosario.esteri.it\/it\/wp-json\/wp\/v2\/pages\/67"}],"wp:attachment":[{"href":"https:\/\/consrosario.esteri.it\/it\/wp-json\/wp\/v2\/media?parent=353"}],"curies":[{"name":"wp","href":"https:\/\/api.w.org\/{rel}","templated":true}]}}