{"id":37,"date":"2023-04-03T19:15:59","date_gmt":"2023-04-03T17:15:59","guid":{"rendered":"https:\/\/consolatozurigo.esteri.it\/?page_id=37"},"modified":"2026-02-03T14:12:30","modified_gmt":"2026-02-03T17:12:30","slug":"contatti","status":"publish","type":"page","link":"https:\/\/consrosario.esteri.it\/it\/chi-siamo\/contatti\/","title":{"rendered":"Contatti"},"content":{"rendered":"<p style=\"text-align: justify;\"><strong>CONSOLATO GENERALE D&#8217;ITALIA &#8211; ROSARIO<\/strong><\/p>\n<table style=\"width: 277px; height: 58px;\" border=\"0\">\n<tbody>\n<tr>\n<td><a href=\"http:\/\/x.com\/italyinrosario\"><img loading=\"lazy\" decoding=\"async\" class=\"img-fluid alignnone wp-image-3477\" src=\"https:\/\/consrosario.esteri.it\/wp-content\/uploads\/2024\/02\/x.png\" alt=\"\" width=\"50\" height=\"50\" srcset=\"https:\/\/consrosario.esteri.it\/wp-content\/uploads\/2024\/02\/x.png 199w, https:\/\/consrosario.esteri.it\/wp-content\/uploads\/2024\/02\/x-150x150.png 150w\" sizes=\"auto, (max-width: 50px) 100vw, 50px\" \/><\/a><\/td>\n<td><a href=\"https:\/\/www.instagram.com\/italyinrosario\/\" target=\"_blank\" rel=\"noopener\"><img loading=\"lazy\" decoding=\"async\" class=\"alignnone size-full wp-image-291 img-fluid\" src=\"https:\/\/consrosario.esteri.it\/wp-content\/uploads\/2023\/05\/ig.jpg\" alt=\"\" width=\"50\" height=\"50\" srcset=\"https:\/\/consrosario.esteri.it\/wp-content\/uploads\/2023\/05\/ig.jpg 163w, https:\/\/consrosario.esteri.it\/wp-content\/uploads\/2023\/05\/ig-150x150.jpg 150w\" sizes=\"auto, (max-width: 50px) 100vw, 50px\" \/><\/a><\/td>\n<td><a href=\"https:\/\/www.facebook.com\/italyinrosario\" target=\"_blank\" rel=\"noopener\"><img loading=\"lazy\" decoding=\"async\" class=\"alignnone size-full wp-image-289 img-fluid\" src=\"https:\/\/consrosario.esteri.it\/wp-content\/uploads\/2023\/05\/fb.jpg\" alt=\"\" width=\"50\" height=\"50\" srcset=\"https:\/\/consrosario.esteri.it\/wp-content\/uploads\/2023\/05\/fb.jpg 163w, https:\/\/consrosario.esteri.it\/wp-content\/uploads\/2023\/05\/fb-150x150.jpg 150w\" sizes=\"auto, (max-width: 50px) 100vw, 50px\" \/><\/a><\/td>\n<td><a href=\"https:\/\/wa.me\/5493412587798\" target=\"_blank\" rel=\"noopener\"><img loading=\"lazy\" decoding=\"async\" class=\"alignnone size-full wp-image-295 img-fluid\" src=\"https:\/\/consrosario.esteri.it\/wp-content\/uploads\/2023\/05\/wa.jpg\" alt=\"\" width=\"50\" height=\"50\" srcset=\"https:\/\/consrosario.esteri.it\/wp-content\/uploads\/2023\/05\/wa.jpg 163w, https:\/\/consrosario.esteri.it\/wp-content\/uploads\/2023\/05\/wa-150x150.jpg 150w\" sizes=\"auto, (max-width: 50px) 100vw, 50px\" \/><\/a><\/td>\n<td><a href=\"https:\/\/www.threads.net\/@italyinrosario\"><img loading=\"lazy\" decoding=\"async\" class=\"img-fluid alignnone wp-image-3482\" src=\"https:\/\/consrosario.esteri.it\/wp-content\/uploads\/2024\/02\/threads.png\" alt=\"\" width=\"50\" height=\"50\" srcset=\"https:\/\/consrosario.esteri.it\/wp-content\/uploads\/2024\/02\/threads.png 199w, https:\/\/consrosario.esteri.it\/wp-content\/uploads\/2024\/02\/threads-150x150.png 150w\" sizes=\"auto, (max-width: 50px) 100vw, 50px\" \/><\/a><\/td>\n<td><a href=\"https:\/\/www.youtube.com\/@italyinrosario\"><img loading=\"lazy\" decoding=\"async\" class=\"img-fluid alignnone wp-image-3482\" src=\"https:\/\/consrosario.esteri.it\/wp-content\/uploads\/2024\/05\/yt.png\" alt=\"\" width=\"50\" height=\"50\" \/><\/a><\/td>\n<\/tr>\n<\/tbody>\n<\/table>\n<p style=\"text-align: justify;\"><strong><span style=\"text-decoration-line: underline;\">Indirizzo:<\/span><\/strong><br \/>\nMontevideo 2182<br \/>\n(S2000BSR) ROSARIO (Santa Fe)<br \/>\nARGENTINA<\/p>\n<p style=\"text-align: justify;\"><strong><span style=\"text-decoration: underline;\">Orario di attenzione al pubblico:<\/span><\/strong><br \/>\nLuned\u00ec a venerd\u00ec dalle 8:30 alle 11:30.<\/p>\n<p style=\"text-align: justify;\"><strong><span style=\"text-decoration: underline;\">Contatti:<\/span><\/strong><br \/>\n<strong>Servizio di Call center:<\/strong> 0800-220-2182<br \/>\n<strong>Servizio di Chatbot &#8220;RosIta&#8221;:<\/strong> <a href=\"https:\/\/wa.me\/5493412587798\">https:\/\/wa.me\/5493412587798<\/a><br \/>\n<strong>Telefono:<\/strong> (0054) 0341-4407020 \/ 21 \/ 22<br \/>\n<strong>E-mail:<\/strong> <a href=\"mailto:segreteria.rosario@esteri.it\">segreteria.rosario@esteri.it<\/a><\/p>\n<p>&nbsp;<\/p>\n<p style=\"text-align: justify;\"><span style=\"text-decoration: underline;\"><strong style=\"text-align: justify;\">Si prega di consultare attentamente le varie sezioni del sito web, prima di inviare messaggi e-mail con richieste d\u2019informazioni. Questo Consolato Generale sar\u00e0 in grado di rispondere soltanto a e-mail riguardanti questioni che non si trovano gi\u00e0 illustrate sul sito.<\/strong><\/span><\/p>\n<p>&nbsp;<\/p>\n<p style=\"text-align: justify;\"><strong><span style=\"text-decoration: underline;\">Netiquette Social Media:<\/span><\/strong><br \/>\nQuesto Consolato Generale utilizza i social media per finalit\u00e0 istituzionali, per accrescere la trasparenza e la conoscenza delle proprie attivit\u00e0: informa, comunica, ascolta e pubblica contenuti di carattere istituzionale. Leggi le &#8220;netiquettes&#8221; <a href=\"https:\/\/consrosario.esteri.it\/it\/chi-siamo\/contatti\/netiquette-social-media\/\">cliccando qui\u00a0<\/a><\/p>\n<p style=\"text-align: justify;\"><strong><span style=\"text-decoration-line: underline;\">Norme di accesso alla sede:<\/span><\/strong><br \/>\nIMPORTANTE &#8211;\u00a0<a title=\"Norme di accesso alla sede\" href=\"https:\/\/consrosario.esteri.it\/wp-content\/uploads\/2024\/05\/Norme-di-accesso-1.pdf\" target=\"_blank\" rel=\"noopener\">cliccare qui<\/a>.<\/p>\n<p style=\"text-align: justify;\"><strong><span style=\"text-decoration: underline;\">Si elencano di seguito le festivit\u00e0 del 2025 e del 2026 nelle quali il Consolato Generale rimarr\u00e0 chiuso:<\/span><\/strong><\/p>\n<p style=\"text-align: justify;\">25 dicembre &#8211; Natale<br \/>\n26 dicembre &#8211; Santo Stefano<\/p>\n<p>01 gennaio &#8211; Capodanno<br \/>\n03 aprile &#8211; Venerd\u00ec Santo<br \/>\n06 aprile &#8211; Luned\u00ec dell&#8217;Angelo<br \/>\n25 aprile &#8211; Festa della Liberazione<br \/>\n01 maggio &#8211; Festa del Lavoro<br \/>\n25 maggio &#8211; Proclama della Libert\u00e0 (D\u00eda de la Revoluci\u00f3n de Mayo)<br \/>\n02 giugno &#8211; Festa della Repubblica<br \/>\n09 luglio &#8211; Dichiarazione di Indipendenza (D\u00eda de la Independencia)<br \/>\n04 ottobre &#8211; San Francesco<br \/>\n12 ottobre &#8211; Giorno del Rispetto della Diversit\u00e0 (D\u00eda del Respeto a la Diversidad)<br \/>\n25 dicembre &#8211; Natale<br \/>\n26 dicembre &#8211; Santo Stefano<\/p>\n<table style=\"width: 367px; height: 310px;\" border=\"0\">\n<tbody>\n<tr>\n<td colspan=\"3\"><iframe loading=\"lazy\" style=\"border: 0px currentColor; float: right;\" src=\"https:\/\/www.google.com\/maps\/embed?pb=!1m18!1m12!1m3!1d3347.9054664823816!2d-60.65743216915894!3d-32.95350517552513!2m3!1f0!2f0!3f0!3m2!1i1024!2i768!4f13.1!3m3!1m2!1s0x95b7ab6c65959b41%3A0x46fc506030e04cc6!2sMontevideo+2182%2C+Rosario%2C+Santa+Fe%2C+Argentina!5e0!3m2!1ses-419!2sus!4v1460992521598\" width=\"400\" height=\"300\" frameborder=\"0\" align=\"right\" allowfullscreen=\"allowfullscreen\"><\/iframe><\/td>\n<\/tr>\n<\/tbody>\n<\/table>\n","protected":false},"excerpt":{"rendered":"CONSOLATO GENERALE D&#8217;ITALIA &#8211; ROSARIO Indirizzo: Montevideo 2182 (S2000BSR) ROSARIO (Santa Fe) ARGENTINA Orario di attenzione al pubblico: Luned\u00ec a venerd\u00ec dalle 8:30 alle 11:30. Contatti: Servizio di Call center: 0800-220-2182 Servizio di Chatbot &#8220;RosIta&#8221;: https:\/\/wa.me\/5493412587798 Telefono: (0054) 0341-4407020 \/ 21 \/ 22 E-mail: segreteria.rosario@esteri.it &nbsp; Si prega di consultare attentamente le varie sezioni del [&hellip;]","protected":false},"author":1,"featured_media":0,"parent":13,"menu_order":8,"comment_status":"closed","ping_status":"closed","template":"","meta":{"footnotes":""},"class_list":["post-37","page","type-page","status-publish","hentry"],"_links":{"self":[{"href":"https:\/\/consrosario.esteri.it\/it\/wp-json\/wp\/v2\/pages\/37","targetHints":{"allow":["GET"]}}],"collection":[{"href":"https:\/\/consrosario.esteri.it\/it\/wp-json\/wp\/v2\/pages"}],"about":[{"href":"https:\/\/consrosario.esteri.it\/it\/wp-json\/wp\/v2\/types\/page"}],"author":[{"embeddable":true,"href":"https:\/\/consrosario.esteri.it\/it\/wp-json\/wp\/v2\/users\/1"}],"replies":[{"embeddable":true,"href":"https:\/\/consrosario.esteri.it\/it\/wp-json\/wp\/v2\/comments?post=37"}],"version-history":[{"count":7,"href":"https:\/\/consrosario.esteri.it\/it\/wp-json\/wp\/v2\/pages\/37\/revisions"}],"predecessor-version":[{"id":11858,"href":"https:\/\/consrosario.esteri.it\/it\/wp-json\/wp\/v2\/pages\/37\/revisions\/11858"}],"up":[{"embeddable":true,"href":"https:\/\/consrosario.esteri.it\/it\/wp-json\/wp\/v2\/pages\/13"}],"wp:attachment":[{"href":"https:\/\/consrosario.esteri.it\/it\/wp-json\/wp\/v2\/media?parent=37"}],"curies":[{"name":"wp","href":"https:\/\/api.w.org\/{rel}","templated":true}]}}