{"id":39,"date":"2023-04-03T19:16:29","date_gmt":"2023-04-03T17:16:29","guid":{"rendered":"https:\/\/consolatozurigo.esteri.it\/?page_id=39"},"modified":"2025-09-16T09:10:43","modified_gmt":"2025-09-16T12:10:43","slug":"la-rete-consolare","status":"publish","type":"page","link":"https:\/\/consrosario.esteri.it\/it\/chi-siamo\/la-rete-consolare\/","title":{"rendered":"La Rete Consolare"},"content":{"rendered":"<p>La circoscrizione consolare di Rosario\u00a0comprende le seguenti province:<\/p>\n<ul>\n<li>Santa Fe<\/li>\n<li>Buenos Aires\u00a0(partidos di Pergamino, Arrecifes, Carmen de Areco, Capit\u00e1n Sarmiento, Col\u00f3n, Ramallo, Rojas, Salto e San Nicol\u00e1s)<\/li>\n<li>Entre R\u00edos<\/li>\n<li>Corrientes<\/li>\n<li>Chaco<\/li>\n<li>Formosa<\/li>\n<li>Misiones<\/li>\n<\/ul>\n<p>&nbsp;<\/p>\n<p><strong>Prov. di Santa Fe<br \/>\n<img loading=\"lazy\" decoding=\"async\" class=\"alignnone size-full wp-image-345 img-fluid\" src=\"https:\/\/consrosario.esteri.it\/wp-content\/uploads\/2023\/05\/sep.png\" alt=\"\" width=\"150\" height=\"5\" \/><\/strong><\/p>\n<p>VICE CONSOLATO ONORARIO A SANTA FE<br \/>\nNomina in corso di ufficializzazione<\/p>\n<p>AGENZIA CONSOLARE ONORARIA A RAFAELA<br \/>\nNomina in corso di ufficializzazione<\/p>\n<p>AGENZIA CONSOLARE ONORARIA A SAN JORGE<br \/>\nNomina in corso di ufficializzazione<\/p>\n<p>AGENZIA CONSOLARE ONORARIA A VENADO TUERTO<br \/>\nAlejandro Antonellini<br \/>\n<a href=\"https:\/\/consrosario.esteri.it\/wp-content\/uploads\/2024\/06\/DECRETO-ANTONELLINI.pdf\"><strong>Decreto limitazione funzioni<\/strong><\/a><br \/>\nTel. 03462 315321<br \/>\nJos\u00e9 Ismael Iraola 1270 Parque Industrial \u201cLa Victoria\u201d<br \/>\nCAP 2600<br \/>\nOrario: marted\u00ec e gioved\u00ec dalle ore 14:00 alle ore 18:00<\/p>\n<p>&nbsp;<\/p>\n<p><strong>Prov. di Buenos Aires<br \/>\n<img loading=\"lazy\" decoding=\"async\" class=\"alignnone size-full wp-image-345 img-fluid\" src=\"https:\/\/consrosario.esteri.it\/wp-content\/uploads\/2023\/05\/sep.png\" alt=\"\" width=\"150\" height=\"5\" \/><\/strong><\/p>\n<p>AGENZIA CONSOLARE ONORARIA A PERGAMINO<br \/>\nVacante<\/p>\n<p>&nbsp;<\/p>\n<p><strong>Prov. di Entre R\u00edos<br \/>\n<img loading=\"lazy\" decoding=\"async\" class=\"alignnone size-full wp-image-345 img-fluid\" src=\"https:\/\/consrosario.esteri.it\/wp-content\/uploads\/2023\/05\/sep.png\" alt=\"\" width=\"150\" height=\"5\" \/><\/strong><\/p>\n<p>VICE CONSOLATO ONORARIO a PARAN\u00c1<br \/>\nNomina in corso di ufficializzazione<\/p>\n<p>AGENZIA CONSOLARE ONORARIA a CONCORDIA<br \/>\nNomina in corso di ufficializzazione<\/p>\n<p>&nbsp;<\/p>\n<p><strong>Prov. di Corrientes<br \/>\n<img loading=\"lazy\" decoding=\"async\" class=\"alignnone size-full wp-image-345 img-fluid\" src=\"https:\/\/consrosario.esteri.it\/wp-content\/uploads\/2023\/05\/sep.png\" alt=\"\" width=\"150\" height=\"5\" \/><\/strong><\/p>\n<p>VICE CONSOLATO ONORARIO A CORRIENTES<br \/>\nNomina in corso di ufficializzazione<\/p>\n<p>&nbsp;<\/p>\n<p><strong>Prov. del Chaco<\/strong><br \/>\n<strong><img loading=\"lazy\" decoding=\"async\" class=\"alignnone size-full wp-image-345 img-fluid\" src=\"https:\/\/consrosario.esteri.it\/wp-content\/uploads\/2023\/05\/sep.png\" alt=\"\" width=\"150\" height=\"5\" \/><\/strong><\/p>\n<p>VICE CONSOLATO ONORARIO a RESISTENCIA<br \/>\nAldo Rub\u00e9n CRACOGNA<br \/>\n<a href=\"https:\/\/www.esteri.it\/mae\/ministero\/retediplomatica\/2601908.pdf\" target=\"_blank\" rel=\"noopener\"><strong>Decreto limitazioni funzioni<\/strong><\/a><br \/>\n<a href=\"mailto:resistencia.onorario@esteri.it\">resistencia.onorario@esteri.it<\/a><br \/>\nTel 0362-4465432<br \/>\nJulio Argentino Roca 1799<br \/>\nCAP: 3500<\/p>\n<p>&nbsp;<\/p>\n<p><strong>Prov. di Formosa<br \/>\n<img loading=\"lazy\" decoding=\"async\" class=\"alignnone size-full wp-image-345 img-fluid\" src=\"https:\/\/consrosario.esteri.it\/wp-content\/uploads\/2023\/05\/sep.png\" alt=\"\" width=\"150\" height=\"5\" \/><\/strong><\/p>\n<p>VICE CONSOLATO ONORARIO IN FORMOSA<br \/>\nAlfredo MAGLIETTI<br \/>\n<a href=\"https:\/\/www.esteri.it\/mae\/ministero\/retediplomatica\/2601108.pdf\" target=\"_blank\" rel=\"noopener\"><strong>Decreto limitazione funzioni<\/strong><\/a><br \/>\n<a href=\"mailto:formosa.onorario@esteri.it\">formosa.onorario@esteri.it<\/a><br \/>\nTel. 0370-4427561<br \/>\nAv. 25 de Mayo 353<br \/>\nCAP 3600<\/p>\n<p>&nbsp;<\/p>\n<p><strong>Prov. di Misiones<br \/>\n<img loading=\"lazy\" decoding=\"async\" class=\"alignnone size-full wp-image-345 img-fluid\" src=\"https:\/\/consrosario.esteri.it\/wp-content\/uploads\/2023\/05\/sep.png\" alt=\"\" width=\"150\" height=\"5\" \/><\/strong><\/p>\n<p>VICE CONSOLATO ONORARIO A POSADAS<br \/>\nJulieta M\u00f3nica RACCA<br \/>\n<strong><a href=\"https:\/\/www.gazzettaufficiale.it\/atto\/serie_generale\/caricaDettaglioAtto\/originario?atto.dataPubblicazioneGazzetta=2019-08-24&amp;atto.codiceRedazionale=19A05395&amp;elenco30giorni=false\">Decreto limitazione funzioni<\/a><\/strong><br \/>\n<a href=\"mailto:posadas.onorario@esteri.it\">posadas.onorario@esteri.it<\/a><br \/>\nTel.: (03765) 376386<br \/>\nF\u00e9lix de Azara 2175<br \/>\nCAP 3300<\/p>\n<p>AGENZIA CONSOLARE ONORARIA a ELDORADO<br \/>\nRicardo Jos\u00e9 Ram\u00f3n LUBARY<br \/>\n<a href=\"https:\/\/www.esteri.it\/mae\/ministero\/retediplomatica\/260A409.pdf\" target=\"_blank\" rel=\"noopener\"><strong>Decreto limitazione funzioni<\/strong><\/a><br \/>\n<a href=\"mailto:eldorado.onorario@esteri.it\">eldorado.onorario@esteri.it<\/a><br \/>\nOrario: il marted\u00ec ed il gioved\u00ec dalle ore 17:00 alle ore 20:00<br \/>\nTel.: (011) 561071369<br \/>\nMalvinas 1533\u00a0&#8211; Local 2<br \/>\nCAP 3380<\/p>\n","protected":false},"excerpt":{"rendered":"La circoscrizione consolare di Rosario\u00a0comprende le seguenti province: Santa Fe Buenos Aires\u00a0(partidos di Pergamino, Arrecifes, Carmen de Areco, Capit\u00e1n Sarmiento, Col\u00f3n, Ramallo, Rojas, Salto e San Nicol\u00e1s) Entre R\u00edos Corrientes Chaco Formosa Misiones &nbsp; Prov. di Santa Fe VICE CONSOLATO ONORARIO A SANTA FE Nomina in corso di ufficializzazione AGENZIA CONSOLARE ONORARIA A RAFAELA Nomina [&hellip;]","protected":false},"author":1,"featured_media":0,"parent":13,"menu_order":12,"comment_status":"closed","ping_status":"closed","template":"","meta":{"footnotes":""},"class_list":["post-39","page","type-page","status-publish","hentry"],"_links":{"self":[{"href":"https:\/\/consrosario.esteri.it\/it\/wp-json\/wp\/v2\/pages\/39","targetHints":{"allow":["GET"]}}],"collection":[{"href":"https:\/\/consrosario.esteri.it\/it\/wp-json\/wp\/v2\/pages"}],"about":[{"href":"https:\/\/consrosario.esteri.it\/it\/wp-json\/wp\/v2\/types\/page"}],"author":[{"embeddable":true,"href":"https:\/\/consrosario.esteri.it\/it\/wp-json\/wp\/v2\/users\/1"}],"replies":[{"embeddable":true,"href":"https:\/\/consrosario.esteri.it\/it\/wp-json\/wp\/v2\/comments?post=39"}],"version-history":[{"count":6,"href":"https:\/\/consrosario.esteri.it\/it\/wp-json\/wp\/v2\/pages\/39\/revisions"}],"predecessor-version":[{"id":9828,"href":"https:\/\/consrosario.esteri.it\/it\/wp-json\/wp\/v2\/pages\/39\/revisions\/9828"}],"up":[{"embeddable":true,"href":"https:\/\/consrosario.esteri.it\/it\/wp-json\/wp\/v2\/pages\/13"}],"wp:attachment":[{"href":"https:\/\/consrosario.esteri.it\/it\/wp-json\/wp\/v2\/media?parent=39"}],"curies":[{"name":"wp","href":"https:\/\/api.w.org\/{rel}","templated":true}]}}