{"id":401,"date":"2023-05-24T19:32:12","date_gmt":"2023-05-24T17:32:12","guid":{"rendered":"https:\/\/consrosario.esteri.it\/?page_id=401"},"modified":"2026-02-20T16:16:01","modified_gmt":"2026-02-20T19:16:01","slug":"passaporto-per-i-minori","status":"publish","type":"page","link":"https:\/\/consrosario.esteri.it\/it\/servizi-consolari-e-visti\/servizi-per-il-cittadino-italiano\/passaporti-e-carte-didentita\/passaporto-per-i-minori\/","title":{"rendered":"Passaporto per i minori"},"content":{"rendered":"<p style=\"text-align: justify;\"><strong>Per viaggiare all&#8217;estero tutti i minori devono essere in possesso di passaporto individuale. Per rilasciare il passaporto \u00e8 necessario l\u2019assenso di entrambi genitori<\/strong>\u00a0(<a href=\"https:\/\/consrosario.esteri.it\/it\/servizi-consolari-e-visti\/servizi-per-il-cittadino-italiano\/passaporti-e-carte-didentita\/assenso-allemissione-del-passaporto\/\"><strong>vedi\u00a0 informazioni sull&#8217;assenso<\/strong><\/a>).<br \/>\nIl passaporto viene emesso con validit\u00e0 di tre anni per i minori da 0 a 3 anni, e con validit\u00e0 di cinque anni per i minori da 3 a 18 anni. Al compimento dei 12 anni di et\u00e0 \u00e8 necessario acquisire la firma e le impronte digitali.<br \/>\n<strong>N.B. Prima di intraprendere un viaggio, si suggerisce di contattare sempre le Rappresentanze Diplomatiche dei Paesi di destinazione, al fine di verificarne le formalit\u00e0 richieste per l\u2019ingresso.<\/strong><br \/>\nPer il rilascio di passaporti a minori di anni 18\u00a0<strong>\u00e8 sempre necessaria la presenza del minore<\/strong>\u00a0per il quale si richiede il passaporto.<\/p>\n<p style=\"text-align: justify;\"><strong>Dichiarazione di accompagnamento di minore<\/strong><\/p>\n<p style=\"text-align: justify;\">Fino al compimento dei 14 anni i minori italiani possono espatriare a condizione che viaggino accompagnati da almeno un genitore o da chi ne fa le veci, oppure che venga menzionato sul passaporto [o su una dichiarazione di accompagnamento rilasciata da chi pu\u00f2 dare l\u2019assenso o l\u2019autorizzazione ai sensi dell\u2019articolo 3, lettera a) della legge 21 novembre 1967, n. 1185 &#8211; vistata da un\u2019autorit\u00e0 competente al rilascio (Questura in Italia, ufficio consolare all\u2019estero)] il nome della persona, dell\u2019ente o della compagnia di trasporto a cui i minori medesimi sono affidati.<\/p>\n<ul style=\"text-align: justify;\">\n<li><strong>la dichiarazione di accompagnamento pu\u00f2 riguardare un solo viaggio<\/strong> (da intendersi come andata e\/o ritorno) dal Paese di residenza del minore con destinazione determinata e non pu\u00f2 eccedere, di norma, il termine massimo di sei mesi;<\/li>\n<li>va presentata copia del biglietto aereo con itinerario;<\/li>\n<li>gli esercenti la responsabilit\u00e0 genitoriale o tutoria possono indicare fino ad un massimo di due accompagnatori, che saranno tuttavia alternativi fra di loro;<\/li>\n<li>nel rendere la dichiarazione di accompagnamento, gli esercenti la responsabilit\u00e0 genitoriale o tutoria possono chiedere che i nominativi degli accompagnatori, la durata del viaggio e la destinazione siano stampati sul passaporto del minore o in alternativa che tali dati siano riportati in una separata attestazione, che verr\u00e0 stampata dall\u2019Ufficio competente;<\/li>\n<li>nel caso in cui il minore sia affidato ad un ente o ad una compagnia di trasporto, per garantire la completezza e la leggibilit\u00e0 dei dati relativi al viaggio, \u00e8 rilasciata unicamente l\u2019attestazione. Si suggerisce, prima di acquistare il biglietto della compagnia di trasporto di verificare che la stessa accetti che il minore sia ad essa affidato.<\/li>\n<\/ul>\n<p style=\"text-align: justify;\"><a href=\"https:\/\/consrosario.esteri.it\/wp-content\/uploads\/2023\/05\/passaporti-modello_dichiarazione_di_accompagnamento.doc\">Scarica la dichiarazione di accompagnamento di minore<\/a>\u00a0\u00a0da presentare al Consolato Generale ai fini del rilascio dell\u2019attestazione di accompagnamento o della stampa sul passaporto.<\/p>\n","protected":false},"excerpt":{"rendered":"Per viaggiare all&#8217;estero tutti i minori devono essere in possesso di passaporto individuale. Per rilasciare il passaporto \u00e8 necessario l\u2019assenso di entrambi genitori\u00a0(vedi\u00a0 informazioni sull&#8217;assenso). Il passaporto viene emesso con validit\u00e0 di tre anni per i minori da 0 a 3 anni, e con validit\u00e0 di cinque anni per i minori da 3 a 18 [&hellip;]","protected":false},"author":5,"featured_media":0,"parent":67,"menu_order":5,"comment_status":"closed","ping_status":"closed","template":"","meta":{"footnotes":""},"class_list":["post-401","page","type-page","status-publish","hentry"],"_links":{"self":[{"href":"https:\/\/consrosario.esteri.it\/it\/wp-json\/wp\/v2\/pages\/401","targetHints":{"allow":["GET"]}}],"collection":[{"href":"https:\/\/consrosario.esteri.it\/it\/wp-json\/wp\/v2\/pages"}],"about":[{"href":"https:\/\/consrosario.esteri.it\/it\/wp-json\/wp\/v2\/types\/page"}],"author":[{"embeddable":true,"href":"https:\/\/consrosario.esteri.it\/it\/wp-json\/wp\/v2\/users\/5"}],"replies":[{"embeddable":true,"href":"https:\/\/consrosario.esteri.it\/it\/wp-json\/wp\/v2\/comments?post=401"}],"version-history":[{"count":2,"href":"https:\/\/consrosario.esteri.it\/it\/wp-json\/wp\/v2\/pages\/401\/revisions"}],"predecessor-version":[{"id":12196,"href":"https:\/\/consrosario.esteri.it\/it\/wp-json\/wp\/v2\/pages\/401\/revisions\/12196"}],"up":[{"embeddable":true,"href":"https:\/\/consrosario.esteri.it\/it\/wp-json\/wp\/v2\/pages\/67"}],"wp:attachment":[{"href":"https:\/\/consrosario.esteri.it\/it\/wp-json\/wp\/v2\/media?parent=401"}],"curies":[{"name":"wp","href":"https:\/\/api.w.org\/{rel}","templated":true}]}}