{"id":4438,"date":"2024-05-15T22:38:38","date_gmt":"2024-05-16T01:38:38","guid":{"rendered":"https:\/\/consrosario.esteri.it\/?page_id=4438"},"modified":"2026-02-19T11:56:04","modified_gmt":"2026-02-19T14:56:04","slug":"carta-didentita-elettronica-cie","status":"publish","type":"page","link":"https:\/\/consrosario.esteri.it\/it\/servizi-consolari-e-visti\/servizi-per-il-cittadino-italiano\/carta-didentita-elettronica-cie\/","title":{"rendered":"Carta d\u2019Identit\u00e0 Elettronica (CIE)"},"content":{"rendered":"<p style=\"text-align: justify;\">La CIE \u00e8 documento personale di riconoscimento valido per identificarsi e circolare nell\u2019Unione Europea, in alcuni Stati aderenti all\u2019accordo di Schengen (ad es. Islanda, Norvegia e Svizzera) e in altri Stati con cui sono stati raggiunti accordi bilaterali (vedasi le singole \u201cschede Paese\u201d sul sito <a href=\"http:\/\/www.viaggiaresicuri.it\">www.viaggiaresicuri.it<\/a>). <span style=\"text-decoration: underline;\"><strong>La CIE NON pu\u00f2 essere utilizzata come documento per uscire dall\u2019 Argentina.<\/strong><\/span><\/p>\n<p style=\"text-align: justify;\">I cittadini italiani residenti nella circoscrizione consolare di Rosario, <span style=\"text-decoration: underline;\"><strong>regolarmente iscritti all\u2019AIRE<\/strong><\/span> (Anagrafe degli Italiani Residenti all\u2019Estero), possono prenotare l\u2019appuntamento per il rilascio della Carta d\u2019Identit\u00e0 Elettronica (CIE).<\/p>\n<p style=\"text-align: justify;\">Si informa che, a seguito dell&#8217;entrata in vigore della legge n. 19 del 19 gennaio 2026, <span style=\"text-decoration: underline;\">a partire dal prossimo 1\u00b0 giugno 2026<\/span>, ogni cittadino regolarmente iscritto in AIRE potr\u00e0 presentare domanda per il rilascio della carta d&#8217;identit\u00e0 elettronica presso qualsiasi Comune italiano. La carta d\u2019identit\u00e0 sar\u00e0 consegnata con le medesime modalit\u00e0 previste in caso di domanda presentata tramite l\u2019Ufficio consolare, con facolt\u00e0 per l\u2019interessato di ritirarla personalmente presso il Comune ovvero di richiederne la spedizione all\u2019estero.<\/p>\n<p><a href=\"https:\/\/consrosario.esteri.it\/it\/servizi-consolari-e-visti\/servizi-per-il-cittadino-italiano\/carta-didentita-elettronica-cie\/requisiti\/\"><strong>Requisiti<\/strong><\/a><\/p>\n<p><a href=\"https:\/\/consrosario.esteri.it\/it\/servizi-consolari-e-visti\/servizi-per-il-cittadino-italiano\/carta-didentita-elettronica-cie\/come-richiedere-la-cie\/\"><strong>Come richiedere la CIE<\/strong><\/a><\/p>\n<p><a href=\"https:\/\/consrosario.esteri.it\/it\/servizi-consolari-e-visti\/servizi-per-il-cittadino-italiano\/carta-didentita-elettronica-cie\/documentazione-necessaria-per-il-rilascio-della-cie\/\"><strong>Documentazione necessaria per il rilascio della CIE<\/strong><\/a><\/p>\n<p><a href=\"https:\/\/consrosario.esteri.it\/it\/servizi-consolari-e-visti\/servizi-per-il-cittadino-italiano\/carta-didentita-elettronica-cie\/costo-della-cie\/\"><strong>Costo della CIE <\/strong><\/a><\/p>\n<p><a href=\"https:\/\/consrosario.esteri.it\/it\/servizi-consolari-e-visti\/servizi-per-il-cittadino-italiano\/carta-didentita-elettronica-cie\/il-giorno-dellappuntamento\/\"><strong>Il giorno dell\u2019appuntamento<\/strong><\/a><\/p>\n<p><a href=\"https:\/\/consrosario.esteri.it\/it\/servizi-consolari-e-visti\/servizi-per-il-cittadino-italiano\/carta-didentita-elettronica-cie\/rilascio-della-cie-ai-minorenni\/\"><strong>Rilascio della CIE ai minorenni <\/strong><\/a><\/p>\n<p><a href=\"https:\/\/consrosario.esteri.it\/it\/servizi-consolari-e-visti\/servizi-per-il-cittadino-italiano\/carta-didentita-elettronica-cie\/come-si-riceve-la-cie\/\"><strong>Come si riceve la CIE<\/strong><\/a><\/p>\n<p><a href=\"https:\/\/consrosario.esteri.it\/it\/servizi-consolari-e-visti\/servizi-per-il-cittadino-italiano\/carta-didentita-elettronica-cie\/domande-frequenti-cie\/\"><strong>FAQ<\/strong><\/a><\/p>\n","protected":false},"excerpt":{"rendered":"La CIE \u00e8 documento personale di riconoscimento valido per identificarsi e circolare nell\u2019Unione Europea, in alcuni Stati aderenti all\u2019accordo di Schengen (ad es. Islanda, Norvegia e Svizzera) e in altri Stati con cui sono stati raggiunti accordi bilaterali (vedasi le singole \u201cschede Paese\u201d sul sito www.viaggiaresicuri.it). La CIE NON pu\u00f2 essere utilizzata come documento per [&hellip;]","protected":false},"author":5,"featured_media":0,"parent":59,"menu_order":0,"comment_status":"closed","ping_status":"closed","template":"","meta":{"footnotes":""},"class_list":["post-4438","page","type-page","status-publish","hentry"],"_links":{"self":[{"href":"https:\/\/consrosario.esteri.it\/it\/wp-json\/wp\/v2\/pages\/4438","targetHints":{"allow":["GET"]}}],"collection":[{"href":"https:\/\/consrosario.esteri.it\/it\/wp-json\/wp\/v2\/pages"}],"about":[{"href":"https:\/\/consrosario.esteri.it\/it\/wp-json\/wp\/v2\/types\/page"}],"author":[{"embeddable":true,"href":"https:\/\/consrosario.esteri.it\/it\/wp-json\/wp\/v2\/users\/5"}],"replies":[{"embeddable":true,"href":"https:\/\/consrosario.esteri.it\/it\/wp-json\/wp\/v2\/comments?post=4438"}],"version-history":[{"count":6,"href":"https:\/\/consrosario.esteri.it\/it\/wp-json\/wp\/v2\/pages\/4438\/revisions"}],"predecessor-version":[{"id":12071,"href":"https:\/\/consrosario.esteri.it\/it\/wp-json\/wp\/v2\/pages\/4438\/revisions\/12071"}],"up":[{"embeddable":true,"href":"https:\/\/consrosario.esteri.it\/it\/wp-json\/wp\/v2\/pages\/59"}],"wp:attachment":[{"href":"https:\/\/consrosario.esteri.it\/it\/wp-json\/wp\/v2\/media?parent=4438"}],"curies":[{"name":"wp","href":"https:\/\/api.w.org\/{rel}","templated":true}]}}