{"id":4444,"date":"2024-05-15T22:40:26","date_gmt":"2024-05-16T01:40:26","guid":{"rendered":"https:\/\/consrosario.esteri.it\/?page_id=4444"},"modified":"2025-03-24T16:00:20","modified_gmt":"2025-03-24T19:00:20","slug":"requisiti","status":"publish","type":"page","link":"https:\/\/consrosario.esteri.it\/it\/servizi-consolari-e-visti\/servizi-per-il-cittadino-italiano\/carta-didentita-elettronica-cie\/requisiti\/","title":{"rendered":"Requisiti"},"content":{"rendered":"<p style=\"text-align: justify;\"><strong>Requisiti<\/strong><\/p>\n<p style=\"text-align: justify;\">Ai fini dell\u2019emissione della CIE \u00e8 indispensabile che il richiedente:<\/p>\n<ul style=\"text-align: justify;\">\n<li>sia cittadino italiano regolarmente residente nella circoscrizione consolare del Consolato Generale d\u2019Italia a Rosario;<\/li>\n<li>sia iscritto all\u2019AIRE da parte del comune italiano di riferimento. A tal fine, gli interessati dovranno verificare essere iscritti all\u2019AIRE dalla propria scheda consolare su FASTIT (<a href=\"https:\/\/consrosario.esteri.it\/it\/servizi-consolari-e-visti\/servizi-per-il-cittadino-italiano\/anagrafe-degli-italiani-residenti-allestero-aire\/\">cliccare qui<\/a>), verificando inoltre che tutti i propri dati siano corretti e completi (es. nomi e cognomi).<\/li>\n<li>abbia l\u2019atto di nascita trascritto in Italia, in quanto gli estremi della trascrizione devono essere riportati sulla CIE;<\/li>\n<\/ul>\n<p style=\"text-align: justify;\"><strong>ATTENZIONE:<\/strong> nel caso in cui, a seguito di verifiche, non fosse possibile procedere con la pratica di rilascio della CIE, l\u2019appuntamento verr\u00e0 annullato. Il connazionale sar\u00e0 informato sulle motivazioni del rigetto e dovr\u00e0 ripetere la procedura sul Prenot@Mi una volta regolarizzata la propria posizione in base a quanto comunicato dal Consolato.<\/p>\n","protected":false},"excerpt":{"rendered":"Requisiti Ai fini dell\u2019emissione della CIE \u00e8 indispensabile che il richiedente: sia cittadino italiano regolarmente residente nella circoscrizione consolare del Consolato Generale d\u2019Italia a Rosario; sia iscritto all\u2019AIRE da parte del comune italiano di riferimento. A tal fine, gli interessati dovranno verificare essere iscritti all\u2019AIRE dalla propria scheda consolare su FASTIT (cliccare qui), verificando inoltre [&hellip;]","protected":false},"author":5,"featured_media":0,"parent":4438,"menu_order":0,"comment_status":"closed","ping_status":"closed","template":"","meta":{"footnotes":""},"class_list":["post-4444","page","type-page","status-publish","hentry"],"_links":{"self":[{"href":"https:\/\/consrosario.esteri.it\/it\/wp-json\/wp\/v2\/pages\/4444","targetHints":{"allow":["GET"]}}],"collection":[{"href":"https:\/\/consrosario.esteri.it\/it\/wp-json\/wp\/v2\/pages"}],"about":[{"href":"https:\/\/consrosario.esteri.it\/it\/wp-json\/wp\/v2\/types\/page"}],"author":[{"embeddable":true,"href":"https:\/\/consrosario.esteri.it\/it\/wp-json\/wp\/v2\/users\/5"}],"replies":[{"embeddable":true,"href":"https:\/\/consrosario.esteri.it\/it\/wp-json\/wp\/v2\/comments?post=4444"}],"version-history":[{"count":3,"href":"https:\/\/consrosario.esteri.it\/it\/wp-json\/wp\/v2\/pages\/4444\/revisions"}],"predecessor-version":[{"id":7405,"href":"https:\/\/consrosario.esteri.it\/it\/wp-json\/wp\/v2\/pages\/4444\/revisions\/7405"}],"up":[{"embeddable":true,"href":"https:\/\/consrosario.esteri.it\/it\/wp-json\/wp\/v2\/pages\/4438"}],"wp:attachment":[{"href":"https:\/\/consrosario.esteri.it\/it\/wp-json\/wp\/v2\/media?parent=4444"}],"curies":[{"name":"wp","href":"https:\/\/api.w.org\/{rel}","templated":true}]}}