{"id":4448,"date":"2024-05-15T22:42:42","date_gmt":"2024-05-16T01:42:42","guid":{"rendered":"https:\/\/consrosario.esteri.it\/?page_id=4448"},"modified":"2025-03-24T16:01:06","modified_gmt":"2025-03-24T19:01:06","slug":"come-richiedere-la-cie","status":"publish","type":"page","link":"https:\/\/consrosario.esteri.it\/it\/servizi-consolari-e-visti\/servizi-per-il-cittadino-italiano\/carta-didentita-elettronica-cie\/come-richiedere-la-cie\/","title":{"rendered":"Come richiedere la CIE"},"content":{"rendered":"<p style=\"text-align: justify;\">Si riceve soltanto con appuntamento. Gli appuntamenti sono assegnati esclusivamente tramite il sistema Prenot@Mi. Non \u00e8 possibile richiedere un appuntamento (o richiedere di modificarlo) per posta elettronica o presso lo sportello di informazioni al pubblico.<\/p>\n<p style=\"text-align: justify;\">Per prenotare un appuntamento per richiedere l\u2019emissione della CIE va utilizzato il seguente link: <a href=\"https:\/\/prenotami.esteri.it\/\">https:\/\/prenotami.esteri.it\/<\/a><\/p>\n<p style=\"text-align: justify;\">L\u2019appuntamento \u00e8 gratuito e non pu\u00f2 essere ceduto (la richiesta di appuntamento \u00e8 personale e non sono autorizzati n\u00e9 agenzie n\u00e9 gestori a farne richiesta).<\/p>\n<p style=\"text-align: justify;\">Per sapere giorni e orario dell\u2019apertura delle prenotazioni, <a href=\"https:\/\/consrosario.esteri.it\/it\/chi-siamo\/la-sede\/prenota-lappuntamento\/\">cliccare qui<\/a>.<\/p>\n<p style=\"text-align: justify;\">Ogni cittadino maggiore di 18 anni deve richiedere il proprio appuntamento individualmente. Se, oltre all\u2019adulto, si desidera richiedere la CIE per i figli minori si dovr\u00e0 prendere un appuntamento multiplo indicando i nominativi dei minorenni negli appositi spazi. Se l\u2019appuntamento \u00e8 esclusivamente per un figlio minorenne si dovr\u00e0 prendere un appuntamento singolo indicando nel campo note per chi si richiede l\u2019appuntamento. Se l\u2019appuntamento \u00e8 solo per figli minorenni si dovr\u00e0 prendere un appuntamento multiplo inserendo il primo figlio nel campo \u201cNote\u201d e i successivi negli appositi spazi dell\u2019appuntamento multiplo.<\/p>\n","protected":false},"excerpt":{"rendered":"Si riceve soltanto con appuntamento. Gli appuntamenti sono assegnati esclusivamente tramite il sistema Prenot@Mi. Non \u00e8 possibile richiedere un appuntamento (o richiedere di modificarlo) per posta elettronica o presso lo sportello di informazioni al pubblico. Per prenotare un appuntamento per richiedere l\u2019emissione della CIE va utilizzato il seguente link: https:\/\/prenotami.esteri.it\/ L\u2019appuntamento \u00e8 gratuito e non [&hellip;]","protected":false},"author":5,"featured_media":0,"parent":4438,"menu_order":0,"comment_status":"closed","ping_status":"closed","template":"","meta":{"footnotes":""},"class_list":["post-4448","page","type-page","status-publish","hentry"],"_links":{"self":[{"href":"https:\/\/consrosario.esteri.it\/it\/wp-json\/wp\/v2\/pages\/4448","targetHints":{"allow":["GET"]}}],"collection":[{"href":"https:\/\/consrosario.esteri.it\/it\/wp-json\/wp\/v2\/pages"}],"about":[{"href":"https:\/\/consrosario.esteri.it\/it\/wp-json\/wp\/v2\/types\/page"}],"author":[{"embeddable":true,"href":"https:\/\/consrosario.esteri.it\/it\/wp-json\/wp\/v2\/users\/5"}],"replies":[{"embeddable":true,"href":"https:\/\/consrosario.esteri.it\/it\/wp-json\/wp\/v2\/comments?post=4448"}],"version-history":[{"count":2,"href":"https:\/\/consrosario.esteri.it\/it\/wp-json\/wp\/v2\/pages\/4448\/revisions"}],"predecessor-version":[{"id":7407,"href":"https:\/\/consrosario.esteri.it\/it\/wp-json\/wp\/v2\/pages\/4448\/revisions\/7407"}],"up":[{"embeddable":true,"href":"https:\/\/consrosario.esteri.it\/it\/wp-json\/wp\/v2\/pages\/4438"}],"wp:attachment":[{"href":"https:\/\/consrosario.esteri.it\/it\/wp-json\/wp\/v2\/media?parent=4448"}],"curies":[{"name":"wp","href":"https:\/\/api.w.org\/{rel}","templated":true}]}}