{"id":4468,"date":"2024-05-15T22:50:44","date_gmt":"2024-05-16T01:50:44","guid":{"rendered":"https:\/\/consrosario.esteri.it\/?page_id=4468"},"modified":"2025-03-25T09:00:30","modified_gmt":"2025-03-25T12:00:30","slug":"rilascio-della-cie-ai-minorenni","status":"publish","type":"page","link":"https:\/\/consrosario.esteri.it\/it\/servizi-consolari-e-visti\/servizi-per-il-cittadino-italiano\/carta-didentita-elettronica-cie\/rilascio-della-cie-ai-minorenni\/","title":{"rendered":"Rilascio della CIE ai minorenni"},"content":{"rendered":"<p style=\"text-align: justify;\">La domanda per il rilascio della CIE ai minori, presentata all\u2019Ufficio il giorno dell\u2019appuntamento, richiede l\u2019assenso scritto da entrambi i genitori (o da chi esercita la responsabilit\u00e0 genitoriale).<\/p>\n<p style=\"text-align: justify;\"><strong>Si informano i connazionali, genitori di figli minori, che a partire dal 14 giugno 2023 non sar\u00e0 pi\u00f9 necessario presentare l\u2019atto di assenso dell\u2019altro genitore ai fini del rilascio del proprio documento d\u2019identit\u00e0 (passaporto e CIE), ai sensi del D.L. 69\/2023.<\/strong><\/p>\n<p style=\"text-align: justify;\">Nello specifico il novellato articolo 3-bis della L. 1185\/1967 indica che, quando vi \u00e8 concreto e attuale pericolo che a causa del trasferimento all\u2019estero questo possa sottrarsi all\u2019adempimento dei suoi obblighi verso i figli, sar\u00e0 possibile per l\u2019altro genitore richiedere una inibitoria al rilascio del documento.\u00a0 L\u2019istanza potr\u00e0 essere presentata presso il giudice competente presso il Tribunale ordinario in cui il minore ha la residenza abituale ovvero, se il minore \u00e8 residente all\u2019estero, il Tribunale nel cui circondario si trova il suo Comune di iscrizione AIRE.<\/p>\n<p style=\"text-align: justify;\">Ai fini del rilascio dei documenti (passaporto o CIE) <strong>per i minori, invece, resta l\u2019obbligo dell\u2019assenso <\/strong>firmato da entrambi i genitori o da chi esercita la responsabilit\u00e0 genitoriale.<\/p>\n<p style=\"text-align: justify;\">L\u2019assenso al rilascio della CIE di un minore pu\u00f2 essere manifestato in una delle seguenti forme:<\/p>\n<ul>\n<li style=\"text-align: justify;\">personalmente presso questo Consolato il giorno dell\u2019appuntamento (si ricorda che chi d\u00e0 l\u2019assenso deve essere munito di un documento valido di identit\u00e0, in originale e fotocopia semplice);<\/li>\n<li style=\"text-align: justify;\">personalmente presso un qualsiasi Ufficio della Pubblica Amministrazione Italiana abilitato ad autenticare firme con congruo anticipo al giorno dell\u2019appuntamento per il rilascio della CIE (es. Questura o altre rappresentanze diplomatico-consolari);<\/li>\n<li style=\"text-align: justify;\">con una procura specifica per il rilascio della CIE effettuata da un notaio argentino, con successiva apposizione dell\u2019Apostille e traduzione in italiano;<\/li>\n<li style=\"text-align: justify;\">i cittadini italiani e dell\u2019Unione Europea possono manifestare l\u2019assenso compilando e firmando l\u2019apposito modulo (<a href=\"https:\/\/consrosario.esteri.it\/wp-content\/uploads\/2023\/08\/atto_dassenso.doc\">scarica modello atto di assenso<\/a>) che sar\u00e0 consegnato il giorno dell\u2019appuntamento.<\/li>\n<\/ul>\n","protected":false},"excerpt":{"rendered":"La domanda per il rilascio della CIE ai minori, presentata all\u2019Ufficio il giorno dell\u2019appuntamento, richiede l\u2019assenso scritto da entrambi i genitori (o da chi esercita la responsabilit\u00e0 genitoriale). Si informano i connazionali, genitori di figli minori, che a partire dal 14 giugno 2023 non sar\u00e0 pi\u00f9 necessario presentare l\u2019atto di assenso dell\u2019altro genitore ai fini [&hellip;]","protected":false},"author":5,"featured_media":0,"parent":4438,"menu_order":0,"comment_status":"closed","ping_status":"closed","template":"","meta":{"footnotes":""},"class_list":["post-4468","page","type-page","status-publish","hentry"],"_links":{"self":[{"href":"https:\/\/consrosario.esteri.it\/it\/wp-json\/wp\/v2\/pages\/4468","targetHints":{"allow":["GET"]}}],"collection":[{"href":"https:\/\/consrosario.esteri.it\/it\/wp-json\/wp\/v2\/pages"}],"about":[{"href":"https:\/\/consrosario.esteri.it\/it\/wp-json\/wp\/v2\/types\/page"}],"author":[{"embeddable":true,"href":"https:\/\/consrosario.esteri.it\/it\/wp-json\/wp\/v2\/users\/5"}],"replies":[{"embeddable":true,"href":"https:\/\/consrosario.esteri.it\/it\/wp-json\/wp\/v2\/comments?post=4468"}],"version-history":[{"count":2,"href":"https:\/\/consrosario.esteri.it\/it\/wp-json\/wp\/v2\/pages\/4468\/revisions"}],"predecessor-version":[{"id":7417,"href":"https:\/\/consrosario.esteri.it\/it\/wp-json\/wp\/v2\/pages\/4468\/revisions\/7417"}],"up":[{"embeddable":true,"href":"https:\/\/consrosario.esteri.it\/it\/wp-json\/wp\/v2\/pages\/4438"}],"wp:attachment":[{"href":"https:\/\/consrosario.esteri.it\/it\/wp-json\/wp\/v2\/media?parent=4468"}],"curies":[{"name":"wp","href":"https:\/\/api.w.org\/{rel}","templated":true}]}}