{"id":4488,"date":"2024-05-15T22:58:37","date_gmt":"2024-05-16T01:58:37","guid":{"rendered":"https:\/\/consrosario.esteri.it\/?page_id=4488"},"modified":"2024-05-15T22:58:37","modified_gmt":"2024-05-16T01:58:37","slug":"domande-frequenti-cie","status":"publish","type":"page","link":"https:\/\/consrosario.esteri.it\/it\/servizi-consolari-e-visti\/servizi-per-il-cittadino-italiano\/carta-didentita-elettronica-cie\/domande-frequenti-cie\/","title":{"rendered":"Domande frequenti CIE"},"content":{"rendered":"<p style=\"text-align: justify;\"><strong>Come mi registro all\u2019 AIRE?<\/strong><\/p>\n<p style=\"text-align: justify;\">L\u2019iscrizione all\u2019A.I.R.E. deve essere effettuata unicamente attraverso il portale <a href=\"https:\/\/serviziconsolari.esteri.it\/ScoFE\/index.sco\">FAST-IT<\/a>.<\/p>\n<p style=\"text-align: justify;\"><strong>Quali sono le operazioni che saranno effettuate il giorno dell\u2019appuntamento?<\/strong><\/p>\n<p style=\"text-align: justify;\">Il giorno dell\u2019appuntamento, l\u2019operatore consolare acquisisce la documentazione sopra indicata, effettua il riconoscimento e la verifica della foto ed acquisisce le impronte digitali e la firma. Il giorno dell\u2019appuntamento, sar\u00e0 annullata la carta di identit\u00e0 cartacea o CIE in corso di validit\u00e0, anche se il richiedente non possiede altro documento di identit\u00e0. Si consiglia pertanto, qualora il richiedente non abbia altro documento di identit\u00e0 in corso di validit\u00e0, di comunicarlo all\u2019operatore.<\/p>\n<p style=\"text-align: justify;\"><strong>Devo chiedere una nuova carta se cambio indirizzo?<\/strong><\/p>\n<p style=\"text-align: justify;\">No. La carta d\u2019identit\u00e0 \u00e8 un documento di identit\u00e0 e non di residenza.<\/p>\n<p style=\"text-align: justify;\"><strong>Posso richiedere la carta di identit\u00e0 presso il mio Comune in Italia, anche se residente all\u2019estero?<\/strong><\/p>\n<p style=\"text-align: justify;\">Il connazionale dovr\u00e0 verificare con il Comune in Italia.<\/p>\n","protected":false},"excerpt":{"rendered":"Come mi registro all\u2019 AIRE? L\u2019iscrizione all\u2019A.I.R.E. deve essere effettuata unicamente attraverso il portale FAST-IT. Quali sono le operazioni che saranno effettuate il giorno dell\u2019appuntamento? Il giorno dell\u2019appuntamento, l\u2019operatore consolare acquisisce la documentazione sopra indicata, effettua il riconoscimento e la verifica della foto ed acquisisce le impronte digitali e la firma. Il giorno dell\u2019appuntamento, sar\u00e0 [&hellip;]","protected":false},"author":5,"featured_media":0,"parent":4438,"menu_order":0,"comment_status":"closed","ping_status":"closed","template":"","meta":{"footnotes":""},"class_list":["post-4488","page","type-page","status-publish","hentry"],"_links":{"self":[{"href":"https:\/\/consrosario.esteri.it\/it\/wp-json\/wp\/v2\/pages\/4488","targetHints":{"allow":["GET"]}}],"collection":[{"href":"https:\/\/consrosario.esteri.it\/it\/wp-json\/wp\/v2\/pages"}],"about":[{"href":"https:\/\/consrosario.esteri.it\/it\/wp-json\/wp\/v2\/types\/page"}],"author":[{"embeddable":true,"href":"https:\/\/consrosario.esteri.it\/it\/wp-json\/wp\/v2\/users\/5"}],"replies":[{"embeddable":true,"href":"https:\/\/consrosario.esteri.it\/it\/wp-json\/wp\/v2\/comments?post=4488"}],"version-history":[{"count":1,"href":"https:\/\/consrosario.esteri.it\/it\/wp-json\/wp\/v2\/pages\/4488\/revisions"}],"predecessor-version":[{"id":4490,"href":"https:\/\/consrosario.esteri.it\/it\/wp-json\/wp\/v2\/pages\/4488\/revisions\/4490"}],"up":[{"embeddable":true,"href":"https:\/\/consrosario.esteri.it\/it\/wp-json\/wp\/v2\/pages\/4438"}],"wp:attachment":[{"href":"https:\/\/consrosario.esteri.it\/it\/wp-json\/wp\/v2\/media?parent=4488"}],"curies":[{"name":"wp","href":"https:\/\/api.w.org\/{rel}","templated":true}]}}