{"id":4584,"date":"2024-05-19T23:33:42","date_gmt":"2024-05-20T02:33:42","guid":{"rendered":"https:\/\/consrosario.esteri.it\/?page_id=4584"},"modified":"2024-05-19T23:58:00","modified_gmt":"2024-05-20T02:58:00","slug":"netiquette-social-media","status":"publish","type":"page","link":"https:\/\/consrosario.esteri.it\/it\/chi-siamo\/contatti\/netiquette-social-media\/","title":{"rendered":"Netiquette Social Media"},"content":{"rendered":"<p style=\"text-align: justify;\">Questo Consolato Generale utilizza i social media per finalit\u00e0 istituzionali, per accrescere la trasparenza e la conoscenza delle proprie attivit\u00e0: informa, comunica, ascolta e pubblica contenuti di carattere istituzionale.<\/p>\n<table style=\"width: 277px; height: 58px;\" border=\"0\">\n<tbody>\n<tr>\n<td><a href=\"http:\/\/x.com\/italyinrosario\"><img loading=\"lazy\" decoding=\"async\" class=\"img-fluid alignnone wp-image-3477\" src=\"https:\/\/consrosario.esteri.it\/wp-content\/uploads\/2024\/02\/x.png\" alt=\"\" width=\"50\" height=\"50\" srcset=\"https:\/\/consrosario.esteri.it\/wp-content\/uploads\/2024\/02\/x.png 199w, https:\/\/consrosario.esteri.it\/wp-content\/uploads\/2024\/02\/x-150x150.png 150w\" sizes=\"auto, (max-width: 50px) 100vw, 50px\" \/><\/a><\/td>\n<td><a href=\"https:\/\/www.instagram.com\/italyinrosario\/\" target=\"_blank\" rel=\"noopener\"><img loading=\"lazy\" decoding=\"async\" class=\"alignnone size-full wp-image-291 img-fluid\" src=\"https:\/\/consrosario.esteri.it\/wp-content\/uploads\/2023\/05\/ig.jpg\" alt=\"\" width=\"50\" height=\"50\" srcset=\"https:\/\/consrosario.esteri.it\/wp-content\/uploads\/2023\/05\/ig.jpg 163w, https:\/\/consrosario.esteri.it\/wp-content\/uploads\/2023\/05\/ig-150x150.jpg 150w\" sizes=\"auto, (max-width: 50px) 100vw, 50px\" \/><\/a><\/td>\n<td><a href=\"https:\/\/www.facebook.com\/italyinrosario\" target=\"_blank\" rel=\"noopener\"><img loading=\"lazy\" decoding=\"async\" class=\"alignnone size-full wp-image-289 img-fluid\" src=\"https:\/\/consrosario.esteri.it\/wp-content\/uploads\/2023\/05\/fb.jpg\" alt=\"\" width=\"50\" height=\"50\" srcset=\"https:\/\/consrosario.esteri.it\/wp-content\/uploads\/2023\/05\/fb.jpg 163w, https:\/\/consrosario.esteri.it\/wp-content\/uploads\/2023\/05\/fb-150x150.jpg 150w\" sizes=\"auto, (max-width: 50px) 100vw, 50px\" \/><\/a><\/td>\n<td><a href=\"https:\/\/wa.me\/5493412587798\" target=\"_blank\" rel=\"noopener\"><img loading=\"lazy\" decoding=\"async\" class=\"alignnone size-full wp-image-295 img-fluid\" src=\"https:\/\/consrosario.esteri.it\/wp-content\/uploads\/2023\/05\/wa.jpg\" alt=\"\" width=\"50\" height=\"50\" srcset=\"https:\/\/consrosario.esteri.it\/wp-content\/uploads\/2023\/05\/wa.jpg 163w, https:\/\/consrosario.esteri.it\/wp-content\/uploads\/2023\/05\/wa-150x150.jpg 150w\" sizes=\"auto, (max-width: 50px) 100vw, 50px\" \/><\/a><\/td>\n<td><a href=\"https:\/\/www.threads.net\/@italyinrosario\"><img loading=\"lazy\" decoding=\"async\" class=\"img-fluid alignnone wp-image-3482\" src=\"https:\/\/consrosario.esteri.it\/wp-content\/uploads\/2024\/02\/threads.png\" alt=\"\" width=\"50\" height=\"50\" srcset=\"https:\/\/consrosario.esteri.it\/wp-content\/uploads\/2024\/02\/threads.png 199w, https:\/\/consrosario.esteri.it\/wp-content\/uploads\/2024\/02\/threads-150x150.png 150w\" sizes=\"auto, (max-width: 50px) 100vw, 50px\" \/><\/a><\/td>\n<td><a href=\"https:\/\/www.youtube.com\/@italyinrosario\"><img loading=\"lazy\" decoding=\"async\" class=\"img-fluid alignnone wp-image-3482\" src=\"https:\/\/consrosario.esteri.it\/wp-content\/uploads\/2024\/05\/yt.png\" alt=\"\" width=\"50\" height=\"50\" \/><\/a><\/td>\n<\/tr>\n<\/tbody>\n<\/table>\n<p style=\"text-align: justify;\">I contenuti pubblicati comprendono fotografie, video istituzionali, comunicati stampa, informazioni di servizio, notizie relative all\u2019attivit\u00e0 di questa sede nonch\u00e9 opportunit\u00e0 di coinvolgimento e partecipazione dei cittadini. I dati personali sono utilizzati nel rispetto della normativa a relativa protezione.<\/p>\n<p style=\"text-align: justify;\">Attraverso i propri canali social, questa sede pu\u00f2 condividere e rilanciare contenuti e messaggi di pubblico interesse e utilit\u00e0 pubblicate da altri utenti.<\/p>\n<p style=\"text-align: justify;\">Questo Consolato Generale si impegna a gestire spazi di comunicazione e dialogo all\u2019interno dei propri profili social media chiedendo ai propri utenti il rispetto di alcune semplici regole:<\/p>\n<ol style=\"text-align: justify;\">\n<li>A tutti si chiede di esporre la propria opinione con correttezza, misura e rispetto.<\/li>\n<li>Nei social media ognuno \u00e8 responsabile dei contenuti che pubblica e delle opinioni che esprime. Non saranno comunque tollerati insulti, volgarit\u00e0, offese, minacce e, in generale, atteggiamenti violenti o diffamatori.<\/li>\n<li>I contenuti pubblicati devono rispettare sempre la protezione di dati personali. Vanno evitati riferimenti a fatti o a dettagli privi di rilevanza pubblica e che ledano la sfera personale di terzi.<\/li>\n<li>L\u2019interesse degli argomenti rispetto alle attivit\u00e0 di questa sede \u00e8 un requisito essenziale: non \u00e8 possibile in alcun modo utilizzare questi spazi per scopi diversi da quelli istituzionali.<\/li>\n<li>Ogni discussione \u00e8 legata a un tema specifico: a tutti i partecipanti \u00e8 richiesto di rispettarlo, evitando di allargare il confronto in modo generico e indiscriminato.<\/li>\n<li>Non sar\u00e0 tollerata alcuna forma di pubblicit\u00e0, spam o promozione di interessi privati o di attivit\u00e0 illegali.<\/li>\n<li>Non sono ammessi contenuti che violino il diritto d\u2019autore n\u00e9 l\u2019utilizzo non autorizzato di marchi registrati.<\/li>\n<\/ol>\n<p style=\"text-align: justify;\">In ogni caso, ove il social media lo permetta, saranno rimossi dallo staff tutti i post, i commenti o i materiali audio\/video che:<\/p>\n<ul style=\"text-align: justify;\">\n<li>presentano un linguaggio inappropriato e\/o un tono minaccioso, violento, volgare o irrispettoso;<\/li>\n<li>presentano contenuti illeciti o di incitamento a compiere attivit\u00e0 illecite;<\/li>\n<li>hanno contenuti offensivi, ingannevoli, allarmistici, o in violazione di diritti di terzi;<\/li>\n<li>divulgano dati e informazioni personali o che possono cagionare danni o ledere la reputazione di terzi;<\/li>\n<li>presentano contenuti a contenuto osceno, pornografico o pedopornografico, o tale da offendere la sensibilit\u00e0 degli utenti;<\/li>\n<li>hanno un contenuto discriminatorio per genere, razza, etnia, lingua, credo religioso, opinioni politiche, orientamento sessuale, et\u00e0, condizioni personali e sociali;<\/li>\n<li>promuovono o sostengono attivit\u00e0 illegali, che violano la protezione del diritto di autore o che utilizzano in modo improprio un marchio registrato.<\/li>\n<\/ul>\n<p style=\"text-align: justify;\">Per chi dovesse violare ripetutamente queste condizioni o quelle contenute nelle policy degli strumenti adottati, questa sede, coerentemente con la Social Media Policy del MAECI, si riserva il diritto di usare il ban o il blocco (quando possibile dopo un primo avvertimento) per impedire ulteriori interventi, e di segnalare l\u2019utente ai responsabili della piattaforma ed eventualmente alle forze dell\u2019ordine.<\/p>\n<p style=\"text-align: justify;\">Questa sede interagisce, nei limiti delle proprie disponibilit\u00e0 di risorse, con gli utenti attraverso i propri profili social. Essi, tuttavia, non sostituiscono i consueti canali di accesso del pubblico ai servizi di informazione e assistenza. \u00c8 possibile contattare la sede come indicato nell&#8217;apposita <a href=\"https:\/\/consrosario.esteri.it\/it\/chi-siamo\/contatti\/\">sezione dedicata di questo sito<\/a>.<\/p>\n","protected":false},"excerpt":{"rendered":"Questo Consolato Generale utilizza i social media per finalit\u00e0 istituzionali, per accrescere la trasparenza e la conoscenza delle proprie attivit\u00e0: informa, comunica, ascolta e pubblica contenuti di carattere istituzionale. I contenuti pubblicati comprendono fotografie, video istituzionali, comunicati stampa, informazioni di servizio, notizie relative all\u2019attivit\u00e0 di questa sede nonch\u00e9 opportunit\u00e0 di coinvolgimento e partecipazione dei cittadini. [&hellip;]","protected":false},"author":5,"featured_media":0,"parent":37,"menu_order":0,"comment_status":"closed","ping_status":"closed","template":"","meta":{"footnotes":""},"class_list":["post-4584","page","type-page","status-publish","hentry"],"_links":{"self":[{"href":"https:\/\/consrosario.esteri.it\/it\/wp-json\/wp\/v2\/pages\/4584","targetHints":{"allow":["GET"]}}],"collection":[{"href":"https:\/\/consrosario.esteri.it\/it\/wp-json\/wp\/v2\/pages"}],"about":[{"href":"https:\/\/consrosario.esteri.it\/it\/wp-json\/wp\/v2\/types\/page"}],"author":[{"embeddable":true,"href":"https:\/\/consrosario.esteri.it\/it\/wp-json\/wp\/v2\/users\/5"}],"replies":[{"embeddable":true,"href":"https:\/\/consrosario.esteri.it\/it\/wp-json\/wp\/v2\/comments?post=4584"}],"version-history":[{"count":3,"href":"https:\/\/consrosario.esteri.it\/it\/wp-json\/wp\/v2\/pages\/4584\/revisions"}],"predecessor-version":[{"id":4603,"href":"https:\/\/consrosario.esteri.it\/it\/wp-json\/wp\/v2\/pages\/4584\/revisions\/4603"}],"up":[{"embeddable":true,"href":"https:\/\/consrosario.esteri.it\/it\/wp-json\/wp\/v2\/pages\/37"}],"wp:attachment":[{"href":"https:\/\/consrosario.esteri.it\/it\/wp-json\/wp\/v2\/media?parent=4584"}],"curies":[{"name":"wp","href":"https:\/\/api.w.org\/{rel}","templated":true}]}}