{"id":547,"date":"2023-05-30T18:41:19","date_gmt":"2023-05-30T16:41:19","guid":{"rendered":"https:\/\/consrosario.esteri.it\/?page_id=547"},"modified":"2023-05-30T18:41:19","modified_gmt":"2023-05-30T16:41:19","slug":"rimpatrio-sanitario","status":"publish","type":"page","link":"https:\/\/consrosario.esteri.it\/it\/servizi-consolari-e-visti\/servizi-per-il-cittadino-italiano\/assistenza-ai-cittadini-allestero\/rimpatrio-sanitario\/","title":{"rendered":"Rimpatrio sanitario"},"content":{"rendered":"<p style=\"text-align: justify;\">Un settore particolarmente delicato dell\u2019attivit\u00e0 di assistenza ai cittadini italiani all\u2019estero riguarda il rimpatrio di connazionali che si trovino temporaneamento in Paesi stranieri in situazioni di gravi difficolt\u00e0, non superabili in loco. Gli interventi del\u00a0Ministero degli\u00a0Affari Esteri e della Cooperazione Internazionale, in collaborazione con gli enti territorialmente competenti (Prefetture, Questure, Comuni, Unit\u00e0 Sanitarie Locali, Servizi Sociali), riguardano:<br \/>\n\u2022 minori in stato di abbandono;<br \/>\n\u2022 malati di mente (la procedura in questo caso \u00e8 assai complessa, perch\u00e9 richiede la presenza di uno o pi\u00f9 accompagnatori qualificati, nonch\u00e8 il reperimento di ospedali specializzati);<br \/>\n\u2022 cittadini italiani al termine della detenzione o espulsi;<br \/>\n\u2022 ammalati gravi che non possono essere curati in loco per mancanza di idonee strutture.<br \/>\nI rimpatri a carico dell&#8217;Erario sono limitati ai casi di comprovata indigenza verificati dalla rete diplomatico-consolare; in tutti gli altri casi il rimpatrio avviene previa sottoscrizione di prestiti con promessa di restituzione.<\/p>\n","protected":false},"excerpt":{"rendered":"Un settore particolarmente delicato dell\u2019attivit\u00e0 di assistenza ai cittadini italiani all\u2019estero riguarda il rimpatrio di connazionali che si trovino temporaneamento in Paesi stranieri in situazioni di gravi difficolt\u00e0, non superabili in loco. Gli interventi del\u00a0Ministero degli\u00a0Affari Esteri e della Cooperazione Internazionale, in collaborazione con gli enti territorialmente competenti (Prefetture, Questure, Comuni, Unit\u00e0 Sanitarie Locali, Servizi [&hellip;]","protected":false},"author":5,"featured_media":0,"parent":87,"menu_order":2,"comment_status":"closed","ping_status":"closed","template":"","meta":{"footnotes":""},"class_list":["post-547","page","type-page","status-publish","hentry"],"_links":{"self":[{"href":"https:\/\/consrosario.esteri.it\/it\/wp-json\/wp\/v2\/pages\/547","targetHints":{"allow":["GET"]}}],"collection":[{"href":"https:\/\/consrosario.esteri.it\/it\/wp-json\/wp\/v2\/pages"}],"about":[{"href":"https:\/\/consrosario.esteri.it\/it\/wp-json\/wp\/v2\/types\/page"}],"author":[{"embeddable":true,"href":"https:\/\/consrosario.esteri.it\/it\/wp-json\/wp\/v2\/users\/5"}],"replies":[{"embeddable":true,"href":"https:\/\/consrosario.esteri.it\/it\/wp-json\/wp\/v2\/comments?post=547"}],"version-history":[{"count":0,"href":"https:\/\/consrosario.esteri.it\/it\/wp-json\/wp\/v2\/pages\/547\/revisions"}],"up":[{"embeddable":true,"href":"https:\/\/consrosario.esteri.it\/it\/wp-json\/wp\/v2\/pages\/87"}],"wp:attachment":[{"href":"https:\/\/consrosario.esteri.it\/it\/wp-json\/wp\/v2\/media?parent=547"}],"curies":[{"name":"wp","href":"https:\/\/api.w.org\/{rel}","templated":true}]}}