{"id":827,"date":"2023-06-13T18:41:31","date_gmt":"2023-06-13T16:41:31","guid":{"rendered":"https:\/\/consrosario.esteri.it\/?page_id=827"},"modified":"2023-06-13T18:41:31","modified_gmt":"2023-06-13T16:41:31","slug":"associazioni-italiane-come-iscriversi-allalbo-consolare","status":"publish","type":"page","link":"https:\/\/consrosario.esteri.it\/it\/servizi-consolari-e-visti\/servizi-per-il-cittadino-italiano\/altri-servizi\/albo-consolare\/associazioni-italiane-come-iscriversi-allalbo-consolare\/","title":{"rendered":"Associazioni italiane: Come iscriversi all\u2019albo consolare"},"content":{"rendered":"<p style=\"text-align: justify;\">Al fine di verificare quali associazioni siano pienamente attive e di valorizzare le loro concrete iniziative, \u00e8 stato istituito un Registro delle Associazioni italiane all\u2019estero.<\/p>\n<p style=\"text-align: justify;\">In conformit\u00e0 a quanto previsto dalla Circolare n. 2 avente come oggetto \u201cAssociazioni italiane all\u2019estero\u201d, pubblicata dal Ministero Degli Affari Esteri il 9 ottobre 2013, a tale registro possono essere iscritte quelle associazioni in possesso dei seguenti requisiti:<\/p>\n<p style=\"text-align: justify;\">\u2022 Avere tra i soci almeno 35 cittadini italiani qui residenti che risultino iscritti all\u2019AIRE (Anagrafe degli Italiani Residenti all\u2019Estero);<\/p>\n<p style=\"text-align: justify;\">\u2022 Svolgere concrete attivit\u00e0 che corrispondono alle finalit\u00e0 principali previste dal proprio Statuto e agli interessi della collettivit\u00e0 e degli associati di cui \u00e8 espressione.<\/p>\n<p style=\"text-align: justify;\">Conseguentemente, questo Consolato Generale deve essere adeguatamente informato dalle Associazioni delle attivit\u00e0\u0300 svolte ed avr\u00e0\u0300 cura di valutarne, caso per caso, la concretezza e la rilevanza sul territorio.<\/p>\n<p style=\"text-align: justify;\">Si invitano, quindi, tutte le associazioni interessate a iscriversi nell\u2019Albo di questo Consolato Generale a far pervenire tutta la documentazione comprovante il possesso dei requisiti indicati dalla normativa in vigore al seguente indirizzo di posta elettronica: segreteria.rosario@esteri.it<\/p>\n<p style=\"text-align: justify;\">Le richieste di registrazione dovranno contenere le seguenti indicazioni:<\/p>\n<p style=\"text-align: justify;\">\u2022 denominazione esatta dell\u2019Associazione e suo indirizzo completo (compreso quello di posta elettronica, qualora disponibile, e i n. di telefoni utili);<\/p>\n<p style=\"text-align: justify;\">\u2022 data di costituzione e data di eventuale registrazione presso le Autorit\u00e0 locali;<\/p>\n<p style=\"text-align: justify;\">\u2022 finalit\u00e0 principale (deve essere desumibile dallo Statuto). Si precisa che sono ammesse tutte le finalit\u00e0 che non siano vietate ai singoli dalla legge penale (art. 18 della Costituzione della Repubblica italiana);<\/p>\n<p style=\"text-align: justify;\">\u2022 capitale sociale;<\/p>\n<p style=\"text-align: justify;\">\u2022 nominativi dei rappresentanti legali e dei detentori di cariche sociali;<\/p>\n<p style=\"text-align: justify;\">\u2022 elenco nominativo dei soci;<\/p>\n<p style=\"text-align: justify;\">\u2022 numero dei soci presenti all\u2019ultima Assemblea;<\/p>\n<p style=\"text-align: justify;\">\u2022 attivit\u00e0 svolte nel corso dell\u2019ultimo anno e data di svolgimento.<\/p>\n<p style=\"text-align: justify;\">Le richieste dovranno essere corredate da tutta la documentazione utile a provare il possesso dei requisiti, inclusa una copia dello Statuto che verr\u00e0 conservato agli atti di questo Consolato Generale.<\/p>\n<p style=\"text-align: justify;\">Si ricorda, infine, che i rappresentanti delle Associazioni concorrono all\u2019elezione a suffragio indiretto dei 43 membri del Consiglio Generale degli Italiani all\u2019Estero (CGIE) in rappresentanza delle comunit\u00e0 italiane all\u2019estero, i quali si aggiungono ai 20 membri di nomina governativa.<\/p>\n<p style=\"text-align: justify;\">A questo proposito, secondo quanto stabilito dalla legge istitutiva del CGIE, Legge n. 368 del 6 novembre 1989, all\u2019articolo 13, par. 1\u00a0<em>\u201cI membri del CGIE di nomina non governativa sono eletti da una assemblea formata per ciascun Paese dai componenti dei COMITES regolarmente costituiti nei Paesi indicati nella tabella allegata alla presente legge e da rappresentanti delle associazioni delle comunit\u00e0 italiane in numero non superiore al 30 per cento dei componenti dei COMITES per i Paesi europei e del 45 per cento per i Paesi transoceanici, tenendo conto dei requisiti fissati dell\u2019articolo 4 e delle modalit\u00e0 previste nelle norme di attuazione di cui all\u2019articolo 17 che dovranno garantire, sul piano della rappresentanza, il pluralismo associativo\u201d<\/em>.<\/p>\n<p style=\"text-align: justify;\">Inoltre, come specificato dall\u2019art 7, par. 1, del D.P.R. n. 329 del 14 settembre 1998, Regolamento recante norme sull&#8217;organizzazione del consiglio generale degli italiani all&#8217;estero, che integra il disposto dell\u2019art. 13 della suddetta Legge 368\/1989, \u201c<em>Le associazioni i cui rappresentanti possono essere designati come membri dell\u2019Assemblea, devono essere iscritte in apposito registro presso la Rappresentanza diplomatica o consolare, da cui risultino la data di costituzione, le finalit\u00e0 statutarie, il capitale sociale e i nominativi dei rappresentanti legali. Esse devono essere operanti nel Paese da almeno cinque anni<\/em>\u201d.<\/p>\n","protected":false},"excerpt":{"rendered":"Al fine di verificare quali associazioni siano pienamente attive e di valorizzare le loro concrete iniziative, \u00e8 stato istituito un Registro delle Associazioni italiane all\u2019estero. In conformit\u00e0 a quanto previsto dalla Circolare n. 2 avente come oggetto \u201cAssociazioni italiane all\u2019estero\u201d, pubblicata dal Ministero Degli Affari Esteri il 9 ottobre 2013, a tale registro possono essere [&hellip;]","protected":false},"author":5,"featured_media":0,"parent":98,"menu_order":3,"comment_status":"closed","ping_status":"closed","template":"","meta":{"footnotes":""},"class_list":["post-827","page","type-page","status-publish","hentry"],"_links":{"self":[{"href":"https:\/\/consrosario.esteri.it\/it\/wp-json\/wp\/v2\/pages\/827","targetHints":{"allow":["GET"]}}],"collection":[{"href":"https:\/\/consrosario.esteri.it\/it\/wp-json\/wp\/v2\/pages"}],"about":[{"href":"https:\/\/consrosario.esteri.it\/it\/wp-json\/wp\/v2\/types\/page"}],"author":[{"embeddable":true,"href":"https:\/\/consrosario.esteri.it\/it\/wp-json\/wp\/v2\/users\/5"}],"replies":[{"embeddable":true,"href":"https:\/\/consrosario.esteri.it\/it\/wp-json\/wp\/v2\/comments?post=827"}],"version-history":[{"count":0,"href":"https:\/\/consrosario.esteri.it\/it\/wp-json\/wp\/v2\/pages\/827\/revisions"}],"up":[{"embeddable":true,"href":"https:\/\/consrosario.esteri.it\/it\/wp-json\/wp\/v2\/pages\/98"}],"wp:attachment":[{"href":"https:\/\/consrosario.esteri.it\/it\/wp-json\/wp\/v2\/media?parent=827"}],"curies":[{"name":"wp","href":"https:\/\/api.w.org\/{rel}","templated":true}]}}