{"id":8361,"date":"2025-07-03T12:01:50","date_gmt":"2025-07-03T15:01:50","guid":{"rendered":"https:\/\/consrosario.esteri.it\/?page_id=8361"},"modified":"2026-03-03T16:52:12","modified_gmt":"2026-03-03T19:52:12","slug":"acquisto-della-cittadinanza-per-beneficio-di-legge-figli-minori-nati-allestero","status":"publish","type":"page","link":"https:\/\/consrosario.esteri.it\/it\/servizi-consolari-e-visti\/servizi-per-il-cittadino-straniero\/cittadinanza_n\/acquisto-della-cittadinanza-per-beneficio-di-legge-figli-minori-nati-allestero\/","title":{"rendered":"Acquisto della Cittadinanza per \u201cbeneficio di legge\u201d (figli minori nati all\u2019estero)"},"content":{"rendered":"<p style=\"text-align: justify;\">In due casi, previsti dall&#8217;<span style=\"text-decoration: underline;\"><strong>articolo 4, <\/strong><strong>comma 1-bis della legge n. 91\/1992<\/strong><\/span> e dall\u2019<span style=\"text-decoration: underline;\"><strong>articolo 1, comma 1-ter del decreto-legge n. 36\/2025<\/strong><\/span>, i\u00a0<strong>figli minorenni nati all\u2019estero<\/strong> da genitore cittadino per nascita che non trasmette automaticamente la cittadinanza possono acquistare la cittadinanza italiana.<\/p>\n<p style=\"text-align: justify;\">Il\u00a0<strong>minore<\/strong>\u00a0che ne beneficia\u00a0<strong><span style=\"text-decoration: underline;\">non\u00a0sar\u00e0\u00a0cittadino per nascita\u00a0o\u00a0<em>iure sanguinis<\/em><\/span><\/strong>.<\/p>\n<p style=\"text-align: justify;\">In base all\u2019articolo 15 della legge n. 91\/1992, il minore non acquista la cittadinanza dal giorno della nascita, ma dal giorno successivo in cui si saranno verificate le condizioni previste dalla legge.<\/p>\n<p style=\"text-align: justify;\"><strong>Nel primo caso <span style=\"text-decoration: underline;\">(articolo 4, <\/span><u>comma 1-bis della legge n. 91\/1992<\/u>)\u00a0<\/strong>i seguenti presupposti devono essere posseduti\u00a0<strong>congiuntamente<\/strong>:<\/p>\n<ul style=\"text-align: justify;\">\n<li><strong>uno dei genitori \u00e8<\/strong>\u00a0<strong>cittadino\u00a0<u>per nascita<\/u>.\u00a0<\/strong>Si escludono quindi i casi di cittadini per naturalizzazione ai sensi dell\u2019articolo 9 della legge n. 91\/1992 o \u201cper beneficio di legge\u201d ai sensi dell\u2019articolo 4 della legge n. 91\/1992 ovvero per matrimonio ai sensi dell\u2019articolo 5 della legge n. 91\/1992 o dell\u2019articolo 10 della legge n. 555\/1912 oppure per riacquisto ai sensi degli articoli 13 o 17 della legge n. 91\/1992 ovvero\u00a0<em>iuris communicatione<\/em> (art. 14 della legge n. 91\/1992).<\/li>\n<li><strong><u>entrambi<\/u><\/strong>\u00a0i genitori (incluso il genitore straniero) o il tutore presentano una\u00a0<strong>dichiarazione di volont\u00e0 di acquisto della cittadinanza entro tre anni dalla nascita<\/strong> (o dalla data successiva in cui \u00e8 stabilita la filiazione da cittadino italiano o in cui \u00e8 decisa l\u2019adozione da parte di cittadino italiano durante la minore et\u00e0 del figlio). In caso di riconoscimento della filiazione in tempi successivi da parte di genitori entrambi cittadini italiani per nascita, il termine di tre anni decorrer\u00e0 dal primo riconoscimento (perch\u00e9 gi\u00e0 il primo riconoscimento comporta la trasmissione della cittadinanza). Se invece avviene prima il riconoscimento da parte di genitore straniero (o cittadino italiano non per nascita ma ad altro titolo), il termine di tre anni sar\u00e0 computato a partire dal riconoscimento da parte del secondo genitore cittadino per nascita.<\/li>\n<\/ul>\n<p style=\"text-align: justify;\"><strong>La dichiarazione di volont\u00e0 di acquisto della cittadinanza deve essere formale e avvenire di persona, alla presenza di dipendente delegato all\u2019esercizio delle funzioni di stato civile.<\/strong>\u00a0Se i genitori non rendono la dichiarazione contestualmente, il requisito di legge si considera soddisfatto alla data in cui \u00e8 presentata la dichiarazione del secondo genitore. Se la filiazione (anche adottiva) \u00e8 stabilita nei confronti di una sola persona (o se l\u2019altro genitore \u00e8 deceduto), sar\u00e0 sufficiente la dichiarazione di un solo genitore.<\/p>\n<p style=\"text-align: justify;\">Nel caso di stabilimento della residenza legale del minore in Italia, la dichiarazione pu\u00f2 essere presentata anche successivamente al termine di tre anni dalla nascita, ma la residenza deve perdurare per almeno due anni continuativi dopo la dichiarazione di volont\u00e0 di acquisto della cittadinanza presentata dai genitori.<\/p>\n<p style=\"text-align: justify;\"><strong>Il<\/strong>\u00a0<strong>secondo caso<\/strong>\u00a0<strong><span style=\"text-decoration: underline;\">(articolo 1, c<\/span><u>omma 1-ter del decreto-legge n. 36\/2025<\/u>)\u00a0<\/strong>si applica quando sussistono\u00a0<strong>tutte\u00a0<\/strong>le condizioni seguenti:<\/p>\n<ul style=\"text-align: justify;\">\n<li>persone\u00a0<strong><u>minorenni alla data di entrata in vigore della legge di conversione<\/u><\/strong>,cio\u00e8 persone che non avevano compiuto il 18\u00b0 anno di et\u00e0 al\u00a0<strong>24 maggio 2025<\/strong>;<\/li>\n<li><strong>figli di cittadini italiani <u>per nascita <\/u><\/strong><strong>che si trovano nelle condizioni previste dalle lettere a), a-bis) e b) dell\u2019articolo 3-bis della legge n. 91\/1992.\u00a0<\/strong>In altri termini, i genitori devono essere riconosciuti cittadini sulla base di domanda amministrativa o giudiziale presentata entro le 23:59 (ora di Roma) del 27 marzo 2025 o sulla base di domanda presentata sulla base di appuntamento comunicato dall\u2019Ufficio consolare o dal Comune entro la medesima data;<\/li>\n<li>la dichiarazione dei genitori o del tutore deve essere presentata all\u2019Ufficio consolare\u00a0<strong><u>entro il 31 maggio 2029<\/u><\/strong>. Se l\u2019interessato, minorenne alla data del 24 maggio 2025, diviene nel frattempo maggiorenne, la dichiarazione dovr\u00e0 essere presentata da lui personalmente entro il medesimo termine.<\/li>\n<\/ul>\n<p style=\"text-align: justify;\"><span style=\"text-decoration: underline;\"><strong>In entrambi i casi, le<\/strong>\u00a0<strong>dichiarazioni dovranno essere rese presenzialmente presso l\u2019Ufficio consolare davanti a dipendenti delegati alle funzioni di Stato Civile<\/strong><\/span>.<\/p>\n<p style=\"text-align: justify;\"><span style=\"text-decoration: underline;\"><strong>Alla cittadinanza italiana acquistata nei modi sopra indicati l\u2019interessato, una volta divenuto maggiorenne, pu\u00f2 fare rinuncia, con la sola condizione che non si produca una condizione di apolidia.<\/strong><\/span><\/p>\n<p>&nbsp;<\/p>\n<p style=\"text-align: justify;\"><span style=\"text-decoration: underline;\"><strong>RICHIESTE DI RIMBORSO DEI CONTRIBUTI VERSATI:<\/strong><\/span><\/p>\n<p style=\"text-align: justify;\">Le eventuali richieste di rimborso del contributo di <strong>250 euro<\/strong>, versato tramite bonifico bancario al <strong>Ministero dell\u2019Interno<\/strong>, devono essere presentate <strong>esclusivamente via e-mail<\/strong> all\u2019indirizzo:<\/p>\n<p style=\"text-align: justify;\"><a href=\"mailto:rosario.anagrafe1@esteri.it\"><strong>rosario.anagrafe1@esteri.it<\/strong><\/a><\/p>\n<p style=\"text-align: justify;\">indicando nell\u2019oggetto della mail la seguente dicitura:<\/p>\n<p style=\"text-align: justify;\"><strong>\u201cRIMBORSO CONTRIBUTO 250 EURO\u201d<\/strong><\/p>\n<p style=\"text-align: justify;\">Alla richiesta dovr\u00e0 essere obbligatoriamente allegata la seguente documentazione:<\/p>\n<ul style=\"text-align: justify;\">\n<li>il <strong>\u201c<\/strong><a href=\"https:\/\/libertaciviliimmigrazione.dlci.interno.gov.it\/sites\/default\/files\/2025-10\/Modello%20richiesta%20rimborso%20contributo%20cittadinanza_0.pdf\"><strong>Modello di richiesta rimborso contributo cittadinanza<\/strong><\/a><strong>\u201d<\/strong>, debitamente compilato in ogni sua parte e firmato;<\/li>\n<li><strong>tutta la documentazione prevista nell\u2019apposito <\/strong><a href=\"https:\/\/libertaciviliimmigrazione.dlci.interno.gov.it\/sites\/default\/files\/2025-10\/AVVISO%20MODALITA%27%20RIMBORSO%20CONTRIBUTO%20CITTADINANZA_1.pdf\"><strong>avviso del Ministero dell\u2019Interno<\/strong><\/a>.<\/li>\n<\/ul>\n<p style=\"text-align: justify;\">Si precisa che il <span style=\"text-decoration: underline;\"><strong>Consolato Generale non \u00e8 competente<\/strong> <strong>per l\u2019istruttoria delle domande n\u00e9 per l\u2019erogazione del rimborso<\/strong><\/span>. La richiesta viene ricevuta dal Consolato per essere poi trasmessa all\u2019ufficio competente del <strong>Ministero dell\u2019Interno:<\/strong> sar\u00e0 quest\u2019ultimo a valutare l\u2019ammissibilit\u00e0 dell\u2019istanza e a procedere, in caso di esito positivo, all\u2019erogazione della somma dovuta.<\/p>\n<p style=\"text-align: justify;\">Per ulteriori informazioni sulle modalit\u00e0 di presentazione dell\u2019istanza di rimborso, si invita a consultare la pagina dedicata sul sito del Ministero dell\u2019Interno:<br \/>\n<a href=\"https:\/\/libertaciviliimmigrazione.dlci.interno.gov.it\/notizie\/richiedere-il-rimborso-il-contributo-di-cittadinanza\">https:\/\/libertaciviliimmigrazione.dlci.interno.gov.it\/notizie\/richiedere-il-rimborso-il-contributo-di-cittadinanza<\/a><\/p>\n<p>&nbsp;<\/p>\n<p style=\"text-align: justify;\"><a href=\"https:\/\/consrosario.esteri.it\/it\/servizi-consolari-e-visti\/servizi-per-il-cittadino-straniero\/cittadinanza_n\/acquisto-della-cittadinanza-per-beneficio-di-legge-figli-minori-nati-allestero\/genitori-aventi-figli-minorenni-alla-data-del-24-maggio-2025-art-1-comma-1-ter-del-dl-36-2025\/\"><strong>GENITORI AVENTI FIGLI MINORENNI ALLA DATA DEL 24 MAGGIO 2025 (art.1, comma 1-ter del DL 36\/2025)<\/strong><\/a><\/p>\n<p style=\"text-align: justify;\"><a href=\"https:\/\/consrosario.esteri.it\/it\/servizi-consolari-e-visti\/servizi-per-il-cittadino-straniero\/cittadinanza_n\/acquisto-della-cittadinanza-per-beneficio-di-legge-figli-minori-nati-allestero\/genitori-di-figli-minorenni-nati-dopo-il-24-maggio-2025-art-4-comma-1-bis-lett-b-della-legge-91-1992\/\"><strong>GENITORI DI FIGLI MINORENNI NATI DOPO IL 24 MAGGIO 2025 (art.4, comma 1-bis, lett. b) della Legge 91\/1992)<\/strong><\/a><\/p>\n","protected":false},"excerpt":{"rendered":"In due casi, previsti dall&#8217;articolo 4, comma 1-bis della legge n. 91\/1992 e dall\u2019articolo 1, comma 1-ter del decreto-legge n. 36\/2025, i\u00a0figli minorenni nati all\u2019estero da genitore cittadino per nascita che non trasmette automaticamente la cittadinanza possono acquistare la cittadinanza italiana. Il\u00a0minore\u00a0che ne beneficia\u00a0non\u00a0sar\u00e0\u00a0cittadino per nascita\u00a0o\u00a0iure sanguinis. In base all\u2019articolo 15 della legge n. 91\/1992, [&hellip;]","protected":false},"author":5,"featured_media":0,"parent":8352,"menu_order":1,"comment_status":"closed","ping_status":"closed","template":"","meta":{"footnotes":""},"class_list":["post-8361","page","type-page","status-publish","hentry"],"_links":{"self":[{"href":"https:\/\/consrosario.esteri.it\/it\/wp-json\/wp\/v2\/pages\/8361","targetHints":{"allow":["GET"]}}],"collection":[{"href":"https:\/\/consrosario.esteri.it\/it\/wp-json\/wp\/v2\/pages"}],"about":[{"href":"https:\/\/consrosario.esteri.it\/it\/wp-json\/wp\/v2\/types\/page"}],"author":[{"embeddable":true,"href":"https:\/\/consrosario.esteri.it\/it\/wp-json\/wp\/v2\/users\/5"}],"replies":[{"embeddable":true,"href":"https:\/\/consrosario.esteri.it\/it\/wp-json\/wp\/v2\/comments?post=8361"}],"version-history":[{"count":7,"href":"https:\/\/consrosario.esteri.it\/it\/wp-json\/wp\/v2\/pages\/8361\/revisions"}],"predecessor-version":[{"id":12344,"href":"https:\/\/consrosario.esteri.it\/it\/wp-json\/wp\/v2\/pages\/8361\/revisions\/12344"}],"up":[{"embeddable":true,"href":"https:\/\/consrosario.esteri.it\/it\/wp-json\/wp\/v2\/pages\/8352"}],"wp:attachment":[{"href":"https:\/\/consrosario.esteri.it\/it\/wp-json\/wp\/v2\/media?parent=8361"}],"curies":[{"name":"wp","href":"https:\/\/api.w.org\/{rel}","templated":true}]}}