{"id":8382,"date":"2025-07-03T12:13:23","date_gmt":"2025-07-03T15:13:23","guid":{"rendered":"https:\/\/consrosario.esteri.it\/?page_id=8382"},"modified":"2026-03-11T16:32:52","modified_gmt":"2026-03-11T19:32:52","slug":"riacquisto-della-cittadinanza","status":"publish","type":"page","link":"https:\/\/consrosario.esteri.it\/it\/servizi-consolari-e-visti\/servizi-per-il-cittadino-straniero\/cittadinanza_n\/riacquisto-della-cittadinanza\/","title":{"rendered":"Riacquisto della cittadinanza"},"content":{"rendered":"<p style=\"text-align: justify;\">La legge n. 74 del 23 maggio 2025 ha riaperto i termini per il riacquisto della cittadinanza a favore di ex cittadini\u00a0<strong>nati in Italia\u00a0o che sono stati\u00a0residenti in Italia\u00a0per almeno due anni continuativi e che abbiano perso la cittadinanza non oltre il 15 agosto 1992<\/strong>\u00a0in applicazione dell\u2019articolo 8, n. 1 e n. 2, o dell\u2019articolo 12 della legge n. 555 del 1912 (naturalizzazione in Paese straniero, rinuncia alla cittadinanza a seguito di involontario acquisto di cittadinanza straniera, figli minori conviventi di genitore che ha perso la cittadinanza). La possibilit\u00e0 di riacquisto\u00a0<span style=\"text-decoration: underline;\"><strong>non si applica a coloro che hanno rinunciato alla cittadinanza italiana\u00a0(o che l\u2019hanno persa per altro motivo)\u00a0a partire dal 16 agosto 1992<\/strong><\/span>.<\/p>\n<p style=\"text-align: justify;\">Le dichiarazioni di riacquisto potranno essere presentate\u00a0<strong>tra il 1\u00b0 luglio 2025 e il 31 dicembre 2027<\/strong>.<\/p>\n<p style=\"text-align: justify;\">In base all\u2019articolo 15 della legge n. 91\/1992, l\u2019interessato <strong>non riacquista la cittadinanza dal giorno della nascita<\/strong>, ma dal giorno successivo in cui si rende la dichiarazione.<\/p>\n<p style=\"text-align: justify;\">Coloro che siano interessati a ottenere il riacquisto dovranno richiedere un appuntamento tramite il portale Prenot@mi (<span style=\"text-decoration: underline;\">i turni vengono abilitati ogni mercoled\u00ec alle 19:00<\/span>) caricando direttamente sul portale la seguente documentazione: DNI fronte e retro e <a href=\"https:\/\/consrosario.esteri.it\/wp-content\/uploads\/2026\/03\/ISTANZA-DI-RIACQUISTO-EX-ART-17-L-9192.pdf\">istanza per la richiesta di riacquisto<\/a> debitamente compilata.<\/p>\n<p style=\"text-align: justify;\">Il giorno dell\u2019appuntamento, sar\u00e0 necessario recarsi in Consolato per presentare la seguente documentazione in originale:<\/p>\n<ol style=\"text-align: justify;\">\n<li><strong>Documento di identit\u00e0 in corso di validit\u00e0<\/strong> emesso dall\u2019Autorit\u00e0 del Paese di attuale cittadinanza;<\/li>\n<li><strong>Certificato di nascita.<\/strong> Se nato all\u2019estero, dovr\u00e0 essere presentato nelle forme previste per la trascrizione in Italia, legalizzato e tradotto;<\/li>\n<li><strong>Per i nati all\u2019estero, certificato storico di residenza<\/strong> rilasciato dal Comune italiano competente;<\/li>\n<li><strong>Certificato storico di cittadinanza<\/strong> rilasciato dal Comune italiano competente;<\/li>\n<li><strong>Documentazione che dimostri la causa e la data della perdita della cittadinanza<\/strong> (si dovr\u00e0 dimostrare l\u2019acquisto della cittadinanza straniera e, nei casi previsti, la rinuncia a quella italiana: <strong>certificato di naturalizzazione<\/strong> oppure, se previsto dalla prassi locale, certificato di nascita corredato della certificazione di cittadinanza e del titolo al quale essa \u00e8 acquisita; la documentazione emessa da Autorit\u00e0 straniere dovr\u00e0 essere opportunamente legalizzata e tradotta).<\/li>\n<\/ol>\n<p style=\"text-align: justify;\">Una volta firmata l\u2019istanza e controllata la documentazione, verr\u00e0 assegnato un secondo turno per effettuare la <strong>dichiarazione che dovr\u00e0 essere resa dall\u2019interessato <u>personalmente<\/u><\/strong>.<\/p>\n<p style=\"text-align: justify;\">Per le dichiarazioni di riacquisto della cittadinanza italiana \u00e8 richiesto un contributo di <strong>\u20ac250<\/strong>, da versare all\u2019Ufficio consolare competente. Al momento dell\u2019assegnazione del secondo turno verranno comunicate le istruzioni per effettuare il giro postale in pesos argentini.<\/p>\n","protected":false},"excerpt":{"rendered":"La legge n. 74 del 23 maggio 2025 ha riaperto i termini per il riacquisto della cittadinanza a favore di ex cittadini\u00a0nati in Italia\u00a0o che sono stati\u00a0residenti in Italia\u00a0per almeno due anni continuativi e che abbiano perso la cittadinanza non oltre il 15 agosto 1992\u00a0in applicazione dell\u2019articolo 8, n. 1 e n. 2, o dell\u2019articolo [&hellip;]","protected":false},"author":5,"featured_media":0,"parent":8352,"menu_order":5,"comment_status":"closed","ping_status":"closed","template":"","meta":{"footnotes":""},"class_list":["post-8382","page","type-page","status-publish","hentry"],"_links":{"self":[{"href":"https:\/\/consrosario.esteri.it\/it\/wp-json\/wp\/v2\/pages\/8382","targetHints":{"allow":["GET"]}}],"collection":[{"href":"https:\/\/consrosario.esteri.it\/it\/wp-json\/wp\/v2\/pages"}],"about":[{"href":"https:\/\/consrosario.esteri.it\/it\/wp-json\/wp\/v2\/types\/page"}],"author":[{"embeddable":true,"href":"https:\/\/consrosario.esteri.it\/it\/wp-json\/wp\/v2\/users\/5"}],"replies":[{"embeddable":true,"href":"https:\/\/consrosario.esteri.it\/it\/wp-json\/wp\/v2\/comments?post=8382"}],"version-history":[{"count":6,"href":"https:\/\/consrosario.esteri.it\/it\/wp-json\/wp\/v2\/pages\/8382\/revisions"}],"predecessor-version":[{"id":12422,"href":"https:\/\/consrosario.esteri.it\/it\/wp-json\/wp\/v2\/pages\/8382\/revisions\/12422"}],"up":[{"embeddable":true,"href":"https:\/\/consrosario.esteri.it\/it\/wp-json\/wp\/v2\/pages\/8352"}],"wp:attachment":[{"href":"https:\/\/consrosario.esteri.it\/it\/wp-json\/wp\/v2\/media?parent=8382"}],"curies":[{"name":"wp","href":"https:\/\/api.w.org\/{rel}","templated":true}]}}