{"id":89,"date":"2023-04-03T19:29:38","date_gmt":"2023-04-03T17:29:38","guid":{"rendered":"https:\/\/consolatozurigo.esteri.it\/?page_id=89"},"modified":"2024-10-02T11:02:46","modified_gmt":"2024-10-02T14:02:46","slug":"servizi-notarili","status":"publish","type":"page","link":"https:\/\/consrosario.esteri.it\/it\/servizi-consolari-e-visti\/servizi-per-il-cittadino-italiano\/servizi-notarili\/","title":{"rendered":"Servizi notarili"},"content":{"rendered":"<p style=\"text-align: justify;\">Si occupa delle questioni legali, comprese adozioni, divorzi, sottrazioni di minori, detenuti, rimpatrio salme. Gestisce il servizio di notariato. Gestisce le questioni inerenti la leva, le pensioni, la navigazione, la raccolta di dati commerciali. Riceve le richieste di codici fiscali.<br \/>\nSi indicano di seguito le attivit\u00e0 notarili svolte con maggiore frequenza dai Consolati.<\/p>\n<p style=\"text-align: justify;\"><strong>1. Procura<\/strong><br \/>\nLa procura \u00e8 un atto con il quale una persona (fisica o giuridica) d\u00e0 la facolt\u00e0 ad un\u2019altra persona di agire in propria vece ed in propria rappresentanza. La procura pu\u00f2 essere generale o speciale.<br \/>\nProcura generale: l\u2019interessato affida al rappresentante la gestione di tutti i suoi affari, sia presenti che futuri. La procura generale \u00e8 rilasciata a tempo indeterminato, ma \u00e8 revocabile.<br \/>\nProcura speciale: l\u2019interessato affida al rappresentante la gestione di una parte dei suoi affari. La procura speciale cessa di avere efficacia quando si conclude l\u2019incarico particolare per il quale \u00e8 stata rilasciata.<\/p>\n<p style=\"text-align: justify;\"><strong>2. Testamento<\/strong><br \/>\nIl testamento pubblico \u00e8 una dichiarazione scritta di ultima volont\u00e0 che il testatore rende ad un funzionario delegato alle funzioni notarili in presenza di due testimoni.<br \/>\nIl testamento segreto &#8211; il cui contenuto rimane segreto &#8211; pu\u00f2 essere depositato presso il Consolato, che si limita a ricevere formalmente l\u2019atto e a depositarlo nei suoi archivi.<br \/>\nIl testamento olografo deve essere scritto integralmente di pugno dal testatore e pu\u00f2 essere depositato in ogni luogo e presso chiunque. Il testamento olografo pu\u00f2 essere depositato presso il Consolato.<\/p>\n<p style=\"text-align: justify;\"><strong>3. Atto pubblico<\/strong><br \/>\nSi tratta di atti giuridici (come, per esempio, le donazioni) che, in base alla legge italiana, devono essere redatti da un notaio.<\/p>\n<p style=\"text-align: justify;\"><strong>4. Autenticazioni<\/strong><\/p>\n<ul style=\"text-align: justify;\">\n<li><strong>Autentica di firma:<\/strong> consiste nell\u2019attestazione da parte del pubblico funzionario della provenienza di un atto da parte del soggetto che lo ha firmato. Per autenticare la firma, bisogna presentarsi personalmente presso l\u2019Ufficio Notarile con un documento di riconoscimento e con l\u2019atto in calce al quale si desidera autenticare la firma.<\/li>\n<li><strong>Autentica di fotografia:<\/strong> \u00e8 necessario presentarsi personalmente in Conoslato con un documento di riconoscimento e tre fotografie uguali.<\/li>\n<li><strong>Autentica di traduzione:<\/strong> il Consolato pu\u00f2 dichiarare conforme al testo originale la traduzione in lingua italiana di atti e documenti redatti in spagnolo.<\/li>\n<li>Queste autentiche possono essere utilizzate solo in Italia o nei confronti dell&#8217;Amministrazione italiana.<\/li>\n<\/ul>\n<p style=\"text-align: justify;\"><strong>5. Legalizzazione di traduzioni di documentazione da presentare in Italia<\/strong><\/p>\n<p style=\"text-align: justify;\">Ci sono due modalit\u00e0 per legalizzare le traduzioni di documentazione da presentare in Italia<\/p>\n<p style=\"padding-left: 40px; text-align: justify;\">a) Con apostille dell&#8217;Aja<\/p>\n<p style=\"padding-left: 40px; text-align: justify;\">Il visto di conformit\u00e0 di traduzione degli atti pu\u00f2 essere sostituito con l&#8217;Apostille dell&#8217;Aja apposta dal &#8220;ministero de Relaciones Exteriores&#8221; argentino o dal &#8220;Colegio de Escribanos&#8221; competente sulla firma del funzionario del &#8220;Colegio de traductores&#8221; (cd. &#8220;doppia appostille&#8221;).<\/p>\n<p style=\"padding-left: 40px; text-align: justify;\">b) Legalizzazione presso il Consolato<\/p>\n<p style=\"padding-left: 40px; text-align: justify;\">Occorre chiedere un appuntamento tramite il portale <a href=\"https:\/\/prenotami.esteri.it\/\">Prenot@Mi<\/a>.<br \/>\nIl turno prevede l\u2019invio della documentazione <strong>per posta raccomandata<\/strong>. Il giorno del turno stabilito dal portale (non prima e non dopo), spedire una busta contenente:<\/p>\n<ul style=\"text-align: justify;\">\n<li style=\"list-style-type: none;\">\n<ul>\n<li>la documentazione da legalizzare;<\/li>\n<li>i vaglia postali (vedere costo delle legalizzazioni in <a href=\"https:\/\/consrosario.esteri.it\/it\/chi-siamo\/la-sede\/modulistica\/\">https:\/\/consrosario.esteri.it\/it\/chi-siamo\/la-sede\/modulistica\/<\/a>\u00a0(art. 69);<\/li>\n<li>Copia del DNI dell\u2019interessato;<\/li>\n<li>Copia della mail riportante il turno.<\/li>\n<\/ul>\n<\/li>\n<\/ul>\n<p style=\"padding-left: 40px; text-align: justify;\">La documentazione dovr\u00e0 essere spedita per posta raccomandata a:<\/p>\n<p style=\"padding-left: 40px; text-align: justify;\"><em><strong>Consolato Generale d\u2019Italia Rosario<\/strong><\/em><br \/>\n<em><strong>Ufficio Notarile<\/strong><\/em><br \/>\n<em><strong>Legalizzazione di atti<\/strong><\/em><br \/>\n<em><strong>Montevideo 2182<\/strong><\/em><br \/>\n<em><strong>(2000) Rosario (Santa Fe)<\/strong><\/em><\/p>\n<p style=\"padding-left: 40px; text-align: justify;\">Alternativamente, il giorno del turno gli interessati potranno consegnare personalmente la busta contenente la documentazione presso lo sportello d&#8217;ingresso del Consolato, dalle ore 08:30 alle ore 11:30.<\/p>\n<p style=\"padding-left: 40px; text-align: justify;\">Gli atti devono essere muniti di Apostille dell\u2019Aja e tradotti da un traduttore autorizzato da questo Consolato Generale (<a href=\"https:\/\/consrosario.esteri.it\/it\/chi-siamo\/la-sede\/modulistica\/\">cliccare qui<\/a>).<\/p>\n<p style=\"padding-left: 40px; text-align: justify;\"><strong>Il richiedente deve risiedere in questa circoscrizione consolare.<br \/>\n<\/strong>La documentazione legalizzata potr\u00e0 poi essere ritirata presso il Consolato Generale 10 (dieci) giorni dopo l\u2019invio, dalle ore 08:30 alle ore 11:30, dal luned\u00ec al venerd\u00ec.<\/p>\n<p style=\"text-align: justify;\"><strong>6. Legalizzazione di documenti per la cittadinanza per matrimonio<br \/>\n<\/strong>Le legalizzazioni di documenti per la cittadinanza per matrimonio si fanno con appuntamento da richiedere all&#8217;indirizzo <a href=\"mailto:cittadinanza.rosario@esteri.it\">cittadinanza.rosario@esteri.it<\/a>.<\/p>\n<p style=\"text-align: justify;\"><strong>7. Detenuti italiani all&#8217;estero<br \/>\n<\/strong><a href=\"https:\/\/www.esteri.it\/mae\/resource\/doc\/2019\/11\/detenuti_italiani_allestero_-_guida_pratica_allassistenza_consolare.pdf\">Cliccare qui<\/a> per scaricare la &#8220;Guida pratica all&#8217;assistenza consolare&#8221; per i detenuti italiani all&#8217;estero.<\/p>\n<p style=\"text-align: justify;\"><strong>7. Certificazione di fotocopie<\/strong><\/p>\n<p style=\"text-align: justify;\">Il servizio consente la certificazione di fotocopie di documenti da presentare in Italia.<\/p>\n<p style=\"text-align: justify;\">Gli interessati devono prendere un appuntamento tramite il portale Prenot@Mi (selezionare il servizio \u201cCertificazione di fotocopie\u201d) e presentarsi il giorno del turno con i documenti originali e le relative fotocopie da certificare.<\/p>\n<p style=\"text-align: justify;\">Costo del servizio: <a href=\"https:\/\/consrosario.esteri.it\/it\/chi-siamo\/la-sede\/modulistica\/\">Cliccare qui<\/a> (vedi \u201cautentica di fotocopie\u201d). Si paga unicamente con vaglia postale.<\/p>\n","protected":false},"excerpt":{"rendered":"Si occupa delle questioni legali, comprese adozioni, divorzi, sottrazioni di minori, detenuti, rimpatrio salme. Gestisce il servizio di notariato. Gestisce le questioni inerenti la leva, le pensioni, la navigazione, la raccolta di dati commerciali. Riceve le richieste di codici fiscali. Si indicano di seguito le attivit\u00e0 notarili svolte con maggiore frequenza dai Consolati. 1. Procura [&hellip;]","protected":false},"author":1,"featured_media":0,"parent":59,"menu_order":12,"comment_status":"closed","ping_status":"closed","template":"","meta":{"footnotes":""},"class_list":["post-89","page","type-page","status-publish","hentry"],"_links":{"self":[{"href":"https:\/\/consrosario.esteri.it\/it\/wp-json\/wp\/v2\/pages\/89","targetHints":{"allow":["GET"]}}],"collection":[{"href":"https:\/\/consrosario.esteri.it\/it\/wp-json\/wp\/v2\/pages"}],"about":[{"href":"https:\/\/consrosario.esteri.it\/it\/wp-json\/wp\/v2\/types\/page"}],"author":[{"embeddable":true,"href":"https:\/\/consrosario.esteri.it\/it\/wp-json\/wp\/v2\/users\/1"}],"replies":[{"embeddable":true,"href":"https:\/\/consrosario.esteri.it\/it\/wp-json\/wp\/v2\/comments?post=89"}],"version-history":[{"count":6,"href":"https:\/\/consrosario.esteri.it\/it\/wp-json\/wp\/v2\/pages\/89\/revisions"}],"predecessor-version":[{"id":5525,"href":"https:\/\/consrosario.esteri.it\/it\/wp-json\/wp\/v2\/pages\/89\/revisions\/5525"}],"up":[{"embeddable":true,"href":"https:\/\/consrosario.esteri.it\/it\/wp-json\/wp\/v2\/pages\/59"}],"wp:attachment":[{"href":"https:\/\/consrosario.esteri.it\/it\/wp-json\/wp\/v2\/media?parent=89"}],"curies":[{"name":"wp","href":"https:\/\/api.w.org\/{rel}","templated":true}]}}