{"id":8945,"date":"2025-07-22T14:46:11","date_gmt":"2025-07-22T17:46:11","guid":{"rendered":"https:\/\/consrosario.esteri.it\/?page_id=8945"},"modified":"2025-07-22T17:26:50","modified_gmt":"2025-07-22T20:26:50","slug":"presentazione-della-domanda-con-invio-per-posta-raccomandata","status":"publish","type":"page","link":"https:\/\/consrosario.esteri.it\/it\/servizi-consolari-e-visti\/servizi-per-il-cittadino-straniero\/cittadinanza_n\/cittadinanza-e-adozione\/presentazione-della-domanda-con-invio-per-posta-raccomandata\/","title":{"rendered":"Presentazione della domanda con invio per posta raccomandata"},"content":{"rendered":"<p style=\"text-align: justify;\">Se si sceglie la modalit\u00e0 di invio per posta ordinaria, l\u2019interessato dovr\u00e0 farsi autenticare la firma sull\u2019istanza attraverso<strong> un notaio pubblico. L\u2019autentica dovr\u00e0 essere munita dell\u2019Apostille dell\u2019Aja<\/strong>.<\/p>\n<p style=\"text-align: justify;\">In seguito, l\u2019interessato dor\u00e0 prendere un turno tramite Prenot@Mi scegliendo la tipologia di turno \u201c<strong>Cittadinanza iure sanguinis (autentica via notaio)<\/strong>\u201d.<\/p>\n<p style=\"text-align: justify;\">Il giorno indicato nel turno ottenuto da <a href=\"https:\/\/prenotami.esteri.it\/\">Prenot@Mi<\/a> (<strong><u>non prima e non dopo<\/u><\/strong>), spedire per posta raccomandata una busta contenente:<\/p>\n<ul style=\"text-align: justify;\">\n<li>tutta la documentazione necessaria, tra cui l&#8217;<a href=\"https:\/\/consrosario.esteri.it\/wp-content\/uploads\/2025\/07\/istanza_di_riconoscimento_della_cittadinanza_italiana.pdf\">istanza di richiesta di ricostruzione della cittadinanza<\/a> e la <a href=\"https:\/\/consrosario.esteri.it\/wp-content\/uploads\/2025\/07\/Scheda-per-invio-documentazione-2025.pdf\">dichiarazione dei documenti inviati<\/a>;<\/li>\n<li>i vaglia postali;<\/li>\n<li>copia della mail riportante il turno.<\/li>\n<\/ul>\n<p style=\"text-align: justify;\">La busta dovr\u00e0 essere indirizzata a:<\/p>\n<p style=\"text-align: justify;\"><strong>Consolato Generale d\u2019Italia Rosario<\/strong><br \/>\n<strong>Ufficio Cittadinanza (Turno Prenotami)<\/strong><br \/>\n<strong>Montevideo 2182<\/strong><br \/>\n<strong>(2000) Rosario (Santa Fe)<\/strong><\/p>\n<p style=\"text-align: justify;\"><strong>Far\u00e0 fede la data del timbro postale.<\/strong><\/p>\n<blockquote>\n<p style=\"text-align: justify;\"><span style=\"text-decoration: underline;\"><strong>TUTTI GLI APPUNTAMENTI SONO GRATUITI E NON POSSONO ESSERE CEDUTI A TERZI.<br \/>\n<\/strong><strong>LE RICHIESTE DI APPUNTAMENTO SONO PERSONALI E NESSUN GESTORE O AGENZIA \u00c8 AUTORIZZATA A FARNE RICHIESTA.<\/strong><\/span><\/p>\n<\/blockquote>\n<p style=\"text-align: justify;\">Successivamente, alla ricezione della documentazione, l\u2019Ufficio provveder\u00e0 a inviare le relative ricevute di pagamento direttamente agli interessati via e-mail.<\/p>\n<p style=\"text-align: justify;\"><strong>Non \u00e8 possibile richiedere un appuntamento (o richiedere di modificarlo) per posta elettronica o presso lo sportello di informazioni al pubblico.<\/strong><\/p>\n<p style=\"text-align: justify;\"><strong>I turni per questa modalit\u00e0 vengono abilitati nei seguenti giorni: domenica, il luned\u00ec, il mercoled\u00ec e il gioved\u00ec, alle ore 18:00.<\/strong><\/p>\n<p style=\"text-align: justify;\"><strong>Gli atti di stato civile formati in un altro Paese dovranno essere consegnati gi\u00e0 formalmente perfezionati<\/strong> (legalizzati dalla Rappresentanza diplomatico-consolare italiana del Paese di emissione degli atti o muniti di Apostille dell\u2019Aja) e con traduzione all\u2019italiano autenticata dalla Rappresentanza diplomatico-consolare italiana competente.<\/p>\n<p style=\"text-align: justify;\"><strong>Non si possono accettare traduzioni nella forma di modelli bilingue rilasciati dall\u2019Ufficio del Registro Civil,<\/strong><\/p>\n<p style=\"text-align: justify;\"><strong>Per richiedere il certificato di mancata naturalizzazione al Poder Judicial<\/strong>, utilizzare il seguente link: <a href=\"http:\/\/www.pjn.gov.ar\/\">http:\/\/www.pjn.gov.ar\u00a0 <\/a>(-&gt; Justicia Nacional Electoral -&gt; Tr\u00e1mites y formularios -&gt; &#8220;Solicitud de certificado de NO CIUDADANO ARGENTINO&#8221;).<\/p>\n<p><strong>FIGLI ADOTTIVI<br \/>\n<\/strong>Per quanto riguarda i <strong>figli adottivi<\/strong>, oltre alla documentazione sopraindicata, dovr\u00e0 essere presentata la seguente documentazione:<\/p>\n<p style=\"text-align: justify;\">&#8211; Dichiarazione sostitutiva di certificazione sottoscritta dall\u2019adottato;<br \/>\n&#8211; COPIA certificata della SENTENZA di adozione rilasciata dal Tribunale che ha emesso detta sentenza, con la Postilla dell\u2019Aja e traduzione in italiano.<br \/>\n&#8211; CERTIFICATO rilasciato dal Tribunale competente riguardante la data di passato in giudicato della sentenza di adozione, con la Postilla dell\u2019Aja e traduzione in italiano.<\/p>\n<p><strong>ATTI DIGITALI<br \/>\n<\/strong>Gli <strong>atti digitali<\/strong> rilasciati dagli uffici dello Stato Civile argentino dovranno essere verificati mediante codice di validazione o QR. Tale verifica, non costituisce una garanzia dell\u2019effettiva trascrizione dell\u2019atto da parte del Comune in Italia.<\/p>\n<p style=\"text-align: justify;\">Nel caso degli atti rilasciati dagli uffici dello Stato Civile delle province di Misiones ed Entre R\u00edos, si accetter\u00e0:<\/p>\n<p>&#8211; Atto firmato in originale dal responsabile dell\u2019Ufficio dello Stato Civile.<\/p>\n<p style=\"text-align: justify;\">Oppure<\/p>\n<p>&#8211; Atto firmato digitalmente, con APOSTILLE DELL\u2019AIA.<\/p>\n<p style=\"text-align: justify;\">Si dovr\u00e0 inoltre accertare che l\u2019atto consegnato sia <strong>LEGGIBILE<\/strong>.<\/p>\n<p style=\"text-align: justify;\">L\u2019autorit\u00e0 competente ad effettuare l\u2019accertamento della cittadinanza \u00e8 determinata in base al <strong><u>luogo di residenza<\/u><\/strong>: per i residenti all\u2019estero \u00e8 l\u2019Ufficio consolare territorialmente competente. L\u2019istanza di ricostruzione deve essere presentata presso il Consolato competente territorialmente per il luogo di residenza del richiedente. Secondo il Codice Civile italiano la residenza \u00e8 il luogo dove la persona ha la sua dimora abituale.<\/p>\n<p style=\"text-align: justify;\">La circoscrizione consolare di questo Consolato Generale comprende le province di Santa Fe, Entre R\u00edos, Corrientes, Misiones, Formosa, Chaco e nord della provincia di Buenos Aires (partidos di Pergamino, Arrecifes, Carmen de Areco, Capit\u00e1n Sarmiento, Col\u00f3n, Ramallo, Rojas, Salto e San Nicol\u00e1s).<\/p>\n","protected":false},"excerpt":{"rendered":"Se si sceglie la modalit\u00e0 di invio per posta ordinaria, l\u2019interessato dovr\u00e0 farsi autenticare la firma sull\u2019istanza attraverso un notaio pubblico. L\u2019autentica dovr\u00e0 essere munita dell\u2019Apostille dell\u2019Aja. In seguito, l\u2019interessato dor\u00e0 prendere un turno tramite Prenot@Mi scegliendo la tipologia di turno \u201cCittadinanza iure sanguinis (autentica via notaio)\u201d. Il giorno indicato nel turno ottenuto da Prenot@Mi [&hellip;]","protected":false},"author":10,"featured_media":0,"parent":8356,"menu_order":0,"comment_status":"closed","ping_status":"closed","template":"","meta":{"footnotes":""},"class_list":["post-8945","page","type-page","status-publish","hentry"],"_links":{"self":[{"href":"https:\/\/consrosario.esteri.it\/it\/wp-json\/wp\/v2\/pages\/8945","targetHints":{"allow":["GET"]}}],"collection":[{"href":"https:\/\/consrosario.esteri.it\/it\/wp-json\/wp\/v2\/pages"}],"about":[{"href":"https:\/\/consrosario.esteri.it\/it\/wp-json\/wp\/v2\/types\/page"}],"author":[{"embeddable":true,"href":"https:\/\/consrosario.esteri.it\/it\/wp-json\/wp\/v2\/users\/10"}],"replies":[{"embeddable":true,"href":"https:\/\/consrosario.esteri.it\/it\/wp-json\/wp\/v2\/comments?post=8945"}],"version-history":[{"count":5,"href":"https:\/\/consrosario.esteri.it\/it\/wp-json\/wp\/v2\/pages\/8945\/revisions"}],"predecessor-version":[{"id":9050,"href":"https:\/\/consrosario.esteri.it\/it\/wp-json\/wp\/v2\/pages\/8945\/revisions\/9050"}],"up":[{"embeddable":true,"href":"https:\/\/consrosario.esteri.it\/it\/wp-json\/wp\/v2\/pages\/8356"}],"wp:attachment":[{"href":"https:\/\/consrosario.esteri.it\/it\/wp-json\/wp\/v2\/media?parent=8945"}],"curies":[{"name":"wp","href":"https:\/\/api.w.org\/{rel}","templated":true}]}}