{"id":8953,"date":"2025-07-22T14:51:16","date_gmt":"2025-07-22T17:51:16","guid":{"rendered":"https:\/\/consrosario.esteri.it\/?page_id=8953"},"modified":"2025-11-11T10:56:20","modified_gmt":"2025-11-11T13:56:20","slug":"presentazione-della-domanda-con-consegna-brevi-manu-presso-il-consolato-generale","status":"publish","type":"page","link":"https:\/\/consrosario.esteri.it\/it\/servizi-consolari-e-visti\/servizi-per-il-cittadino-straniero\/cittadinanza_n\/cittadinanza-e-adozione\/presentazione-della-domanda-con-consegna-brevi-manu-presso-il-consolato-generale\/","title":{"rendered":"Presentazione della domanda con consegna brevi manu presso il Consolato Generale"},"content":{"rendered":"<p style=\"text-align: justify;\">Se l\u2019interessato decide di consegnare la documentazione recandosi direttamente in Consolato potr\u00e0 <strong>farsi autenticare la firma da un funzionario consolare.<\/strong><\/p>\n<p style=\"text-align: justify;\">In questo caso, dovr\u00e0 prendere un turno tramite <a href=\"https:\/\/prenotami.esteri.it\/\">Prenot@Mi<\/a> scegliendo la tipologia di turno \u201c<strong>Cittadinanza iure sanguinis (autentica in Sede)<\/strong>\u201d.<\/p>\n<p style=\"text-align: justify;\">Il giorno indicato nel turno ottenuto da <a href=\"https:\/\/prenotami.esteri.it\/\">Prenot@Mi<\/a> presentarsi con:<br \/>\n&#8211; tutta la documentazione necessaria, tra cui l&#8217;<a href=\"https:\/\/consrosario.esteri.it\/wp-content\/uploads\/2025\/07\/istanza_di_riconoscimento_della_cittadinanza_italiana.pdf\">istanza di richiesta di ricostruzione della cittadinanza<\/a>;<br \/>\n&#8211; i vaglia postali per pagare la tassa consolare per il trattamento della pratica di cittadinanza (art. 7bis).<\/p>\n<blockquote>\n<p style=\"text-align: justify;\"><span style=\"text-decoration: underline;\"><strong>TUTTI GLI APPUNTAMENTI SONO GRATUITI E NON POSSONO ESSERE CEDUTI A TERZI.<br \/>\n<\/strong><strong>LE RICHIESTE DI APPUNTAMENTO SONO PERSONALI E NESSUN GESTORE O AGENZIA \u00c8 AUTORIZZATA A FARNE RICHIESTA.<\/strong><\/span><\/p>\n<\/blockquote>\n<p style=\"text-align: justify;\"><strong>Non \u00e8 possibile richiedere di modificare la data dell&#8217;appuntamento. In caso di mancata assistenza \u00e8 necessario ottenere un altro turno attraverso Prenot@mi.<\/strong><\/p>\n<p style=\"text-align: justify;\"><strong>I turni per questa modalit\u00e0 vengono abilitati ogni marted\u00ec, alle ore 18:00.<\/strong><\/p>\n<p style=\"text-align: justify;\"><strong>Gli atti di stato civile formati in un altro Paese dovranno essere consegnati gi\u00e0 formalmente perfezionati<\/strong> (legalizzati dalla Rappresentanza diplomatico-consolare italiana del Paese di emissione degli atti o muniti di Apostille dell\u2019Aja) e con traduzione all\u2019italiano autenticata dalla Rappresentanza diplomatico-consolare italiana competente.<\/p>\n<p style=\"text-align: justify;\"><strong>Non si possono accettare traduzioni nella forma di modelli bilingue rilasciati dall\u2019Ufficio del Registro Civil,<\/strong><\/p>\n<p style=\"text-align: justify;\"><strong>Per richiedere il certificato di mancata naturalizzazione al Poder Judicial<\/strong>, utilizzare il seguente link: <a href=\"http:\/\/www.pjn.gov.ar\/\">http:\/\/www.pjn.gov.ar\u00a0 <\/a>(-&gt; Justicia Nacional Electoral -&gt; Tr\u00e1mites y formularios -&gt; &#8220;Solicitud de certificado de NO CIUDADANO ARGENTINO&#8221;).<\/p>\n<p><strong>FIGLI ADOTTIVI<br \/>\n<\/strong>Per quanto riguarda i <strong>figli adottivi<\/strong>, oltre alla documentazione sopraindicata, dovr\u00e0 essere presentata la seguente documentazione:<br \/>\n&#8211; Dichiarazione sostitutiva di certificazione sottoscritta dall\u2019adottato;<br \/>\n&#8211; COPIA certificata della SENTENZA di adozione rilasciata dal Tribunale che ha emesso detta sentenza, con la Postilla dell\u2019Aja e traduzione in italiano.<br \/>\n&#8211; CERTIFICATO rilasciato dal Tribunale competente riguardante la data di passato in giudicato della sentenza di adozione, con la Postilla dell\u2019Aja e traduzione in italiano.<\/p>\n<p><strong>ATTI DIGITALI<br \/>\n<\/strong>Gli <strong>atti digitali<\/strong> rilasciati dagli uffici dello Stato Civile argentino dovranno essere verificati mediante codice di validazione o QR.<br \/>\nTale verifica, non costituisce una garanzia dell\u2019effettiva trascrizione dell\u2019atto da parte del Comune in Italia.<\/p>\n<p style=\"text-align: justify;\">Nel caso degli atti rilasciati dagli uffici dello Stato Civile delle province di Misiones ed Entre R\u00edos, si accetter\u00e0:<br \/>\n&#8211; Atto firmato in originale dal responsabile dell\u2019Ufficio dello Stato Civile<br \/>\nOppure<br \/>\n&#8211; Atto firmato digitalmente, con APOSTILLE DELL\u2019AIA<\/p>\n<p style=\"text-align: justify;\">Si dovr\u00e0 inoltre accertare che l\u2019atto consegnato sia <strong>LEGGIBILE<\/strong>.<\/p>\n<p style=\"text-align: justify;\">L\u2019autorit\u00e0 competente ad effettuare l\u2019accertamento della cittadinanza \u00e8 determinata in base al <strong><u>luogo di residenza<\/u><\/strong>: per i residenti all\u2019estero \u00e8 l\u2019Ufficio consolare territorialmente competente. L\u2019istanza di ricostruzione deve essere presentata presso il Consolato competente territorialmente per il luogo di residenza del richiedente. Secondo il Codice Civile italiano la residenza \u00e8 il luogo dove la persona ha la sua dimora abituale.<\/p>\n<p style=\"text-align: justify;\">La circoscrizione consolare di questo Consolato Generale comprende le province di Santa Fe, Entre R\u00edos, Corrientes, Misiones, Formosa, Chaco e nord della provincia di Buenos Aires (partidos di Pergamino, Arrecifes, Carmen de Areco, Capit\u00e1n Sarmiento, Col\u00f3n, Ramallo, Rojas, Salto e San Nicol\u00e1s).<\/p>\n<p style=\"text-align: justify;\">Verr\u00e0 effettuato un controllo informatico volto a verificare la geolocalizzazione del dispositivo con cui si \u00e8 ottenuto il turno.\u00a0<b><u>Nel caso in cui, da tale controllo, emerga che il dispositivo utilizzato sia localizzato fuori dal territorio di questa circoscrizione consolare o in altro Paese, ivi compresa l\u2019Italia, il turno verr\u00e0 automaticamente cancellato poich\u00e9 non riconducibile a utente residente in questa circoscrizione consolare. <\/u><\/b>Tale misura si rende necessaria al fine di garantire l\u2019effettiva fruibilit\u00e0 dei turni all\u2019utenza residente ed evitare interferenze da parte di soggetti terzi che si trovino altrove. I turni cancellati verranno rimessi a disposizione dell\u2019utenza con una tempistica gestita dal sistema informatico in maniera totalmente casuale, e comunque prima della pubblicazione dei successivi turni gi\u00e0 programmati, che seguiranno lo stesso iter appena descritto. Si invita dunque tutta l\u2019utenza interessata a collegarsi da\u00a0<b><u>postazioni localizzate esclusivamente nel territorio di questa circoscrizione consolare<\/u><\/b>\u00a0e di farlo, oltre che nei giorni e orari consueti, anche in altri momenti della settimana.<\/p>\n","protected":false},"excerpt":{"rendered":"Se l\u2019interessato decide di consegnare la documentazione recandosi direttamente in Consolato potr\u00e0 farsi autenticare la firma da un funzionario consolare. In questo caso, dovr\u00e0 prendere un turno tramite Prenot@Mi scegliendo la tipologia di turno \u201cCittadinanza iure sanguinis (autentica in Sede)\u201d. Il giorno indicato nel turno ottenuto da Prenot@Mi presentarsi con: &#8211; tutta la documentazione necessaria, [&hellip;]","protected":false},"author":10,"featured_media":0,"parent":8356,"menu_order":1,"comment_status":"closed","ping_status":"closed","template":"","meta":{"footnotes":""},"class_list":["post-8953","page","type-page","status-publish","hentry"],"_links":{"self":[{"href":"https:\/\/consrosario.esteri.it\/it\/wp-json\/wp\/v2\/pages\/8953","targetHints":{"allow":["GET"]}}],"collection":[{"href":"https:\/\/consrosario.esteri.it\/it\/wp-json\/wp\/v2\/pages"}],"about":[{"href":"https:\/\/consrosario.esteri.it\/it\/wp-json\/wp\/v2\/types\/page"}],"author":[{"embeddable":true,"href":"https:\/\/consrosario.esteri.it\/it\/wp-json\/wp\/v2\/users\/10"}],"replies":[{"embeddable":true,"href":"https:\/\/consrosario.esteri.it\/it\/wp-json\/wp\/v2\/comments?post=8953"}],"version-history":[{"count":3,"href":"https:\/\/consrosario.esteri.it\/it\/wp-json\/wp\/v2\/pages\/8953\/revisions"}],"predecessor-version":[{"id":10756,"href":"https:\/\/consrosario.esteri.it\/it\/wp-json\/wp\/v2\/pages\/8953\/revisions\/10756"}],"up":[{"embeddable":true,"href":"https:\/\/consrosario.esteri.it\/it\/wp-json\/wp\/v2\/pages\/8356"}],"wp:attachment":[{"href":"https:\/\/consrosario.esteri.it\/it\/wp-json\/wp\/v2\/media?parent=8953"}],"curies":[{"name":"wp","href":"https:\/\/api.w.org\/{rel}","templated":true}]}}