{"id":93,"date":"2023-04-03T19:30:19","date_gmt":"2023-04-03T17:30:19","guid":{"rendered":"https:\/\/consolatozurigo.esteri.it\/?page_id=93"},"modified":"2026-03-27T10:57:32","modified_gmt":"2026-03-27T13:57:32","slug":"pensioni-e-sicurezza-sociale","status":"publish","type":"page","link":"https:\/\/consrosario.esteri.it\/it\/servizi-consolari-e-visti\/servizi-per-il-cittadino-italiano\/pensioni-e-sicurezza-sociale\/","title":{"rendered":"Pensioni e sicurezza sociale"},"content":{"rendered":"<p style=\"text-align: justify;\"><strong>Informazioni generali<\/strong><br \/>\nLa procedura per il perfezionamento delle pratiche di pensione in convenzione italo-argentina (Portale INPS) viene effettuata gratuitamente attraverso gli Enti di Patronato riconosciuti dalla Legge italiana e non \u00e8 quindi necessario l\u2019intervento di avvocati, procuratori o intermediari, che risulta oneroso e non riduce i tempi per l\u2019ottenimento del beneficio.<\/p>\n<p style=\"text-align: justify;\"><strong>Certificato di esistenza in vita &#8211; 2026<\/strong><br \/>\nSi informa che l\u2019INPS ha comunicato l\u2019avvio della campagna di verifica dell\u2019esistenza in vita dei pensionati residenti all\u2019estero. La campagna si svolger\u00e0 a partire\u00a0<strong>dal 20 marzo e fino al 18 luglio 2026<\/strong>.<br \/>\nQuesto Consolato Generale mette a disposizione degli utenti la possibilit\u00e0 di svolgere la suddetta verifica tramite videochiamata, da prenotare inviando una email all\u2019indirizzo:<br \/>\n<a href=\"mailto:rosario.pensioni@esteri.it\">rosario.pensioni@esteri.it<\/a>.<br \/>\nNella richiesta, sar\u00e0 necessario allegare il modulo inviato da Citibank compilato in ogni sua parte e firmato dall\u2019interessato, oltre a una copia del DNI del richiedente. Dovr\u00e0, inoltre, essere indicato un numero di telefono cellulare che verr\u00e0 utilizzato dal personale del Consolato per effettuare la videochiamata.<br \/>\nSi ricorda che rimane sempre prevista la possibilit\u00e0 di verificare l\u2019esistenza in vita del pensionato tramite modalit\u00e0 presenziale, recandosi presso la Sede di questo Consolato Generale (Montevideo 2182) dal luned\u00ec al venerd\u00ec, dalle ore 8:30 alle ore 11:30.<br \/>\nIn questo caso, l\u2019interessato dovr\u00e0 presentarsi con il formulario inviato da Citibank compilato e firmato e il DNI.<\/p>\n<p style=\"text-align: justify;\"><strong>Pensione di vecchiaia \u2013 di anzianit\u00e0 \u2013 di invalidit\u00e0 civile<\/strong><br \/>\nMaggiori informazioni sul sito web dell&#8217;I.N.P.S. [<a href=\"http:\/\/www.inps.it\/portale\/default.aspx?sID=0%3b5773%3b5902%3b6004%3b6021%3b6028%3b&amp;lastMenu=6028&amp;iMenu=1\" target=\"_blank\" rel=\"noopener\"><strong>cliccare qui<\/strong><\/a>]<\/p>\n<p style=\"text-align: justify;\"><strong>Assegno Sociale<\/strong><br \/>\nNon hanno diritto all\u2019assegno sociale n\u00e9 alla pensione per invalidit\u00e0 civile i cittadini italiani che risiedono all\u2019estero, ed \u00e8 illegale riscuoterlo tramite un procuratore in Italia.<br \/>\nL\u2019Ufficio Pensioni controlla l\u2019esistenza di tali pensioni che sono tempestivamente segnalate all\u2019ufficio I.N.P.S. competente territorialmente per la sospensione e per l\u2019ulteriore recupero delle somme indebitamente riscosse.<br \/>\nMaggiori informazioni sul sito web dell&#8217;I.N.P.S. [<a href=\"http:\/\/www.inps.it\/portale\/default.aspx?sID=0%3B5773%3B5902%3B6004%3B6011%3B&amp;lastMenu=6011&amp;iMenu=1\" target=\"_blank\" rel=\"noopener\"><strong>cliccare qui<\/strong><\/a>]<\/p>\n","protected":false},"excerpt":{"rendered":"Informazioni generali La procedura per il perfezionamento delle pratiche di pensione in convenzione italo-argentina (Portale INPS) viene effettuata gratuitamente attraverso gli Enti di Patronato riconosciuti dalla Legge italiana e non \u00e8 quindi necessario l\u2019intervento di avvocati, procuratori o intermediari, che risulta oneroso e non riduce i tempi per l\u2019ottenimento del beneficio. Certificato di esistenza in [&hellip;]","protected":false},"author":1,"featured_media":0,"parent":59,"menu_order":20,"comment_status":"closed","ping_status":"closed","template":"","meta":{"footnotes":""},"class_list":["post-93","page","type-page","status-publish","hentry"],"_links":{"self":[{"href":"https:\/\/consrosario.esteri.it\/it\/wp-json\/wp\/v2\/pages\/93","targetHints":{"allow":["GET"]}}],"collection":[{"href":"https:\/\/consrosario.esteri.it\/it\/wp-json\/wp\/v2\/pages"}],"about":[{"href":"https:\/\/consrosario.esteri.it\/it\/wp-json\/wp\/v2\/types\/page"}],"author":[{"embeddable":true,"href":"https:\/\/consrosario.esteri.it\/it\/wp-json\/wp\/v2\/users\/1"}],"replies":[{"embeddable":true,"href":"https:\/\/consrosario.esteri.it\/it\/wp-json\/wp\/v2\/comments?post=93"}],"version-history":[{"count":2,"href":"https:\/\/consrosario.esteri.it\/it\/wp-json\/wp\/v2\/pages\/93\/revisions"}],"predecessor-version":[{"id":12648,"href":"https:\/\/consrosario.esteri.it\/it\/wp-json\/wp\/v2\/pages\/93\/revisions\/12648"}],"up":[{"embeddable":true,"href":"https:\/\/consrosario.esteri.it\/it\/wp-json\/wp\/v2\/pages\/59"}],"wp:attachment":[{"href":"https:\/\/consrosario.esteri.it\/it\/wp-json\/wp\/v2\/media?parent=93"}],"curies":[{"name":"wp","href":"https:\/\/api.w.org\/{rel}","templated":true}]}}